{"id":27319,"date":"2024-04-09T20:49:41","date_gmt":"2024-04-09T20:49:41","guid":{"rendered":"https:\/\/cheveuxluxe.com\/index.php\/product\/osmo-super-silver-masque-cheveux-no-yellow-100ml\/"},"modified":"2024-04-13T14:13:21","modified_gmt":"2024-04-13T14:13:21","slug":"osmo-super-silver-masque-cheveux-no-yellow-100ml","status":"publish","type":"product","link":"https:\/\/cheveuxluxe.com\/index.php\/product\/osmo-super-silver-masque-cheveux-no-yellow-100ml\/","title":{"rendered":"Osmo Super Silver Masque Cheveux No Yellow 100ml"},"content":{"rendered":"<div class=\"product-content_bottom\">\n<div class=\"pdp-info\">\n<div class=\"pdp-tabs tab-container\">\n<div class=\"tab js-tab\">\n<h3 class=\"tab-title pdp-tabs_title js-tab-mobile-title open\"><span>Points cl\u00e9s<\/span><\/h3>\n<div class=\"tab-description pdp-tabs_description js-tab-description open\" itemprop=\"description\">\n<ul>\n<li>Formule sans sulfate sp\u00e9cialement con\u00e7ue pour une utilisation sur les cheveux super-\u00e9claircis, gris ou d\u00e9color\u00e9s<\/li>\n<li>Aide \u00e0 \u00e9liminer les teintes jaunes ind\u00e9sirables<\/li>\n<li>Change la couleur des cheveux pour des tons argent\u00e9s ou cendr\u00e9s<\/li>\n<li>Formul\u00e9 avec des pigments super-violets<\/li>\n<li>Convient pour les cheveux naturels et synth\u00e9tiques<\/li>\n<\/ul>\n<\/div>\n<\/div>\n<div class=\"tab js-tab\">\n<h3 class=\"tab-title pdp-tabs_title js-tab-mobile-title\"><span>Description<\/span><\/h3>\n<div class=\"tab-description pdp-tabs_description js-tab-description\" itemprop=\"description\">Un masque de traitement intens\u00e9ment hydratant sans sulfate avec des pigments violets pour reconstituer l&rsquo;humidit\u00e9 perdue et neutraliser les tons jaunes. Laisse les cheveux blonds, gris et blanchis nourris, sains et plus radieux. Utiliser en association avec OSMO\u00ae No Yellow Shampoo pour obtenir des r\u00e9sultats optimaux.<\/div>\n<\/div>\n<div class=\"tab js-tab\">\n<h3 class=\"tab-title pdp-tabs_title js-tab-mobile-title\"><span>Mode d&#8217;emploi<\/span><\/h3>\n<div class=\"tab-description pdp-tabs_description js-tab-description\">Appliquer sur cheveux essor\u00e9s, en insistant sur les longueurs moyennes jusqu&rsquo;aux extr\u00e9mit\u00e9s. Laisser poser environ 3 \u00e0 5 minutes avant de rincer abondamment. L&rsquo;ajout de chaleur intensifiera le traitement.<\/div>\n<\/div>\n<div class=\"tab js-tab\">\n<h3 class=\"tab-title pdp-tabs_title js-tab-mobile-title\"><span>Ingr\u00e9dients<\/span><\/h3>\n<div class=\"tab-description pdp-tabs_description js-tab-description\">Aqua (Water), Cetearyl Alcohol, Paraffinum Liquidum (Mineral Oil), Petrolatum, Cetrimonium Chloride, Lanolin Alcohol, Hydrolyzed Soy Protein, Simmondsia Chinensis (Jojoba)Seed Oil, Linum Usitatissimum (Linseed) Oil, HelianthusAnnuus (Sunflower) Seed Oil, Rosa Centifolia FlowerExtract, Tocopheryl Acetate, Panthenol, CocamidopropylBetaine, Butylene Glycol, Parfum (Fragrance), Limonene, Benzophenone-3, Benzophenone-4, Phenoxyethanol, Triethylene Glycol, Sodium Benzoate, Potassium Sorbate, Acid Violet 43, CI 17200 (D&amp;C Red No.33)<\/div>\n<\/div>\n<div class=\"tab js-tab\">\n<h3 class=\"tab-title pdp-tabs_title js-tab-mobile-title\"><span>Livraison et stock<\/span><\/h3>\n<div class=\"tab-description pdp-tabs_description js-tab-description\">\n<div class=\"pdp-delivery_info\">\n<div class=\"content-asset\">Livraison et d\u00e9laisRetours et remboursements<\/div>\n<\/div>\n<\/div>\n<\/div>\n<div class=\"tab js-tab\">\n<h3 class=\"tab-title pdp-tabs_title js-tab-mobile-title\"><span>Pr\u00e9cautions d&#8217;emploi<\/span><\/h3>\n<div class=\"tab-description pdp-tabs_description js-tab-description\">Ce produit peut tacher la peau, les v\u00eatements et d&rsquo;autres surfaces. Portez des gants. Testez sur la peau avant utilisation. Usage externe uniquement. \u00c9vitez le contact avec les yeux. USAGE PROFESSIONNEL UNIQUEMENT.<\/div>\n<\/div>\n<\/div>\n<\/div>\n<\/div>\n","protected":false},"excerpt":{"rendered":"<p>Points cl\u00e9s Formule sans sulfate sp\u00e9cialement con\u00e7ue pour une utilisation sur les cheveux super-\u00e9claircis, gris&hellip;<\/p>\n","protected":false},"featured_media":19638,"comment_status":"open","ping_status":"closed","template":"","meta":[],"pwb-brand":[661],"product_cat":[598],"product_tag":[385,127,599],"class_list":{"0":"post-27319","1":"product","2":"type-product","3":"status-publish","4":"has-post-thumbnail","6":"pwb-brand-osmo","7":"product_cat-type-de-cheveux","8":"product_tag-osmo","9":"product_tag-shampooing-et-coiffure","10":"product_tag-type-de-cheveux","12":"first","13":"instock","14":"taxable","15":"shipping-taxable","16":"purchasable","17":"product-type-simple","18":"layout-style-3","19":"col-md-4 col-sm-4 col-xs-6","20":"col-lg-3","21":"product-style-default"},"aioseo_notices":[],"brands":[{"id":661,"name":"Osmo","slug":"osmo"}],"_links":{"self":[{"href":"https:\/\/cheveuxluxe.com\/index.php\/wp-json\/wp\/v2\/product\/27319","targetHints":{"allow":["GET"]}}],"collection":[{"href":"https:\/\/cheveuxluxe.com\/index.php\/wp-json\/wp\/v2\/product"}],"about":[{"href":"https:\/\/cheveuxluxe.com\/index.php\/wp-json\/wp\/v2\/types\/product"}],"replies":[{"embeddable":true,"href":"https:\/\/cheveuxluxe.com\/index.php\/wp-json\/wp\/v2\/comments?post=27319"}],"version-history":[{"count":0,"href":"https:\/\/cheveuxluxe.com\/index.php\/wp-json\/wp\/v2\/product\/27319\/revisions"}],"wp:featuredmedia":[{"embeddable":true,"href":"https:\/\/cheveuxluxe.com\/index.php\/wp-json\/wp\/v2\/media\/19638"}],"wp:attachment":[{"href":"https:\/\/cheveuxluxe.com\/index.php\/wp-json\/wp\/v2\/media?parent=27319"}],"wp:term":[{"taxonomy":"pwb-brand","embeddable":true,"href":"https:\/\/cheveuxluxe.com\/index.php\/wp-json\/wp\/v2\/pwb-brand?post=27319"},{"taxonomy":"product_cat","embeddable":true,"href":"https:\/\/cheveuxluxe.com\/index.php\/wp-json\/wp\/v2\/product_cat?post=27319"},{"taxonomy":"product_tag","embeddable":true,"href":"https:\/\/cheveuxluxe.com\/index.php\/wp-json\/wp\/v2\/product_tag?post=27319"}],"curies":[{"name":"wp","href":"https:\/\/api.w.org\/{rel}","templated":true}]}}