{"id":27320,"date":"2024-04-09T20:49:41","date_gmt":"2024-04-09T20:49:41","guid":{"rendered":"https:\/\/cheveuxluxe.com\/index.php\/product\/vitalitys-shampoing-pour-homme-cheveux-gris\/"},"modified":"2024-04-13T14:13:29","modified_gmt":"2024-04-13T14:13:29","slug":"vitalitys-shampoing-pour-homme-cheveux-gris","status":"publish","type":"product","link":"https:\/\/cheveuxluxe.com\/index.php\/product\/vitalitys-shampoing-pour-homme-cheveux-gris\/","title":{"rendered":"Vitality&rsquo;s Shampoing pour homme Cheveux Gris"},"content":{"rendered":"<div class=\"product-content_bottom\">\n<div class=\"pdp-info\">\n<div class=\"pdp-tabs tab-container\">\n<div class=\"tab js-tab\">\n<h3 class=\"tab-title pdp-tabs_title js-tab-mobile-title open\"><span>Points cl\u00e9s<\/span><\/h3>\n<div class=\"tab-description pdp-tabs_description js-tab-description open\" itemprop=\"description\">\n<ul>\n<li> D\u00e9jaunissant<\/li>\n<li>Hydratant<\/li>\n<li>Apaisant<\/li>\n<li>Nourrissant<\/li>\n<li>Vitalit\u00e9 <\/li>\n<\/ul>\n<\/div>\n<\/div>\n<div class=\"tab js-tab\">\n<h3 class=\"tab-title pdp-tabs_title js-tab-mobile-title\"><span>Description<\/span><\/h3>\n<div class=\"tab-description pdp-tabs_description js-tab-description\" itemprop=\"description\">Le shampooing For Man Silver de Vitality\u2019s prend soin de vos cheveux gris, en l\u2019utilisant quotidiennement, vous \u00e9viterez qu\u2019ils ne gardent leur reflet d\u00e9sagr\u00e9able. Le shampooing de Vitality\u2019s utilise des colorants bleus pour neutraliser les tonalit\u00e9s jaunes et lutter contre la perte de brillance des cheveux blancs ou gris.Sa formulation donne une nouvelle force au cuir chevelu, le quinoa hydrate, apaise et le nourrit et l\u2019action du gingembre le tonifie. Les prot\u00e9ines de soja contribuent \u00e0 exalter la brillance et la vitalit\u00e9 de la fibre capillaire pour un rendu impeccable.La gamme For Man de Vitality\u2019s prend soin des hommes et de leurs cheveux, elle r\u00e9pond \u00e0 cette attente en leur proposant des produits adapt\u00e9s<\/div>\n<\/div>\n<div class=\"tab js-tab\">\n<h3 class=\"tab-title pdp-tabs_title js-tab-mobile-title\"><span>Mode d&#8217;emploi<\/span><\/h3>\n<div class=\"tab-description pdp-tabs_description js-tab-description\">Appliquer sur cheveux humides et masser d\u00e9licatement le cuir chevelu. Emulsionner avec un peu d\u2019eau. Laisser agir quelques minutes puis rincer soigneusement.<\/div>\n<\/div>\n<div class=\"tab js-tab\">\n<h3 class=\"tab-title pdp-tabs_title js-tab-mobile-title\"><span>Ingr\u00e9dients<\/span><\/h3>\n<div class=\"tab-description pdp-tabs_description js-tab-description\">AQUA (WATER), DISODIUM COCOAMPHODIACETATE, COCAMIDOPROPYL BETAINE, LAURETH-6 CARBOXYLIC ACID, POLYQUATERNIUM-55, PALMITAMIDOPROPYLTRIMONIUM CHLORIDE, COCAMIDOPROPYLAMINE OXYDE, GLYCINE SOJA PROTEIN, GLYCINE SOJA OIL, LECITHIN, CHENOPODIUM QUINOA SEED EXTRACT, ZINGIBER OFFICINALE (GINGER) ROOT EXTRACT, POLYQUATERNIUM-7, PEG-90 GLYCERYL ISOSTEARATE, CITRIC ACID, PHENOXYETHANOL, ETHYLHEXYLGLYCERIN, PROPYLENE GLYCOL, IMIDAZOLIDINYL UREA, LAURETH-2, BUTYLENE GLYCOL, DISPERSE VIOLET 1, BASIC BLUE 99, ALPHA-ISOMETHYL IONONE, BUTYLPHENYL METHYLPROPIONAL, COUMARIN, LIMONENE, PARFUM (FRAGRANCE).<\/div>\n<\/div>\n<div class=\"tab js-tab\">\n<h3 class=\"tab-title pdp-tabs_title js-tab-mobile-title\"><span>Livraison et stock<\/span><\/h3>\n<div class=\"tab-description pdp-tabs_description js-tab-description\">\n<div class=\"pdp-delivery_info\">\n<div class=\"content-asset\">Livraison et d\u00e9laisRetours et remboursements<\/div>\n<\/div>\n<\/div>\n<\/div>\n<\/div>\n<\/div>\n<\/div>\n","protected":false},"excerpt":{"rendered":"<p>Points cl\u00e9s D\u00e9jaunissant Hydratant Apaisant Nourrissant Vitalit\u00e9 Description Le shampooing For Man Silver de Vitality\u2019s&hellip;<\/p>\n","protected":false},"featured_media":19799,"comment_status":"open","ping_status":"closed","template":"","meta":[],"pwb-brand":[651],"product_cat":[598],"product_tag":[127,599,333],"class_list":{"0":"post-27320","1":"product","2":"type-product","3":"status-publish","4":"has-post-thumbnail","6":"pwb-brand-vitalitys","7":"product_cat-type-de-cheveux","8":"product_tag-shampooing-et-coiffure","9":"product_tag-type-de-cheveux","10":"product_tag-vitalitys","12":"first","13":"instock","14":"taxable","15":"shipping-taxable","16":"purchasable","17":"product-type-simple","18":"layout-style-3","19":"col-md-4 col-sm-4 col-xs-6","20":"col-lg-3","21":"product-style-default"},"aioseo_notices":[],"brands":[{"id":651,"name":"Vitality's","slug":"vitalitys"}],"_links":{"self":[{"href":"https:\/\/cheveuxluxe.com\/index.php\/wp-json\/wp\/v2\/product\/27320","targetHints":{"allow":["GET"]}}],"collection":[{"href":"https:\/\/cheveuxluxe.com\/index.php\/wp-json\/wp\/v2\/product"}],"about":[{"href":"https:\/\/cheveuxluxe.com\/index.php\/wp-json\/wp\/v2\/types\/product"}],"replies":[{"embeddable":true,"href":"https:\/\/cheveuxluxe.com\/index.php\/wp-json\/wp\/v2\/comments?post=27320"}],"version-history":[{"count":0,"href":"https:\/\/cheveuxluxe.com\/index.php\/wp-json\/wp\/v2\/product\/27320\/revisions"}],"wp:featuredmedia":[{"embeddable":true,"href":"https:\/\/cheveuxluxe.com\/index.php\/wp-json\/wp\/v2\/media\/19799"}],"wp:attachment":[{"href":"https:\/\/cheveuxluxe.com\/index.php\/wp-json\/wp\/v2\/media?parent=27320"}],"wp:term":[{"taxonomy":"pwb-brand","embeddable":true,"href":"https:\/\/cheveuxluxe.com\/index.php\/wp-json\/wp\/v2\/pwb-brand?post=27320"},{"taxonomy":"product_cat","embeddable":true,"href":"https:\/\/cheveuxluxe.com\/index.php\/wp-json\/wp\/v2\/product_cat?post=27320"},{"taxonomy":"product_tag","embeddable":true,"href":"https:\/\/cheveuxluxe.com\/index.php\/wp-json\/wp\/v2\/product_tag?post=27320"}],"curies":[{"name":"wp","href":"https:\/\/api.w.org\/{rel}","templated":true}]}}