{"id":27322,"date":"2024-04-09T20:49:42","date_gmt":"2024-04-09T20:49:42","guid":{"rendered":"https:\/\/cheveuxluxe.com\/index.php\/product\/loreal-professionnel-serie-expert-blondifier-gloss-shampooing-500ml\/"},"modified":"2024-04-13T14:21:53","modified_gmt":"2024-04-13T14:21:53","slug":"loreal-professionnel-serie-expert-blondifier-gloss-shampooing-500ml","status":"publish","type":"product","link":"https:\/\/cheveuxluxe.com\/index.php\/product\/loreal-professionnel-serie-expert-blondifier-gloss-shampooing-500ml\/","title":{"rendered":"L&rsquo;Or\u00e9al Professionnel S\u00e9rie Expert Blondifier Gloss Shampooing 500ml"},"content":{"rendered":"<div class=\"product-content_bottom\">\n<div class=\"pdp-info\">\n<div class=\"pdp-tabs tab-container\">\n<div class=\"tab js-tab\">\n<h3 class=\"tab-title pdp-tabs_title js-tab-mobile-title open\"><span>Points cl\u00e9s<\/span><\/h3>\n<div class=\"tab-description pdp-tabs_description js-tab-description open\" itemprop=\"description\">\n<ul>\n<li>Contenant des extraits de baie d&rsquo;a\u00e7a\u00ef riches en polyph\u00e9nols, le Shampoing Blondifier Gloss sublime et nourrit les cheveux blonds.<\/li>\n<\/ul>\n<\/div>\n<\/div>\n<div class=\"tab js-tab\">\n<h3 class=\"tab-title pdp-tabs_title js-tab-mobile-title\"><span>Description<\/span><\/h3>\n<div class=\"tab-description pdp-tabs_description js-tab-description\" itemprop=\"description\">Sp\u00e9cialement con\u00e7u pour les cheveux blonds, m\u00e9ch\u00e9s ou d\u00e9color\u00e9s, le Shampoing Blondifier Gloss lave et nourrit la fibre capillaire en profondeur. Ce Shampoing est id\u00e9al pour les cheveux ab\u00eem\u00e9s par les d\u00e9colorations. Il adoucit les cheveux blonds et les rend brillants, souples et faciles \u00e0 coiffer. Doux, il convient \u00e0 une utilisation fr\u00e9quente et peut donc \u00eatre employ\u00e9 au quotidien.<\/p>\n<p>Apr\u00e8s votre Shampoing Blondifier Gloss, vous pouvez appliquer le masque Blondifier pour une r\u00e9paration en douceur et en profondeur. Avec sa gamme d\u00e9di\u00e9e aux cheveux blonds, L&rsquo;Or\u00e9al Professionnel met son savoir-faire \u00e0 votre service afin de vous aider \u00e0 sublimer vos cheveux. Ces soins pour cheveux offrent des r\u00e9sultats visibles d\u00e8s la premi\u00e8re application, laissant votre chevelure brillante et en pleine sant\u00e9.<\/p><\/div>\n<\/div>\n<div class=\"tab js-tab\">\n<h3 class=\"tab-title pdp-tabs_title js-tab-mobile-title\"><span>Mode d&#8217;emploi<\/span><\/h3>\n<div class=\"tab-description pdp-tabs_description js-tab-description\">Mouillez les cheveux et r\u00e9partir quelques noisettes de Shampoing sur l&rsquo;ensemble de la chevelure.<br \/>Massez le cuir chevelu tout en \u00e9mulsionnant le Shampoing du bout des doigts.<br \/>Rincez abondamment et appliquez le masque Blondifier pour un r\u00e9sultat optimal.<\/div>\n<\/div>\n<div class=\"tab js-tab\">\n<h3 class=\"tab-title pdp-tabs_title js-tab-mobile-title\"><span>Ingr\u00e9dients<\/span><\/h3>\n<div class=\"tab-description pdp-tabs_description js-tab-description\">AQUA \/ WATER, SODIUM LAURETH SULFATE, COCO-BETAINE, SODIUM CHLORIDE, LAURETH-5 CARBOXYLIC ACID, COCAMIDE MIPA, AMODIMETHICONE, SODIUM BENZOATE, SODIUM HYDROXIDE, CITRIC ACID, HEXYLENE GLYCOL, POLYQUATERNIUM-7, PEG-55 PROPYLENE GLYCOL OLEATE, PROPYLENE GLYCOL, PEG-60 HYDROGENATED CASTOR OIL, SALICYLIC ACID, TOCOPHERYL ACETATE, PANTHENOL, LINALOOL, 2-OLEAMIDO-1,3-OCTADECANEDIOL, MAGNESIUM SULFATE, BENZYL ALCOHOL, EUTERPE OLERACEA FRUIT EXTRACT, MALTODEXTRIN, CI 19140 \/ YELLOW 5, CI 14700 \/ RED 4, PARFUM \/ FRAGRANCE<\/div>\n<\/div>\n<div class=\"tab js-tab\">\n<h3 class=\"tab-title pdp-tabs_title js-tab-mobile-title\"><span>Livraison et stock<\/span><\/h3>\n<div class=\"tab-description pdp-tabs_description js-tab-description\">\n<div class=\"pdp-delivery_info\">\n<div class=\"content-asset\">Livraison et d\u00e9laisRetours et remboursements<\/div>\n<\/div>\n<\/div>\n<\/div>\n<div class=\"tab js-tab\">\n<h3 class=\"tab-title pdp-tabs_title js-tab-mobile-title\"><span>Pr\u00e9cautions d&#8217;emploi<\/span><\/h3>\n<div class=\"tab-description pdp-tabs_description js-tab-description\">En cas de contact avec les yeux,rincer avec de l&rsquo;eau imm\u00e9diatement et abondamment. Usage externe exclusivement.<\/div>\n<\/div>\n<\/div>\n<\/div>\n<\/div>\n","protected":false},"excerpt":{"rendered":"<p>Points cl\u00e9s Contenant des extraits de baie d&rsquo;a\u00e7a\u00ef riches en polyph\u00e9nols, le Shampoing Blondifier Gloss&hellip;<\/p>\n","protected":false},"featured_media":18330,"comment_status":"open","ping_status":"closed","template":"","meta":[],"pwb-brand":[649],"product_cat":[610],"product_tag":[611,325,127],"class_list":{"0":"post-27322","1":"product","2":"type-product","3":"status-publish","4":"has-post-thumbnail","6":"pwb-brand-loreal-professionnel","7":"product_cat-grands-formats","8":"product_tag-grands-formats","9":"product_tag-loreal-professionnel","10":"product_tag-shampooing-et-coiffure","12":"first","13":"instock","14":"taxable","15":"shipping-taxable","16":"purchasable","17":"product-type-simple","18":"layout-style-3","19":"col-md-4 col-sm-4 col-xs-6","20":"col-lg-3","21":"product-style-default"},"aioseo_notices":[],"brands":[{"id":649,"name":"L'Or\u00e9al Professionnel","slug":"loreal-professionnel"}],"_links":{"self":[{"href":"https:\/\/cheveuxluxe.com\/index.php\/wp-json\/wp\/v2\/product\/27322","targetHints":{"allow":["GET"]}}],"collection":[{"href":"https:\/\/cheveuxluxe.com\/index.php\/wp-json\/wp\/v2\/product"}],"about":[{"href":"https:\/\/cheveuxluxe.com\/index.php\/wp-json\/wp\/v2\/types\/product"}],"replies":[{"embeddable":true,"href":"https:\/\/cheveuxluxe.com\/index.php\/wp-json\/wp\/v2\/comments?post=27322"}],"version-history":[{"count":0,"href":"https:\/\/cheveuxluxe.com\/index.php\/wp-json\/wp\/v2\/product\/27322\/revisions"}],"wp:featuredmedia":[{"embeddable":true,"href":"https:\/\/cheveuxluxe.com\/index.php\/wp-json\/wp\/v2\/media\/18330"}],"wp:attachment":[{"href":"https:\/\/cheveuxluxe.com\/index.php\/wp-json\/wp\/v2\/media?parent=27322"}],"wp:term":[{"taxonomy":"pwb-brand","embeddable":true,"href":"https:\/\/cheveuxluxe.com\/index.php\/wp-json\/wp\/v2\/pwb-brand?post=27322"},{"taxonomy":"product_cat","embeddable":true,"href":"https:\/\/cheveuxluxe.com\/index.php\/wp-json\/wp\/v2\/product_cat?post=27322"},{"taxonomy":"product_tag","embeddable":true,"href":"https:\/\/cheveuxluxe.com\/index.php\/wp-json\/wp\/v2\/product_tag?post=27322"}],"curies":[{"name":"wp","href":"https:\/\/api.w.org\/{rel}","templated":true}]}}