{"id":27323,"date":"2024-04-09T20:49:42","date_gmt":"2024-04-09T20:49:42","guid":{"rendered":"https:\/\/cheveuxluxe.com\/index.php\/product\/panasonic-tondeuse-a-cheveux-rechargeable-a-usage-professionnel-er-hgp84-k803\/"},"modified":"2024-04-13T13:40:58","modified_gmt":"2024-04-13T13:40:58","slug":"panasonic-tondeuse-a-cheveux-rechargeable-a-usage-professionnel-er-hgp84-k803","status":"publish","type":"product","link":"https:\/\/cheveuxluxe.com\/index.php\/product\/panasonic-tondeuse-a-cheveux-rechargeable-a-usage-professionnel-er-hgp84-k803\/","title":{"rendered":"Panasonic Tondeuse \u00e0 cheveux rechargeable \u00e0 usage professionnel ER-HGP84-K803"},"content":{"rendered":"<div class=\"product-content_bottom\">\n<div class=\"pdp-info\">\n<div class=\"pdp-tabs tab-container\">\n<div class=\"tab js-tab\">\n<h3 class=\"tab-title pdp-tabs_title js-tab-mobile-title open\"><span>Points cl\u00e9s<\/span><\/h3>\n<div class=\"tab-description pdp-tabs_description js-tab-description open\" itemprop=\"description\">\n<ul>\n<li>8 longueurs de coupe avec 4 peignes accessoires<\/li>\n<li>Tranchant unique gr\u00e2ce \u00e0 l\u2019aff\u00fbtage \u00e0 45\u00b0 pour une coupe nette avec un nouveau rev\u00eatement DLC Diamond Like Carbon<\/li>\n<li>Indicateur de la hauteur de coupe avec molette de r\u00e9glage \u00e0 5 positions (0,8 mm \u00e0 2 mm par pas de 0,3mm)<\/li>\n<li>Jusqu\u2019\u00e0 50 minutes d\u2019utilisation sans fil &#8211; Recharge compl\u00e8te en 1 heure avec t\u00e9moin de recharge<\/li>\n<\/ul>\n<\/div>\n<\/div>\n<div class=\"tab js-tab\">\n<h3 class=\"tab-title pdp-tabs_title js-tab-mobile-title\"><span>Description<\/span><\/h3>\n<div class=\"tab-description pdp-tabs_description js-tab-description\" itemprop=\"description\">La tondeuse ER-HGP84-K803 de Panasonic r\u00e9pond aux exigences de qualit\u00e9 des coiffeurs professionnels. Son ergonomie optimis\u00e9e offre un confort de coupe id\u00e9al.<\/p>\n<p>Le moteur lin\u00e9aire garantit une puissance maximale et constante, quelle que soit la charge restante ou l\u2019\u00e9paisseur du cheveux pour une parfaite ma\u00eetrise de la coupe. Gr\u00e2ce aux 4 peignes fournis, stylisez les coupes en toutes simplicit\u00e9. Le support de charge fourni permet aussi bien le chargement que le rangement de la tondeuse et ses accessoires.<\/p>\n<p>Utilisable avec ou sans fil, ce mod\u00e8le vous offre jusqu\u2019\u00e0 50 min d\u2019autonomie pour r\u00e9aliser les finitions des coupes en toute libert\u00e9.<\/p>\n<p>CARACT\u00c9RISTIQUES TECHNIQUES<br \/>&#8211; Lames : Nouveau rev\u00eatement DLC et nitrure de titane (TiN)<br \/>&#8211; Accessoires inclus : 4 peignes (3 \u00e0 25 mm), Huile, Brosse de nettoyage, Pochette de rangement<br \/>&#8211; Lavable<br \/>&#8211; Molette r\u00e9glage rapide<br \/>&#8211; Indicateur de charge<br \/>&#8211; Sans fil<br \/>&#8211; Dur\u00e9e de charge : 1 heure<br \/>&#8211; Autonomie : 50 min<br \/>&#8211; Socle de charge\/rangement<br \/>&#8211; Voltage 100-240 V<br \/>&#8211; Type de batterie : Li-ion<\/p>\n<p>T\u00eate de lame compatible :<br \/>Panasonic T\u00eate de Coupe pour Tondeuse ER1512-ER1611-ER-GP80 (VR007738)<br \/>Panasonic T\u00eate de Coupe pour Tondeuse Clipper ER GP80-82 (VR044718)<\/p>\n<p>Peignes compatible :<br \/>Panasonic ER-GP80 Comb Attachment Double (VR007753)<br \/>Panasonic ER-GP80 Comb Attachment Double (VR007754)<br \/>Panasonic ER-GP80 Comb Attachment Double (VR007755)<\/div>\n<\/div>\n<div class=\"tab js-tab\">\n<h3 class=\"tab-title pdp-tabs_title js-tab-mobile-title\"><span>Mode d&#8217;emploi<\/span><\/h3>\n<div class=\"tab-description pdp-tabs_description js-tab-description\">La nouvelle lame X-taper blade 2.0 capte le cheveu au plus pr\u00e8s pour une coupe pr\u00e9cise<\/div>\n<\/div>\n<div class=\"tab js-tab\">\n<h3 class=\"tab-title pdp-tabs_title js-tab-mobile-title\"><span>Livraison et stock<\/span><\/h3>\n<div class=\"tab-description pdp-tabs_description js-tab-description\">\n<div class=\"pdp-delivery_info\">\n<div class=\"content-asset\">Livraison et d\u00e9laisRetours et remboursements<\/div>\n<\/div>\n<\/div>\n<\/div>\n<div class=\"tab js-tab\">\n<h3 class=\"tab-title pdp-tabs_title js-tab-mobile-title\"><span>Pr\u00e9cautions d&#8217;emploi<\/span><\/h3>\n<div class=\"tab-description pdp-tabs_description js-tab-description\">Conserver hors de la port\u00e9e des enfants.<\/div>\n<\/div>\n<\/div>\n<\/div>\n<\/div>\n","protected":false},"excerpt":{"rendered":"<p>Points cl\u00e9s 8 longueurs de coupe avec 4 peignes accessoires Tranchant unique gr\u00e2ce \u00e0 l\u2019aff\u00fbtage&hellip;<\/p>\n","protected":false},"featured_media":16372,"comment_status":"open","ping_status":"closed","template":"","meta":[],"pwb-brand":[664],"product_cat":[392],"product_tag":[177,393,178],"class_list":{"0":"post-27323","1":"product","2":"type-product","3":"status-publish","4":"has-post-thumbnail","6":"pwb-brand-panasonic","7":"product_cat-tondeuses-cheveux","8":"product_tag-electro-et-materiel","9":"product_tag-panasonic","10":"product_tag-tondeuses-cheveux","12":"first","13":"instock","14":"taxable","15":"shipping-taxable","16":"purchasable","17":"product-type-simple","18":"layout-style-3","19":"col-md-4 col-sm-4 col-xs-6","20":"col-lg-3","21":"product-has-gallery","22":"product-style-default"},"aioseo_notices":[],"brands":[{"id":664,"name":"Panasonic","slug":"panasonic"}],"_links":{"self":[{"href":"https:\/\/cheveuxluxe.com\/index.php\/wp-json\/wp\/v2\/product\/27323","targetHints":{"allow":["GET"]}}],"collection":[{"href":"https:\/\/cheveuxluxe.com\/index.php\/wp-json\/wp\/v2\/product"}],"about":[{"href":"https:\/\/cheveuxluxe.com\/index.php\/wp-json\/wp\/v2\/types\/product"}],"replies":[{"embeddable":true,"href":"https:\/\/cheveuxluxe.com\/index.php\/wp-json\/wp\/v2\/comments?post=27323"}],"version-history":[{"count":0,"href":"https:\/\/cheveuxluxe.com\/index.php\/wp-json\/wp\/v2\/product\/27323\/revisions"}],"wp:featuredmedia":[{"embeddable":true,"href":"https:\/\/cheveuxluxe.com\/index.php\/wp-json\/wp\/v2\/media\/16372"}],"wp:attachment":[{"href":"https:\/\/cheveuxluxe.com\/index.php\/wp-json\/wp\/v2\/media?parent=27323"}],"wp:term":[{"taxonomy":"pwb-brand","embeddable":true,"href":"https:\/\/cheveuxluxe.com\/index.php\/wp-json\/wp\/v2\/pwb-brand?post=27323"},{"taxonomy":"product_cat","embeddable":true,"href":"https:\/\/cheveuxluxe.com\/index.php\/wp-json\/wp\/v2\/product_cat?post=27323"},{"taxonomy":"product_tag","embeddable":true,"href":"https:\/\/cheveuxluxe.com\/index.php\/wp-json\/wp\/v2\/product_tag?post=27323"}],"curies":[{"name":"wp","href":"https:\/\/api.w.org\/{rel}","templated":true}]}}