{"id":27326,"date":"2024-04-09T20:49:45","date_gmt":"2024-04-09T20:49:45","guid":{"rendered":"https:\/\/cheveuxluxe.com\/index.php\/product\/wahl-tondeuse-de-coupe-magic-5-clip-sans-fil\/"},"modified":"2024-04-13T13:40:59","modified_gmt":"2024-04-13T13:40:59","slug":"wahl-tondeuse-de-coupe-magic-5-clip-sans-fil","status":"publish","type":"product","link":"https:\/\/cheveuxluxe.com\/index.php\/product\/wahl-tondeuse-de-coupe-magic-5-clip-sans-fil\/","title":{"rendered":"Wahl Tondeuse de coupe Magic 5 Clip Sans Fil"},"content":{"rendered":"<div class=\"product-content_bottom\">\n<div class=\"pdp-info\">\n<div class=\"pdp-tabs tab-container\">\n<div class=\"tab js-tab\">\n<h3 class=\"tab-title pdp-tabs_title js-tab-mobile-title open\"><span>Points cl\u00e9s<\/span><\/h3>\n<div class=\"tab-description pdp-tabs_description js-tab-description open\" itemprop=\"description\">\n<ul>\n<li>Magic Clipper sans fil avec technologie de batterie au lithium-ion<\/li>\n<li>90\u00a0minutes de r\u00e9duction de la dur\u00e9e d&rsquo;une charge de 120\u00a0minutes<\/li>\n<li>Une nouvelle technologie de dents d\u00e9cal\u00e9es pour les lames de crochetage<\/li>\n<li>Lames en acier \u00e0 haute teneur en carbone, rectifi\u00e9es avec pr\u00e9cision<\/li>\n<li>Comprend un levier conique et 8\u00a0peignes de fixation<\/li>\n<li>Taille des peignes\u00a0: 0.5, 1.5, 1 &#8211; 4, 6 &amp; 8<\/li>\n<\/ul>\n<\/div>\n<\/div>\n<div class=\"tab js-tab\">\n<h3 class=\"tab-title pdp-tabs_title js-tab-mobile-title\"><span>Description<\/span><\/h3>\n<div class=\"tab-description pdp-tabs_description js-tab-description\" itemprop=\"description\">\n<p>La WAHL 5 Star Magic Clip a \u00e9t\u00e9 con\u00e7ue sans fil avec une technologie de batterie au lithium-ion pour permettre une plus grande flexibilit\u00e9 pendant que vous coupez. Une coupe de pr\u00e9cision d&rsquo;une dur\u00e9e de 90\u00a0minutes \u00e0 partir d&rsquo;une charge de 120\u00a0minutes sur batterie qui restera constante tout au long de la coupe. Ce design classique et \u00e9l\u00e9gant est ergonomique et l\u00e9ger pour un confort et une facilit\u00e9 d&rsquo;utilisation lors de la prise en main. Dot\u00e9es de la nouvelle technologie de lame \u00e0 dents d\u00e9cal\u00e9es, elles permettent \u00e0 plus de cheveux de passer \u00e0 travers la lame en m\u00eame temps, ce qui est id\u00e9al pour les types de cheveux plus \u00e9pais et pour assurer une coupe plus r\u00e9guli\u00e8re et un d\u00e9grad\u00e9 impeccable. Les lames de haute pr\u00e9cision, r\u00e9sistantes \u00e0 la rouille, sont chrom\u00e9es et con\u00e7ues de mani\u00e8re experte pour une qualit\u00e9 exceptionnelle, un tranchant durable et une coupe pr\u00e9cise. Un levier pratique permet de r\u00e9gler facilement la lame de coupe sans changer de lame, et les 8\u00a0peignes de fixation (inclus) offrent des niveaux de coupe polyvalents de 0,5, 1,5, 1 &#8211; 4, 6 et 8. Cet article est garanti 2\u00a0ans.<\/p>\n<p><b>Accessoires inclus\u00a0: <\/b><\/p>\n<ul style=\"margin-left: 15px;\">\n<li>8\u00a0peignes clippeurs \u00e0 attaches premium\u00a0: 1\u00bd\u00a0mm, 3\u00a0mm, 4\u00bd\u00a0mm, 6\u00a0mm, 10\u00a0mm,13\u00a0mm, 19\u00a0mm, 25\u00a0mm<\/li>\n<li>Brosse de nettoyage<\/li>\n<li>Huile pour petites lames<\/li>\n<li>Garde de lame<\/li>\n<\/ul>\n<p><b>Sp\u00e9cification\u00a0: <\/b><\/p>\n<ul style=\"margin-left: 15px;\">\n<li>Cordon et sans fil<\/li>\n<li>Temps de fonctionnement sans fil\u00a0: 90\u00a0minutes<\/li>\n<li>Temps de chargement sans fil\u00a0: 120\u00a0minutes<\/li>\n<li>Batterie au lithium-ion<\/li>\n<li>Dur\u00e9e de fonctionnement du r\u00e9seau\u00a0: Tension d&rsquo;alimentation continue\u00a0: 100-240 V<\/li>\n<li>Longueur du c\u00e2ble\u00a0: 2,4\u00a0m\u00e8tres<\/li>\n<li>Unit\u00e9 d&rsquo;entra\u00eenement\u00a0: Moteur \u00e0 courant continu Lithium-ion, 5500 tr\/min<\/li>\n<li>Poids\u00a0: 290\u00a0g (sans c\u00e2ble)<\/li>\n<li>Jeu de lames\u00a0: 02161-400 &#8211; Longueur de coupe\u00a0: 0,8-2,5\u00a0mm et largeur de coupe\u00a0: 40\u00a0mm<\/li>\n<li>Garantie\u00a0: 2\u00a0ans<\/li>\n<\/ul>\n<p>\u00a0<\/p>\n<p><strong>T\u00eate de coupe :<\/strong>\u00a0VR029922<\/p>\n<p>\u00a0<\/p>\n<\/div>\n<\/div>\n<div class=\"tab js-tab\">\n<h3 class=\"tab-title pdp-tabs_title js-tab-mobile-title\"><span>Livraison et stock<\/span><\/h3>\n<div class=\"tab-description pdp-tabs_description js-tab-description\">\n<div class=\"pdp-delivery_info\">\n<div class=\"content-asset\">Livraison et d\u00e9laisRetours et remboursements<\/div>\n<\/div>\n<\/div>\n<\/div>\n<\/div>\n<\/div>\n<\/div>\n","protected":false},"excerpt":{"rendered":"<p>Points cl\u00e9s Magic Clipper sans fil avec technologie de batterie au lithium-ion 90\u00a0minutes de r\u00e9duction&hellip;<\/p>\n","protected":false},"featured_media":27325,"comment_status":"open","ping_status":"closed","template":"","meta":[],"pwb-brand":[666],"product_cat":[392],"product_tag":[177,178,397],"class_list":{"0":"post-27326","1":"product","2":"type-product","3":"status-publish","4":"has-post-thumbnail","6":"pwb-brand-wahl","7":"product_cat-tondeuses-cheveux","8":"product_tag-electro-et-materiel","9":"product_tag-tondeuses-cheveux","10":"product_tag-wahl","12":"first","13":"instock","14":"taxable","15":"shipping-taxable","16":"purchasable","17":"product-type-simple","18":"layout-style-3","19":"col-md-4 col-sm-4 col-xs-6","20":"col-lg-3","21":"product-style-default"},"aioseo_notices":[],"brands":[{"id":666,"name":"Wahl","slug":"wahl"}],"_links":{"self":[{"href":"https:\/\/cheveuxluxe.com\/index.php\/wp-json\/wp\/v2\/product\/27326","targetHints":{"allow":["GET"]}}],"collection":[{"href":"https:\/\/cheveuxluxe.com\/index.php\/wp-json\/wp\/v2\/product"}],"about":[{"href":"https:\/\/cheveuxluxe.com\/index.php\/wp-json\/wp\/v2\/types\/product"}],"replies":[{"embeddable":true,"href":"https:\/\/cheveuxluxe.com\/index.php\/wp-json\/wp\/v2\/comments?post=27326"}],"version-history":[{"count":0,"href":"https:\/\/cheveuxluxe.com\/index.php\/wp-json\/wp\/v2\/product\/27326\/revisions"}],"wp:featuredmedia":[{"embeddable":true,"href":"https:\/\/cheveuxluxe.com\/index.php\/wp-json\/wp\/v2\/media\/27325"}],"wp:attachment":[{"href":"https:\/\/cheveuxluxe.com\/index.php\/wp-json\/wp\/v2\/media?parent=27326"}],"wp:term":[{"taxonomy":"pwb-brand","embeddable":true,"href":"https:\/\/cheveuxluxe.com\/index.php\/wp-json\/wp\/v2\/pwb-brand?post=27326"},{"taxonomy":"product_cat","embeddable":true,"href":"https:\/\/cheveuxluxe.com\/index.php\/wp-json\/wp\/v2\/product_cat?post=27326"},{"taxonomy":"product_tag","embeddable":true,"href":"https:\/\/cheveuxluxe.com\/index.php\/wp-json\/wp\/v2\/product_tag?post=27326"}],"curies":[{"name":"wp","href":"https:\/\/api.w.org\/{rel}","templated":true}]}}