{"id":27327,"date":"2024-04-09T20:49:45","date_gmt":"2024-04-09T20:49:45","guid":{"rendered":"https:\/\/cheveuxluxe.com\/index.php\/product\/panasonic-tete-de-coupe-pour-tondeuse-er1512-er1611-er-gp80\/"},"modified":"2024-04-13T15:44:29","modified_gmt":"2024-04-13T15:44:29","slug":"panasonic-tete-de-coupe-pour-tondeuse-er1512-er1611-er-gp80","status":"publish","type":"product","link":"https:\/\/cheveuxluxe.com\/index.php\/product\/panasonic-tete-de-coupe-pour-tondeuse-er1512-er1611-er-gp80\/","title":{"rendered":"Panasonic T\u00eate de Coupe pour Tondeuse ER1512-ER1611-ER-GP80"},"content":{"rendered":"<div class=\"product-content_bottom\">\n<div class=\"pdp-info\">\n<div class=\"pdp-tabs tab-container\">\n<div class=\"tab js-tab\">\n<h3 class=\"tab-title pdp-tabs_title js-tab-mobile-title open\"><span>Points cl\u00e9s<\/span><\/h3>\n<div class=\"tab-description pdp-tabs_description js-tab-description open\" itemprop=\"description\">\n<ul>\n<li> Efficacit\u00e9<\/li>\n<li>Coupe nette<\/li>\n<li>Pr\u00e9cision<\/li>\n<li>Hygi\u00e8ne<\/li>\n<li>Solide <\/li>\n<\/ul>\n<\/div>\n<\/div>\n<div class=\"tab js-tab\">\n<h3 class=\"tab-title pdp-tabs_title js-tab-mobile-title\"><span>Description<\/span><\/h3>\n<div class=\"tab-description pdp-tabs_description js-tab-description\" itemprop=\"description\">Cette t\u00eate de coupe est adapt\u00e9e aux mod\u00e8les de tondeuses ER1512, ER1610, ER, GP80 de la marque Panasonic. Elle offre une coupe plus incisive et plus nette qui limite l\u2019usure naturelle due \u00e0 une utilisation r\u00e9guli\u00e8re de la tondeuse. Lame cass\u00e9e ou \u00e9lim\u00e9e, vous n\u2019\u00eates plus oblig\u00e9 de changer de tondeuse. Il suffit de la remplacer par cette nouvelle t\u00eate de coupe pour tondeuse tr\u00e8s facile \u00e0 changer en quelques secondes.Cette t\u00eate de coupe fait preuve d\u2019une v\u00e9ritable solidit\u00e9, coupe apr\u00e8s coupe. Elle vous permet de faire des \u00e9conomies tout en profitant d\u2019un outil pr\u00e9cis et \u00e0 la qualit\u00e9 professionnelle. Plus maniable, votre tondeuse retrouve une deuxi\u00e8me vie et pourra ainsi durer plus longtemps. Gr\u00e2ce aux lames termin\u00e9es par des empi\u00e8cements en titanium, la t\u00eate de coupe conserve une pr\u00e9cision remarquable et un maniement ais\u00e9, quelle que soit la nature des cheveux \u00e0 couper.<\/div>\n<\/div>\n<div class=\"tab js-tab\">\n<h3 class=\"tab-title pdp-tabs_title js-tab-mobile-title\"><span>Mode d&#8217;emploi<\/span><\/h3>\n<div class=\"tab-description pdp-tabs_description js-tab-description\">Placez la t\u00eate de coupe interchangeable sur la tondeuse Panasonic.V\u00e9rifiez que la t\u00eate est bien enclench\u00e9e avant toute utilisation.Apr\u00e8s la coupe, nettoyez soigneusement la t\u00eate de coupe \u00e0 l\u2019aide d\u2019une petite brossette.<\/div>\n<\/div>\n<div class=\"tab js-tab\">\n<h3 class=\"tab-title pdp-tabs_title js-tab-mobile-title\"><span>Livraison et stock<\/span><\/h3>\n<div class=\"tab-description pdp-tabs_description js-tab-description\">\n<div class=\"pdp-delivery_info\">\n<div class=\"content-asset\">Livraison et d\u00e9laisRetours et remboursements<\/div>\n<\/div>\n<\/div>\n<\/div>\n<\/div>\n<\/div>\n<\/div>\n","protected":false},"excerpt":{"rendered":"<p>Points cl\u00e9s Efficacit\u00e9 Coupe nette Pr\u00e9cision Hygi\u00e8ne Solide Description Cette t\u00eate de coupe est adapt\u00e9e&hellip;<\/p>\n","protected":false},"featured_media":16318,"comment_status":"open","ping_status":"closed","template":"","meta":[],"pwb-brand":[664],"product_cat":[473],"product_tag":[82,177,393],"class_list":{"0":"post-27327","1":"product","2":"type-product","3":"status-publish","4":"has-post-thumbnail","6":"pwb-brand-panasonic","7":"product_cat-accessoires","8":"product_tag-accessoires","9":"product_tag-electro-et-materiel","10":"product_tag-panasonic","12":"first","13":"instock","14":"taxable","15":"shipping-taxable","16":"purchasable","17":"product-type-simple","18":"layout-style-3","19":"col-md-4 col-sm-4 col-xs-6","20":"col-lg-3","21":"product-style-default"},"aioseo_notices":[],"brands":[{"id":664,"name":"Panasonic","slug":"panasonic"}],"_links":{"self":[{"href":"https:\/\/cheveuxluxe.com\/index.php\/wp-json\/wp\/v2\/product\/27327","targetHints":{"allow":["GET"]}}],"collection":[{"href":"https:\/\/cheveuxluxe.com\/index.php\/wp-json\/wp\/v2\/product"}],"about":[{"href":"https:\/\/cheveuxluxe.com\/index.php\/wp-json\/wp\/v2\/types\/product"}],"replies":[{"embeddable":true,"href":"https:\/\/cheveuxluxe.com\/index.php\/wp-json\/wp\/v2\/comments?post=27327"}],"version-history":[{"count":0,"href":"https:\/\/cheveuxluxe.com\/index.php\/wp-json\/wp\/v2\/product\/27327\/revisions"}],"wp:featuredmedia":[{"embeddable":true,"href":"https:\/\/cheveuxluxe.com\/index.php\/wp-json\/wp\/v2\/media\/16318"}],"wp:attachment":[{"href":"https:\/\/cheveuxluxe.com\/index.php\/wp-json\/wp\/v2\/media?parent=27327"}],"wp:term":[{"taxonomy":"pwb-brand","embeddable":true,"href":"https:\/\/cheveuxluxe.com\/index.php\/wp-json\/wp\/v2\/pwb-brand?post=27327"},{"taxonomy":"product_cat","embeddable":true,"href":"https:\/\/cheveuxluxe.com\/index.php\/wp-json\/wp\/v2\/product_cat?post=27327"},{"taxonomy":"product_tag","embeddable":true,"href":"https:\/\/cheveuxluxe.com\/index.php\/wp-json\/wp\/v2\/product_tag?post=27327"}],"curies":[{"name":"wp","href":"https:\/\/api.w.org\/{rel}","templated":true}]}}