{"id":27329,"date":"2024-04-09T20:49:56","date_gmt":"2024-04-09T20:49:56","guid":{"rendered":"https:\/\/cheveuxluxe.com\/index.php\/product\/wahl-huile-118ml\/"},"modified":"2024-04-13T13:45:35","modified_gmt":"2024-04-13T13:45:35","slug":"wahl-huile-118ml","status":"publish","type":"product","link":"https:\/\/cheveuxluxe.com\/index.php\/product\/wahl-huile-118ml\/","title":{"rendered":"Wahl Huile 118ml"},"content":{"rendered":"<div class=\"product-content_bottom\">\n<div class=\"pdp-info\">\n<div class=\"pdp-tabs tab-container\">\n<div class=\"tab js-tab\">\n<h3 class=\"tab-title pdp-tabs_title js-tab-mobile-title open\"><span>Points cl\u00e9s<\/span><\/h3>\n<div class=\"tab-description pdp-tabs_description js-tab-description open\" itemprop=\"description\">\n<ul>\n<li>Sp\u00e9cialement pr\u00e9par\u00e9 pour les tondeuses et les coupeuses Wahl<\/li>\n<li>Embout d\u00e9vissable pour distribution facile<\/li>\n<li>Aide \u00e0 prolonger la dur\u00e9e de vie de vos tondeuses<\/li>\n<li>Aide \u00e0 pr\u00e9venir la surchauffe due au frottement<\/li>\n<\/ul>\n<\/div>\n<\/div>\n<div class=\"tab js-tab\">\n<h3 class=\"tab-title pdp-tabs_title js-tab-mobile-title\"><span>Description<\/span><\/h3>\n<div class=\"tab-description pdp-tabs_description js-tab-description\" itemprop=\"description\">Sp\u00e9cialement cr\u00e9\u00e9 pour les tondeuses \u00e0 cheveux. Une utilisation r\u00e9guli\u00e8re sur les lames de tondeuses prolongera la dur\u00e9e de vie et am\u00e9liorera la pr\u00e9cision de coupe des tondeuses en permettant aux lames de fonctionner plus facilement, ce qui emp\u00eachera la surchauffe due au frottement.<\/div>\n<\/div>\n<div class=\"tab js-tab\">\n<h3 class=\"tab-title pdp-tabs_title js-tab-mobile-title\"><span>Livraison et stock<\/span><\/h3>\n<div class=\"tab-description pdp-tabs_description js-tab-description\">\n<div class=\"pdp-delivery_info\">\n<div class=\"content-asset\">Livraison et d\u00e9laisRetours et remboursements<\/div>\n<\/div>\n<\/div>\n<\/div>\n<\/div>\n<\/div>\n<\/div>\n","protected":false},"excerpt":{"rendered":"<p>Points cl\u00e9s Sp\u00e9cialement pr\u00e9par\u00e9 pour les tondeuses et les coupeuses Wahl Embout d\u00e9vissable pour distribution&hellip;<\/p>\n","protected":false},"featured_media":27328,"comment_status":"open","ping_status":"closed","template":"","meta":[],"pwb-brand":[666],"product_cat":[473],"product_tag":[82,177,397],"class_list":{"0":"post-27329","1":"product","2":"type-product","3":"status-publish","4":"has-post-thumbnail","6":"pwb-brand-wahl","7":"product_cat-accessoires","8":"product_tag-accessoires","9":"product_tag-electro-et-materiel","10":"product_tag-wahl","12":"first","13":"instock","14":"taxable","15":"shipping-taxable","16":"purchasable","17":"product-type-simple","18":"layout-style-3","19":"col-md-4 col-sm-4 col-xs-6","20":"col-lg-3","21":"product-style-default"},"aioseo_notices":[],"brands":[{"id":666,"name":"Wahl","slug":"wahl"}],"_links":{"self":[{"href":"https:\/\/cheveuxluxe.com\/index.php\/wp-json\/wp\/v2\/product\/27329","targetHints":{"allow":["GET"]}}],"collection":[{"href":"https:\/\/cheveuxluxe.com\/index.php\/wp-json\/wp\/v2\/product"}],"about":[{"href":"https:\/\/cheveuxluxe.com\/index.php\/wp-json\/wp\/v2\/types\/product"}],"replies":[{"embeddable":true,"href":"https:\/\/cheveuxluxe.com\/index.php\/wp-json\/wp\/v2\/comments?post=27329"}],"version-history":[{"count":0,"href":"https:\/\/cheveuxluxe.com\/index.php\/wp-json\/wp\/v2\/product\/27329\/revisions"}],"wp:featuredmedia":[{"embeddable":true,"href":"https:\/\/cheveuxluxe.com\/index.php\/wp-json\/wp\/v2\/media\/27328"}],"wp:attachment":[{"href":"https:\/\/cheveuxluxe.com\/index.php\/wp-json\/wp\/v2\/media?parent=27329"}],"wp:term":[{"taxonomy":"pwb-brand","embeddable":true,"href":"https:\/\/cheveuxluxe.com\/index.php\/wp-json\/wp\/v2\/pwb-brand?post=27329"},{"taxonomy":"product_cat","embeddable":true,"href":"https:\/\/cheveuxluxe.com\/index.php\/wp-json\/wp\/v2\/product_cat?post=27329"},{"taxonomy":"product_tag","embeddable":true,"href":"https:\/\/cheveuxluxe.com\/index.php\/wp-json\/wp\/v2\/product_tag?post=27329"}],"curies":[{"name":"wp","href":"https:\/\/api.w.org\/{rel}","templated":true}]}}