{"id":27331,"date":"2024-04-09T20:50:09","date_gmt":"2024-04-09T20:50:09","guid":{"rendered":"https:\/\/cheveuxluxe.com\/index.php\/product\/panasonic-er-gp80-comb-attachment-double\/"},"modified":"2024-04-13T13:45:39","modified_gmt":"2024-04-13T13:45:39","slug":"panasonic-er-gp80-comb-attachment-double","status":"publish","type":"product","link":"https:\/\/cheveuxluxe.com\/index.php\/product\/panasonic-er-gp80-comb-attachment-double\/","title":{"rendered":"Panasonic ER-GP80 Comb Attachment Double"},"content":{"rendered":"<div class=\"product-content_bottom\">\n<div class=\"pdp-info\">\n<div class=\"pdp-tabs tab-container\">\n<div class=\"tab js-tab\">\n<h3 class=\"tab-title pdp-tabs_title js-tab-mobile-title\"><span>Description<\/span><\/h3>\n<div class=\"tab-description pdp-tabs_description js-tab-description\" itemprop=\"description\">Tondeuses compatibles :<br \/>Panasonic Tondeuse \u00e0 cheveux rechargeable \u00e0 usage professionnel ER-HGP74-K803 (VR052020)<br \/>Panasonic Tondeuse \u00e0 cheveux rechargeable \u00e0 usage professionnel ER-HGP84-K803 (VR052024)<br \/>Panasonic Tondeuse ER-FGP72 (VR044508)<br \/>Panasonic Tondeuse ER-FGP82 (VR044667)<\/div>\n<\/div>\n<div class=\"tab js-tab\">\n<h3 class=\"tab-title pdp-tabs_title js-tab-mobile-title\"><span>Livraison et stock<\/span><\/h3>\n<div class=\"tab-description pdp-tabs_description js-tab-description\">\n<div class=\"pdp-delivery_info\">\n<div class=\"content-asset\">Livraison et d\u00e9laisRetours et remboursements<\/div>\n<\/div>\n<\/div>\n<\/div>\n<\/div>\n<\/div>\n<\/div>\n","protected":false},"excerpt":{"rendered":"<p>Description Tondeuses compatibles :Panasonic Tondeuse \u00e0 cheveux rechargeable \u00e0 usage professionnel ER-HGP74-K803 (VR052020)Panasonic Tondeuse \u00e0&hellip;<\/p>\n","protected":false},"featured_media":27330,"comment_status":"open","ping_status":"closed","template":"","meta":[],"pwb-brand":[664],"product_cat":[473],"product_tag":[82,177,393],"class_list":{"0":"post-27331","1":"product","2":"type-product","3":"status-publish","4":"has-post-thumbnail","6":"pwb-brand-panasonic","7":"product_cat-accessoires","8":"product_tag-accessoires","9":"product_tag-electro-et-materiel","10":"product_tag-panasonic","12":"first","13":"instock","14":"taxable","15":"shipping-taxable","16":"purchasable","17":"product-type-simple","18":"layout-style-3","19":"col-md-4 col-sm-4 col-xs-6","20":"col-lg-3","21":"product-style-default"},"aioseo_notices":[],"brands":[{"id":664,"name":"Panasonic","slug":"panasonic"}],"_links":{"self":[{"href":"https:\/\/cheveuxluxe.com\/index.php\/wp-json\/wp\/v2\/product\/27331","targetHints":{"allow":["GET"]}}],"collection":[{"href":"https:\/\/cheveuxluxe.com\/index.php\/wp-json\/wp\/v2\/product"}],"about":[{"href":"https:\/\/cheveuxluxe.com\/index.php\/wp-json\/wp\/v2\/types\/product"}],"replies":[{"embeddable":true,"href":"https:\/\/cheveuxluxe.com\/index.php\/wp-json\/wp\/v2\/comments?post=27331"}],"version-history":[{"count":0,"href":"https:\/\/cheveuxluxe.com\/index.php\/wp-json\/wp\/v2\/product\/27331\/revisions"}],"wp:featuredmedia":[{"embeddable":true,"href":"https:\/\/cheveuxluxe.com\/index.php\/wp-json\/wp\/v2\/media\/27330"}],"wp:attachment":[{"href":"https:\/\/cheveuxluxe.com\/index.php\/wp-json\/wp\/v2\/media?parent=27331"}],"wp:term":[{"taxonomy":"pwb-brand","embeddable":true,"href":"https:\/\/cheveuxluxe.com\/index.php\/wp-json\/wp\/v2\/pwb-brand?post=27331"},{"taxonomy":"product_cat","embeddable":true,"href":"https:\/\/cheveuxluxe.com\/index.php\/wp-json\/wp\/v2\/product_cat?post=27331"},{"taxonomy":"product_tag","embeddable":true,"href":"https:\/\/cheveuxluxe.com\/index.php\/wp-json\/wp\/v2\/product_tag?post=27331"}],"curies":[{"name":"wp","href":"https:\/\/api.w.org\/{rel}","templated":true}]}}