{"id":27347,"date":"2024-04-09T20:51:11","date_gmt":"2024-04-09T20:51:11","guid":{"rendered":"https:\/\/cheveuxluxe.com\/index.php\/product\/panasonic-tondeuse-cheveux-professionelle-er-gp86\/"},"modified":"2024-04-13T13:41:04","modified_gmt":"2024-04-13T13:41:04","slug":"panasonic-tondeuse-cheveux-professionelle-er-gp86","status":"publish","type":"product","link":"https:\/\/cheveuxluxe.com\/index.php\/product\/panasonic-tondeuse-cheveux-professionelle-er-gp86\/","title":{"rendered":"Panasonic Tondeuse Cheveux Professionelle ER-GP86"},"content":{"rendered":"<div class=\"product-content_bottom\">\n<div class=\"pdp-info\">\n<div class=\"pdp-tabs tab-container\">\n<div class=\"tab js-tab\">\n<h3 class=\"tab-title pdp-tabs_title js-tab-mobile-title open\"><span>Points cl\u00e9s<\/span><\/h3>\n<div class=\"tab-description pdp-tabs_description js-tab-description open\" itemprop=\"description\">\n<ul>\n<li>Des fondus de coupe en une seule main !<\/li>\n<li>Molette de r\u00e9glage de hauteur de coupe de 0.3 \u00e0 1.5 mm par pas de 0.3 mm<\/li>\n<li>Contre-peigne sp\u00e9cial d\u00e9grad\u00e9 1.5 mm pour faciliter les jonctions<\/li>\n<li>3 Double contre-peignes (3\/4 mm ; 6\/9 mm ; 12\/15 mm) pour 6 longueurs de coupe<\/li>\n<li>Ultra-maniable et l\u00e9g\u00e8re, seulement 245 grammes<\/li>\n<li>Moteur lin\u00e9aire<\/li>\n<li>Batterie lithium-ion puissante<\/li>\n<li>Design l\u00e9ger et ergonomique<\/li>\n<li>Voyant de batterie<\/li>\n<li>Utilisation avec ou sans fil<\/li>\n<\/ul>\n<\/div>\n<\/div>\n<div class=\"tab js-tab\">\n<h3 class=\"tab-title pdp-tabs_title js-tab-mobile-title\"><span>Description<\/span><\/h3>\n<div class=\"tab-description pdp-tabs_description js-tab-description\" itemprop=\"description\">\n<p>Tondeuse \u00e0 cheveux Panasonic Professional Hair Clipper ER-DGP86 avec lame Fading pour un niveau de pr\u00e9cision sup\u00e9rieur. Elle vous permet de r\u00e9aliser une vari\u00e9t\u00e9 de coupes d\u00e9grad\u00e9es sans avoir \u00e0 utiliser toute une gamme d\u2019outils. La lame de pr\u00e9cision Fading avec rev\u00eatement en fibre de carbone et titane atteint une longueur de coupe minimale d\u2019environ 0,3 mm. La denture extr\u00eamement fine assure une pr\u00e9cision extr\u00eame, ce qui rend cette tondeuse \u00e0 cheveux Panasonic id\u00e9ale pour r\u00e9aliser des transitions douces et des lignes nettes.<\/p>\n<p>Pour des coupes d\u00e9grad\u00e9es parfaites. La longueur de coupe s\u2019ajuste en 5 paliers de 0,3 mm \u00e0 1,5 mm et se r\u00e8gle facilement d\u2019une seule main gr\u00e2ce \u00e0 la molette de r\u00e9glage de la hauteur. Le contre-peigne sp\u00e9cial d\u00e9grad\u00e9 est parfait pour les transitions douces et offre 5 niveaux de r\u00e9glage entre 1,5 et 2,7 mm. 3 contre-peignes plus grands offrent 6 longueurs de coupe suppl\u00e9mentaires (3\/4 mm, 6\/9 mm et 12\/15 mm).<br \/>\u00a0<\/p>\n<\/div>\n<\/div>\n<div class=\"tab js-tab\">\n<h3 class=\"tab-title pdp-tabs_title js-tab-mobile-title\"><span>Livraison et stock<\/span><\/h3>\n<div class=\"tab-description pdp-tabs_description js-tab-description\">\n<div class=\"pdp-delivery_info\">\n<div class=\"content-asset\">Livraison et d\u00e9laisRetours et remboursements<\/div>\n<\/div>\n<\/div>\n<\/div>\n<\/div>\n<\/div>\n<\/div>\n","protected":false},"excerpt":{"rendered":"<p>Points cl\u00e9s Des fondus de coupe en une seule main ! Molette de r\u00e9glage de&hellip;<\/p>\n","protected":false},"featured_media":27338,"comment_status":"open","ping_status":"closed","template":"","meta":[],"pwb-brand":[664],"product_cat":[392],"product_tag":[177,393,178],"class_list":{"0":"post-27347","1":"product","2":"type-product","3":"status-publish","4":"has-post-thumbnail","6":"pwb-brand-panasonic","7":"product_cat-tondeuses-cheveux","8":"product_tag-electro-et-materiel","9":"product_tag-panasonic","10":"product_tag-tondeuses-cheveux","12":"first","13":"instock","14":"taxable","15":"shipping-taxable","16":"purchasable","17":"product-type-simple","18":"layout-style-3","19":"col-md-4 col-sm-4 col-xs-6","20":"col-lg-3","21":"product-has-gallery","22":"product-style-default"},"aioseo_notices":[],"brands":[{"id":664,"name":"Panasonic","slug":"panasonic"}],"_links":{"self":[{"href":"https:\/\/cheveuxluxe.com\/index.php\/wp-json\/wp\/v2\/product\/27347","targetHints":{"allow":["GET"]}}],"collection":[{"href":"https:\/\/cheveuxluxe.com\/index.php\/wp-json\/wp\/v2\/product"}],"about":[{"href":"https:\/\/cheveuxluxe.com\/index.php\/wp-json\/wp\/v2\/types\/product"}],"replies":[{"embeddable":true,"href":"https:\/\/cheveuxluxe.com\/index.php\/wp-json\/wp\/v2\/comments?post=27347"}],"version-history":[{"count":0,"href":"https:\/\/cheveuxluxe.com\/index.php\/wp-json\/wp\/v2\/product\/27347\/revisions"}],"wp:featuredmedia":[{"embeddable":true,"href":"https:\/\/cheveuxluxe.com\/index.php\/wp-json\/wp\/v2\/media\/27338"}],"wp:attachment":[{"href":"https:\/\/cheveuxluxe.com\/index.php\/wp-json\/wp\/v2\/media?parent=27347"}],"wp:term":[{"taxonomy":"pwb-brand","embeddable":true,"href":"https:\/\/cheveuxluxe.com\/index.php\/wp-json\/wp\/v2\/pwb-brand?post=27347"},{"taxonomy":"product_cat","embeddable":true,"href":"https:\/\/cheveuxluxe.com\/index.php\/wp-json\/wp\/v2\/product_cat?post=27347"},{"taxonomy":"product_tag","embeddable":true,"href":"https:\/\/cheveuxluxe.com\/index.php\/wp-json\/wp\/v2\/product_tag?post=27347"}],"curies":[{"name":"wp","href":"https:\/\/api.w.org\/{rel}","templated":true}]}}