{"id":27348,"date":"2024-04-09T20:51:13","date_gmt":"2024-04-09T20:51:13","guid":{"rendered":"https:\/\/cheveuxluxe.com\/index.php\/product\/proxelli-ares-tondeuse-professionelle-avec-levier-conique\/"},"modified":"2024-04-13T13:41:06","modified_gmt":"2024-04-13T13:41:06","slug":"proxelli-ares-tondeuse-professionelle-avec-levier-conique","status":"publish","type":"product","link":"https:\/\/cheveuxluxe.com\/index.php\/product\/proxelli-ares-tondeuse-professionelle-avec-levier-conique\/","title":{"rendered":"Proxelli Ares Tondeuse Professionelle avec Levier Conique"},"content":{"rendered":"<div class=\"product-content_bottom\">\n<div class=\"pdp-info\">\n<div class=\"pdp-tabs tab-container\">\n<div class=\"tab js-tab\">\n<h3 class=\"tab-title pdp-tabs_title js-tab-mobile-title open\"><span>Points cl\u00e9s<\/span><\/h3>\n<div class=\"tab-description pdp-tabs_description js-tab-description open\" itemprop=\"description\">\n<ul>\n<li>5 positions de verrouillage \u00e0 niveau constant<\/li>\n<li>Lame froide r\u00e9volutionnaire<\/li>\n<li>Technologie Smart Clip<\/li>\n<li>Jusqu\u2019\u00e0 4 heures d\u2019autonomie gr\u00e2ce \u00e0 la batterie au lithium longue dur\u00e9e<\/li>\n<li>Affichage du temps restant sur l\u2019\u00e9cran LED intelligent<\/li>\n<\/ul>\n<\/div>\n<\/div>\n<div class=\"tab js-tab\">\n<h3 class=\"tab-title pdp-tabs_title js-tab-mobile-title\"><span>Description<\/span><\/h3>\n<div class=\"tab-description pdp-tabs_description js-tab-description\" itemprop=\"description\">Ce levier conique professionnel assure 5 niveaux r\u00e9guliers avec un contr\u00f4le variable infini.<\/p>\n<p>La lame revoluntionary cool reste froide au toucher. La technologie Smart-clip permet \u00e0 la tondeuse de d\u00e9tecter la r\u00e9sistance de la lame et d&rsquo;augmenter la vitesse du moteur. Par cons\u00e9quent, la tondeuse ne se bloque jamais.<br \/>La lame peut \u00e9galement \u00eatre align\u00e9e \u00e0 z\u00e9ro avec l&rsquo;outil fourni, offrant ainsi une longueur de coupe suppl\u00e9mentaire. La tondeuse est ultra silencieuse &#8211; avec un niveau sonore inf\u00e9rieur \u00e0 62dB.<\/p>\n<p>Elle peut \u00eatre utilis\u00e9e avec ou sans fil.<\/p>\n<p>Comprend : lot de 10 peignes de fixation (taille 1\/2, 1, 1-1\/2, 2, 3, 4, 5, 6, 7, 8), socle de chargement et adaptateur, tournevis, brosse de nettoyage, outil de r\u00e9glage de lame et protection.<\/p><\/div>\n<\/div>\n<div class=\"tab js-tab\">\n<h3 class=\"tab-title pdp-tabs_title js-tab-mobile-title\"><span>Livraison et stock<\/span><\/h3>\n<div class=\"tab-description pdp-tabs_description js-tab-description\">\n<div class=\"pdp-delivery_info\">\n<div class=\"content-asset\">Livraison et d\u00e9laisRetours et remboursements<\/div>\n<\/div>\n<\/div>\n<\/div>\n<div class=\"tab js-tab\">\n<h3 class=\"tab-title pdp-tabs_title js-tab-mobile-title\"><span>Pr\u00e9cautions d&#8217;emploi<\/span><\/h3>\n<div class=\"tab-description pdp-tabs_description js-tab-description\">Cet appareil ne doit \u00eatre utilis\u00e9 que comme d\u00e9crit dans les instructions incluses dans l&#8217;emballage.<\/div>\n<\/div>\n<\/div>\n<\/div>\n<\/div>\n","protected":false},"excerpt":{"rendered":"<p>Points cl\u00e9s 5 positions de verrouillage \u00e0 niveau constant Lame froide r\u00e9volutionnaire Technologie Smart Clip&hellip;<\/p>\n","protected":false},"featured_media":16389,"comment_status":"open","ping_status":"closed","template":"","meta":[],"pwb-brand":[665],"product_cat":[392],"product_tag":[177,395,178],"class_list":{"0":"post-27348","1":"product","2":"type-product","3":"status-publish","4":"has-post-thumbnail","6":"pwb-brand-proxelli","7":"product_cat-tondeuses-cheveux","8":"product_tag-electro-et-materiel","9":"product_tag-proxelli","10":"product_tag-tondeuses-cheveux","12":"first","13":"instock","14":"taxable","15":"shipping-taxable","16":"purchasable","17":"product-type-simple","18":"layout-style-3","19":"col-md-4 col-sm-4 col-xs-6","20":"col-lg-3","21":"product-has-gallery","22":"product-style-default"},"aioseo_notices":[],"brands":[{"id":665,"name":"Proxelli","slug":"proxelli"}],"_links":{"self":[{"href":"https:\/\/cheveuxluxe.com\/index.php\/wp-json\/wp\/v2\/product\/27348","targetHints":{"allow":["GET"]}}],"collection":[{"href":"https:\/\/cheveuxluxe.com\/index.php\/wp-json\/wp\/v2\/product"}],"about":[{"href":"https:\/\/cheveuxluxe.com\/index.php\/wp-json\/wp\/v2\/types\/product"}],"replies":[{"embeddable":true,"href":"https:\/\/cheveuxluxe.com\/index.php\/wp-json\/wp\/v2\/comments?post=27348"}],"version-history":[{"count":0,"href":"https:\/\/cheveuxluxe.com\/index.php\/wp-json\/wp\/v2\/product\/27348\/revisions"}],"wp:featuredmedia":[{"embeddable":true,"href":"https:\/\/cheveuxluxe.com\/index.php\/wp-json\/wp\/v2\/media\/16389"}],"wp:attachment":[{"href":"https:\/\/cheveuxluxe.com\/index.php\/wp-json\/wp\/v2\/media?parent=27348"}],"wp:term":[{"taxonomy":"pwb-brand","embeddable":true,"href":"https:\/\/cheveuxluxe.com\/index.php\/wp-json\/wp\/v2\/pwb-brand?post=27348"},{"taxonomy":"product_cat","embeddable":true,"href":"https:\/\/cheveuxluxe.com\/index.php\/wp-json\/wp\/v2\/product_cat?post=27348"},{"taxonomy":"product_tag","embeddable":true,"href":"https:\/\/cheveuxluxe.com\/index.php\/wp-json\/wp\/v2\/product_tag?post=27348"}],"curies":[{"name":"wp","href":"https:\/\/api.w.org\/{rel}","templated":true}]}}