{"id":27356,"date":"2024-04-09T20:51:29","date_gmt":"2024-04-09T20:51:29","guid":{"rendered":"https:\/\/cheveuxluxe.com\/index.php\/product\/wahl-combo-super-taper-tondeuse-cheveux-et-finition-sans-fil\/"},"modified":"2024-04-13T13:41:48","modified_gmt":"2024-04-13T13:41:48","slug":"wahl-combo-super-taper-tondeuse-cheveux-et-finition-sans-fil","status":"publish","type":"product","link":"https:\/\/cheveuxluxe.com\/index.php\/product\/wahl-combo-super-taper-tondeuse-cheveux-et-finition-sans-fil\/","title":{"rendered":"Wahl Combo Super Taper Tondeuse Cheveux et Finition Sans Fil"},"content":{"rendered":"<div class=\"product-content_bottom\">\n<div class=\"pdp-info\">\n<div class=\"pdp-tabs tab-container\">\n<div class=\"tab js-tab\">\n<h3 class=\"tab-title pdp-tabs_title js-tab-mobile-title open\"><span>Points cl\u00e9s<\/span><\/h3>\n<div class=\"tab-description pdp-tabs_description js-tab-description open\" itemprop=\"description\">\n<ul>\n<li>1 x Tondeuse \u00e0 cheveux sans fil Super Taper<\/li>\n<li>1 x Tondeuse de finition sans fil Super Trimmer<\/li>\n<li>7 x Peignes amovibles<\/li>\n<li>2 x Chargeurs adaptateurs<\/li>\n<li>1 x Chargeur (Trimmer)<\/li>\n<li>2 x Capots de protection<\/li>\n<li>1 x Flacon d\u2019huile<\/li>\n<li>1 x Brosse de nettoyage<\/li>\n<\/ul>\n<\/div>\n<\/div>\n<div class=\"tab js-tab\">\n<h3 class=\"tab-title pdp-tabs_title js-tab-mobile-title\"><span>Description<\/span><\/h3>\n<div class=\"tab-description pdp-tabs_description js-tab-description\" itemprop=\"description\">\n<p>Design l\u00e9gerTondeuse sans fil et tondeuse de finition sans fil. Lame performante Agr\u00e9able \u00e0 manipuler \u00c9quip\u00e9e d\u2019un puissant moteur professionnel. Longueur de coupe de la tondeuse \u00e0 cheveux : 1 \u00e0 3,5 mm<\/p>\n<\/div>\n<\/div>\n<div class=\"tab js-tab\">\n<h3 class=\"tab-title pdp-tabs_title js-tab-mobile-title\"><span>Livraison et stock<\/span><\/h3>\n<div class=\"tab-description pdp-tabs_description js-tab-description\">\n<div class=\"pdp-delivery_info\">\n<div class=\"content-asset\">Livraison et d\u00e9laisRetours et remboursements<\/div>\n<\/div>\n<\/div>\n<\/div>\n<\/div>\n<\/div>\n<\/div>\n","protected":false},"excerpt":{"rendered":"<p>Points cl\u00e9s 1 x Tondeuse \u00e0 cheveux sans fil Super Taper 1 x Tondeuse de&hellip;<\/p>\n","protected":false},"featured_media":27351,"comment_status":"open","ping_status":"closed","template":"","meta":[],"pwb-brand":[666],"product_cat":[412],"product_tag":[177,180,397],"class_list":{"0":"post-27356","1":"product","2":"type-product","3":"status-publish","4":"has-post-thumbnail","6":"pwb-brand-wahl","7":"product_cat-tondeuses-de-finition","8":"product_tag-electro-et-materiel","9":"product_tag-tondeuses-de-finition","10":"product_tag-wahl","12":"first","13":"instock","14":"taxable","15":"shipping-taxable","16":"purchasable","17":"product-type-simple","18":"layout-style-3","19":"col-md-4 col-sm-4 col-xs-6","20":"col-lg-3","21":"product-has-gallery","22":"product-style-default"},"aioseo_notices":[],"brands":[{"id":666,"name":"Wahl","slug":"wahl"}],"_links":{"self":[{"href":"https:\/\/cheveuxluxe.com\/index.php\/wp-json\/wp\/v2\/product\/27356","targetHints":{"allow":["GET"]}}],"collection":[{"href":"https:\/\/cheveuxluxe.com\/index.php\/wp-json\/wp\/v2\/product"}],"about":[{"href":"https:\/\/cheveuxluxe.com\/index.php\/wp-json\/wp\/v2\/types\/product"}],"replies":[{"embeddable":true,"href":"https:\/\/cheveuxluxe.com\/index.php\/wp-json\/wp\/v2\/comments?post=27356"}],"version-history":[{"count":0,"href":"https:\/\/cheveuxluxe.com\/index.php\/wp-json\/wp\/v2\/product\/27356\/revisions"}],"wp:featuredmedia":[{"embeddable":true,"href":"https:\/\/cheveuxluxe.com\/index.php\/wp-json\/wp\/v2\/media\/27351"}],"wp:attachment":[{"href":"https:\/\/cheveuxluxe.com\/index.php\/wp-json\/wp\/v2\/media?parent=27356"}],"wp:term":[{"taxonomy":"pwb-brand","embeddable":true,"href":"https:\/\/cheveuxluxe.com\/index.php\/wp-json\/wp\/v2\/pwb-brand?post=27356"},{"taxonomy":"product_cat","embeddable":true,"href":"https:\/\/cheveuxluxe.com\/index.php\/wp-json\/wp\/v2\/product_cat?post=27356"},{"taxonomy":"product_tag","embeddable":true,"href":"https:\/\/cheveuxluxe.com\/index.php\/wp-json\/wp\/v2\/product_tag?post=27356"}],"curies":[{"name":"wp","href":"https:\/\/api.w.org\/{rel}","templated":true}]}}