{"id":27363,"date":"2024-04-09T20:51:46","date_gmt":"2024-04-09T20:51:46","guid":{"rendered":"https:\/\/cheveuxluxe.com\/index.php\/product\/panasonic-tondeuse-er-gp90\/"},"modified":"2024-04-13T13:41:08","modified_gmt":"2024-04-13T13:41:08","slug":"panasonic-tondeuse-er-gp90","status":"publish","type":"product","link":"https:\/\/cheveuxluxe.com\/index.php\/product\/panasonic-tondeuse-er-gp90\/","title":{"rendered":"Panasonic Tondeuse ER-GP90"},"content":{"rendered":"<div class=\"product-content_bottom\">\n<div class=\"pdp-info\">\n<div class=\"pdp-tabs tab-container\">\n<div class=\"tab js-tab\">\n<h3 class=\"tab-title pdp-tabs_title js-tab-mobile-title open\"><span>Points cl\u00e9s<\/span><\/h3>\n<div class=\"tab-description pdp-tabs_description js-tab-description open\" itemprop=\"description\">\n<ul>\n<li>T\u00e9moin d\u2019\u00e9tat de charge et de recharge de la batterie<\/li>\n<li>Fonctionne avec ou sans fil<\/li>\n<li>Recharge compl\u00e8te de la batterie en 2 h avec une autonomie de 150 min<\/li>\n<li>Socles de charge et de rangement ultra-compacts<\/li>\n<li>Batterie Lithium-Ion<\/li>\n<li>Poids: 255 g<\/li>\n<\/ul>\n<\/div>\n<\/div>\n<div class=\"tab js-tab\">\n<h3 class=\"tab-title pdp-tabs_title js-tab-mobile-title\"><span>Description<\/span><\/h3>\n<div class=\"tab-description pdp-tabs_description js-tab-description\" itemprop=\"description\">La nouvelle tondeuse de coupe ER-GP90 qui a plus de puissance avec son moteur lin\u00e9aire \u00e0 contr\u00f4l\u00e9 constant 2,0, Pour une coupe plus puissance et nette en un seul passage, La nouvelle batterie lithium se recharge compl\u00e8tement en 2h avec une autonomie de coupe sans fil de 150 minutes, La nouvelle r\u00e9glage de hauteur de coupe par pas de 0,2 mm donne plus de finesse de coupe, Son t\u00e9moin LED indique le niveau de batterie et de recharge, 8 longueurs de coupe avec 4 contre-peignes et socle de charge sont compris dans l&#8217;emballage<\/div>\n<\/div>\n<div class=\"tab js-tab\">\n<h3 class=\"tab-title pdp-tabs_title js-tab-mobile-title\"><span>Mode d&#8217;emploi<\/span><\/h3>\n<div class=\"tab-description pdp-tabs_description js-tab-description\">V\u00e9rifiez que les lames ne sont pas endommag\u00e9es ni d\u00e9form\u00e9es avant utilisation. Appliquez quelques gouttes d\u2019huile de lubrification sur la lame avant et apr\u00e8s chaque utilisation. L\u2019appareil risque de ne pas fonctionner lorsque la temp\u00e9rature ambiante est inf\u00e9rieure \u00e0 environ 5 \u00b0C. Apr\u00e8s utilisation, \u00e9teignez-le et nettoyez-le. 1 R\u00e9glez la hauteur de coupe. 2 Allumez l\u2019appareil.<\/div>\n<\/div>\n<div class=\"tab js-tab\">\n<h3 class=\"tab-title pdp-tabs_title js-tab-mobile-title\"><span>Livraison et stock<\/span><\/h3>\n<div class=\"tab-description pdp-tabs_description js-tab-description\">\n<div class=\"pdp-delivery_info\">\n<div class=\"content-asset\">Livraison et d\u00e9laisRetours et remboursements<\/div>\n<\/div>\n<\/div>\n<\/div>\n<div class=\"tab js-tab\">\n<h3 class=\"tab-title pdp-tabs_title js-tab-mobile-title\"><span>Pr\u00e9cautions d&#8217;emploi<\/span><\/h3>\n<div class=\"tab-description pdp-tabs_description js-tab-description\">Cet appareil peut \u00eatre utilis\u00e9 par des enfants d\u2019au moins 8 ans et des personnes aux capacit\u00e9s physiques, sensorielles ou mentales r\u00e9duites ou manquant d\u2019exp\u00e9rience et de connaissances s\u2019ils sont sous surveillance ou si des instructions leur ont \u00e9t\u00e9 donn\u00e9es concernant l\u2019utilisation de l\u2019appareil d\u2019une mani\u00e8re s\u00fbre et s\u2019ils comprennent les dangers impliqu\u00e9s. Les enfants ne doivent pas jouer avec l\u2019appareil. Les proc\u00e9dures de nettoyage et d\u2019entretien ne doivent pas \u00eatre effectu\u00e9es par des enfants sans surveillance. Le cordon d\u2019alimentation ne peut pas \u00eatre remplac\u00e9. Si le cordon est endommag\u00e9, l\u2019adaptateur CA doit \u00eatre mis au rebut. Ne pas utiliser autre chose que l\u2019adaptateur CA et le socle de charge fournis pour quelque usage que ce soit. Et ne pas utiliser un autre produit que l\u2019adaptateur CA fourni et le socle de recharge. (Voir page 22.) Ne pas mouiller l\u2019appareil. Le symbole suivant indique qu\u2019une unit\u00e9 d\u2019alimentation \u00e9lectrique d\u00e9tachable sp\u00e9cifique est n\u00e9cessaire pour raccorder l\u2019appareil \u00e9lectrique au r\u00e9seau d\u2019alimentation. La r\u00e9f\u00e9rence du type d\u2019unit\u00e9 d\u2019alimentation \u00e9lectrique est indiqu\u00e9e pr\u00e8s du symbole.<\/div>\n<\/div>\n<\/div>\n<\/div>\n<\/div>\n","protected":false},"excerpt":{"rendered":"<p>Points cl\u00e9s T\u00e9moin d\u2019\u00e9tat de charge et de recharge de la batterie Fonctionne avec ou&hellip;<\/p>\n","protected":false},"featured_media":27357,"comment_status":"open","ping_status":"closed","template":"","meta":[],"pwb-brand":[664],"product_cat":[392],"product_tag":[177,393,178],"class_list":{"0":"post-27363","1":"product","2":"type-product","3":"status-publish","4":"has-post-thumbnail","6":"pwb-brand-panasonic","7":"product_cat-tondeuses-cheveux","8":"product_tag-electro-et-materiel","9":"product_tag-panasonic","10":"product_tag-tondeuses-cheveux","12":"first","13":"instock","14":"taxable","15":"shipping-taxable","16":"purchasable","17":"product-type-simple","18":"layout-style-3","19":"col-md-4 col-sm-4 col-xs-6","20":"col-lg-3","21":"product-has-gallery","22":"product-style-default"},"aioseo_notices":[],"brands":[{"id":664,"name":"Panasonic","slug":"panasonic"}],"_links":{"self":[{"href":"https:\/\/cheveuxluxe.com\/index.php\/wp-json\/wp\/v2\/product\/27363","targetHints":{"allow":["GET"]}}],"collection":[{"href":"https:\/\/cheveuxluxe.com\/index.php\/wp-json\/wp\/v2\/product"}],"about":[{"href":"https:\/\/cheveuxluxe.com\/index.php\/wp-json\/wp\/v2\/types\/product"}],"replies":[{"embeddable":true,"href":"https:\/\/cheveuxluxe.com\/index.php\/wp-json\/wp\/v2\/comments?post=27363"}],"version-history":[{"count":0,"href":"https:\/\/cheveuxluxe.com\/index.php\/wp-json\/wp\/v2\/product\/27363\/revisions"}],"wp:featuredmedia":[{"embeddable":true,"href":"https:\/\/cheveuxluxe.com\/index.php\/wp-json\/wp\/v2\/media\/27357"}],"wp:attachment":[{"href":"https:\/\/cheveuxluxe.com\/index.php\/wp-json\/wp\/v2\/media?parent=27363"}],"wp:term":[{"taxonomy":"pwb-brand","embeddable":true,"href":"https:\/\/cheveuxluxe.com\/index.php\/wp-json\/wp\/v2\/pwb-brand?post=27363"},{"taxonomy":"product_cat","embeddable":true,"href":"https:\/\/cheveuxluxe.com\/index.php\/wp-json\/wp\/v2\/product_cat?post=27363"},{"taxonomy":"product_tag","embeddable":true,"href":"https:\/\/cheveuxluxe.com\/index.php\/wp-json\/wp\/v2\/product_tag?post=27363"}],"curies":[{"name":"wp","href":"https:\/\/api.w.org\/{rel}","templated":true}]}}