{"id":27364,"date":"2024-04-09T20:51:48","date_gmt":"2024-04-09T20:51:48","guid":{"rendered":"https:\/\/cheveuxluxe.com\/index.php\/product\/babyliss-pro-spray-4en1-150ml\/"},"modified":"2024-04-13T13:45:37","modified_gmt":"2024-04-13T13:45:37","slug":"babyliss-pro-spray-4en1-150ml","status":"publish","type":"product","link":"https:\/\/cheveuxluxe.com\/index.php\/product\/babyliss-pro-spray-4en1-150ml\/","title":{"rendered":"BaByliss Pro Spray 4en1 150ml"},"content":{"rendered":"<div class=\"product-content_bottom\">\n<div class=\"pdp-info\">\n<div class=\"pdp-tabs tab-container\">\n<div class=\"tab js-tab\">\n<h3 class=\"tab-title pdp-tabs_title js-tab-mobile-title open\"><span>Points cl\u00e9s<\/span><\/h3>\n<div class=\"tab-description pdp-tabs_description js-tab-description open\" itemprop=\"description\">\n<ul>\n<li>Lubrifie<\/li>\n<li>Nettoie<\/li>\n<li>Purifie<\/li>\n<li>Refroidit les lames de tondeuses et ciseaux.<\/li>\n<\/ul>\n<\/div>\n<\/div>\n<div class=\"tab js-tab\">\n<h3 class=\"tab-title pdp-tabs_title js-tab-mobile-title\"><span>Description<\/span><\/h3>\n<div class=\"tab-description pdp-tabs_description js-tab-description\" itemprop=\"description\">L\u2019huile de qualit\u00e9 PHARMA a \u00e9t\u00e9 formul\u00e9e sp\u00e9cifiquement pour lubrifier parfaitement les lames de tondeuses BaBylissPRO\u00ae (ne s\u2019\u00e9vapore pas et ne ralentit pas les lames).<br \/>Pour une meilleure long\u00e9vit\u00e9 de votre tondeuse et une meilleure performance de coupe, il est conseill\u00e9 de l\u2019utiliser apr\u00e8s chaque coupe.<\/p>\n<p>Pour un entretien optimal:<br \/>Retirer la t\u00eate de coupe de la tondeuse avec pr\u00e9caution et nettoyer avec la brosse le dessus mais aussi l\u2019int\u00e9rieur entre la lame fixe et la lame mobile tout en appuyant sur le levier de nettoyage pour faire monter la lame mobile.<br \/>Pulv\u00e9riser le milieu des lames de tondeuses et dans l\u2019espace figurant entre les dents de la lame fixe et la lame mobile.<br \/>Puis remettre la t\u00eate de coupe et la faire fonctionner pour repartir l\u2019huile uniform\u00e9ment. Essuyer le surplus avec un mouchoir.<\/p>\n<p>Il est conseill\u00e9 de lubrifier la lame avant sa toute 1\u00e8re utilisation.<\/p><\/div>\n<\/div>\n<div class=\"tab js-tab\">\n<h3 class=\"tab-title pdp-tabs_title js-tab-mobile-title\"><span>Mode d&#8217;emploi<\/span><\/h3>\n<div class=\"tab-description pdp-tabs_description js-tab-description\">D\u00e9brancher la tondeuse avant l\u2019utilisation du spray, pulv\u00e9riser \u00e0 une distance de 10 \u00e0 25 cm. Essuyer le surplus. Fonctionne dans toutes les positions.<\/div>\n<\/div>\n<div class=\"tab js-tab\">\n<h3 class=\"tab-title pdp-tabs_title js-tab-mobile-title\"><span>Ingr\u00e9dients<\/span><\/h3>\n<div class=\"tab-description pdp-tabs_description js-tab-description\">Contains less than 5% non-ionic surfactants, 30% or more aliphatic hydrocarbons, fragrances.<\/div>\n<\/div>\n<div class=\"tab js-tab\">\n<h3 class=\"tab-title pdp-tabs_title js-tab-mobile-title\"><span>Livraison et stock<\/span><\/h3>\n<div class=\"tab-description pdp-tabs_description js-tab-description\">\n<div class=\"pdp-delivery_info\">\n<div class=\"content-asset\">Livraison et d\u00e9laisRetours et remboursements<\/div>\n<\/div>\n<\/div>\n<\/div>\n<div class=\"tab js-tab\">\n<h3 class=\"tab-title pdp-tabs_title js-tab-mobile-title\"><span>Pr\u00e9cautions d&#8217;emploi<\/span><\/h3>\n<div class=\"tab-description pdp-tabs_description js-tab-description\">DANGER. A\u00e9rosol extr\u00eamement inflammable.<\/p>\n<p>R\u00e9cipient sous pression:peut \u00e9clater sous l&rsquo;effet de la chaleur.En cas de consultation d&rsquo;un m\u00e9decin, garder \u00e0 disposition le r\u00e9cipient ou l&rsquo;\u00e9tiquette.Tenir hors de port\u00e9e des enfants.Tenir \u00e0 l&rsquo;\u00e9cart de la chaleur, des surfaces chaudes, des \u00e9tincelles, des flammes nues et de toute autre source d&rsquo;inflammation.Ne pasfumer.Ne pas vaporiser sur une flamme nue ou sur toute autre source d&rsquo;ignition.Ne pas perforer, ni br\u00fbler, m\u00eame apr\u00e8s usage. Eviter de respirer les a\u00e9rosols. Prot\u00e9ger du rayonnement solaire. Ne pas exposer \u00e0 une temp\u00e9rature sup\u00e9rieure\u00e0 50\u00b0C\/ 122\u00b0F. \u00c9liminer le contenu\/r\u00e9cipient conform\u00e9ment \u00e0 la r\u00e9glementation locale. Utiliser et conserver le r\u00e9cipient dans un endroit bien ventile. Ne pas vaporiser vers les yeux, utiliser uniquement selon le mode d&#8217;emploi.La concentration et l&rsquo;inhalation du produit de fa\u00e7on d\u00e9lib\u00e9r\u00e9e peuvent \u00eatre nocives, voire mortelles.<\/p>\n<p>PREMIERS SOINS: En cas de contact accidentel, rincer les yeux \u00e0grande eau. Si l&rsquo;irritation persiste, contacter un m\u00e9decin. Ne pasutiliser si la valve manque ou est ab\u00eem\u00e9e.<\/p><\/div>\n<\/div>\n<\/div>\n<\/div>\n<\/div>\n","protected":false},"excerpt":{"rendered":"<p>Points cl\u00e9s Lubrifie Nettoie Purifie Refroidit les lames de tondeuses et ciseaux. Description L\u2019huile de&hellip;<\/p>\n","protected":false},"featured_media":21783,"comment_status":"open","ping_status":"closed","template":"","meta":[],"pwb-brand":[629],"product_cat":[473],"product_tag":[82,405,177],"class_list":{"0":"post-27364","1":"product","2":"type-product","3":"status-publish","4":"has-post-thumbnail","6":"pwb-brand-babyliss-pro","7":"product_cat-accessoires","8":"product_tag-accessoires","9":"product_tag-babyliss-pro","10":"product_tag-electro-et-materiel","12":"first","13":"instock","14":"taxable","15":"shipping-taxable","16":"purchasable","17":"product-type-simple","18":"layout-style-3","19":"col-md-4 col-sm-4 col-xs-6","20":"col-lg-3","21":"product-has-gallery","22":"product-style-default"},"aioseo_notices":[],"brands":[{"id":629,"name":"BaByliss PRO","slug":"babyliss-pro"}],"_links":{"self":[{"href":"https:\/\/cheveuxluxe.com\/index.php\/wp-json\/wp\/v2\/product\/27364","targetHints":{"allow":["GET"]}}],"collection":[{"href":"https:\/\/cheveuxluxe.com\/index.php\/wp-json\/wp\/v2\/product"}],"about":[{"href":"https:\/\/cheveuxluxe.com\/index.php\/wp-json\/wp\/v2\/types\/product"}],"replies":[{"embeddable":true,"href":"https:\/\/cheveuxluxe.com\/index.php\/wp-json\/wp\/v2\/comments?post=27364"}],"version-history":[{"count":0,"href":"https:\/\/cheveuxluxe.com\/index.php\/wp-json\/wp\/v2\/product\/27364\/revisions"}],"wp:featuredmedia":[{"embeddable":true,"href":"https:\/\/cheveuxluxe.com\/index.php\/wp-json\/wp\/v2\/media\/21783"}],"wp:attachment":[{"href":"https:\/\/cheveuxluxe.com\/index.php\/wp-json\/wp\/v2\/media?parent=27364"}],"wp:term":[{"taxonomy":"pwb-brand","embeddable":true,"href":"https:\/\/cheveuxluxe.com\/index.php\/wp-json\/wp\/v2\/pwb-brand?post=27364"},{"taxonomy":"product_cat","embeddable":true,"href":"https:\/\/cheveuxluxe.com\/index.php\/wp-json\/wp\/v2\/product_cat?post=27364"},{"taxonomy":"product_tag","embeddable":true,"href":"https:\/\/cheveuxluxe.com\/index.php\/wp-json\/wp\/v2\/product_tag?post=27364"}],"curies":[{"name":"wp","href":"https:\/\/api.w.org\/{rel}","templated":true}]}}