{"id":27367,"date":"2024-04-09T20:51:48","date_gmt":"2024-04-09T20:51:48","guid":{"rendered":"https:\/\/cheveuxluxe.com\/index.php\/product\/s-pro-tondeuse-de-coupe-superdynamic-r6000\/"},"modified":"2024-04-13T14:22:50","modified_gmt":"2024-04-13T14:22:50","slug":"s-pro-tondeuse-de-coupe-superdynamic-r6000","status":"publish","type":"product","link":"https:\/\/cheveuxluxe.com\/index.php\/product\/s-pro-tondeuse-de-coupe-superdynamic-r6000\/","title":{"rendered":"S-PRO Tondeuse de coupe Superdynamic R6000"},"content":{"rendered":"<div class=\"product-content_bottom\">\n<div class=\"pdp-info\">\n<div class=\"pdp-tabs tab-container\">\n<div class=\"tab js-tab\">\n<h3 class=\"tab-title pdp-tabs_title js-tab-mobile-title open\"><span>Points cl\u00e9s<\/span><\/h3>\n<div class=\"tab-description pdp-tabs_description js-tab-description open\" itemprop=\"description\">\n<ul>\n<li>Fonctionne sur batterie ou fil \u00e9lectrique<\/li>\n<li>Lame en c\u00e9ramique amovible<\/li>\n<li>Puissant moteur de pivot de longue dur\u00e9e (6.000 \u00b1 500 TPM)<\/li>\n<li>Silencieuse, peu de vibrations<\/li>\n<li>Accessoires: 2 guides de coupe (3-6 &amp; 9-12 mm), 1 brosse de nettoyage et 1 huile lubrifiante<\/li>\n<\/ul>\n<\/div>\n<\/div>\n<div class=\"tab js-tab\">\n<h3 class=\"tab-title pdp-tabs_title js-tab-mobile-title\"><span>Description<\/span><\/h3>\n<div class=\"tab-description pdp-tabs_description js-tab-description\" itemprop=\"description\">Tondeuse professionnelle S-Pro Superdynamic 6000 avec lames en c\u00e9ramique amovibles.<br \/>Vitesse du moteur : 500 TPM. Fonctionne sur batterie ou fil \u00e9lectrique.<br \/>Coupe pr\u00e9cise et design ergonomique.<br \/>Tondeuse l\u00e9g\u00e8re : 395 g. Silencieuse, peu de vibrations.<br \/>Puissant moteur de pivot de longue dur\u00e9e.<br \/>Inclus 2 guides de coupe (3-6 &amp; 9-12 mm), 1 brosse de nettoyage et 1 huile lubrifiante.<\/div>\n<\/div>\n<div class=\"tab js-tab\">\n<h3 class=\"tab-title pdp-tabs_title js-tab-mobile-title\"><span>Livraison et stock<\/span><\/h3>\n<div class=\"tab-description pdp-tabs_description js-tab-description\">\n<div class=\"pdp-delivery_info\">\n<div class=\"content-asset\">Livraison et d\u00e9laisRetours et remboursements<\/div>\n<\/div>\n<\/div>\n<\/div>\n<div class=\"tab js-tab\">\n<h3 class=\"tab-title pdp-tabs_title js-tab-mobile-title\"><span>Pr\u00e9cautions d&#8217;emploi<\/span><\/h3>\n<div class=\"tab-description pdp-tabs_description js-tab-description\">CONSIGNES DE S\u00c9CURIT\u00c9<br \/>-Lorsque vous utilisez cet appareil \u00e9lectrique, en particulier en pr\u00e9sence d\u2019enfants, les pr\u00e9cautions de base doivent toujours \u00eatre observ\u00e9es. <br \/>-Cet appareil peut \u00eatre utilis\u00e9 par les enfants \u00e0 partir de l\u2019\u00e2ge de 8 ans et les personnes ayant des capacit\u00e9s physiques, sensorielles ou mentales r\u00e9duites, ou ayant un manque d\u2019exp\u00e9rience et de connaissances, si elles sont supervis\u00e9es ou qu\u2019elles ont \u00e9t\u00e9 form\u00e9es \u00e0 l\u2019utilisation de l\u2019appareil en toute s\u00e9curit\u00e9 et qu\u2019elles comprennent les risques associ\u00e9s.<br \/>-Les enfants ne doivent pas jouer avec l\u2019appareil ;<br \/>-Le nettoyage et les op\u00e9rations d\u2019entretien de l\u2019utilisateur ne doivent pas \u00eatre effectu\u00e9s par des enfants sans surveillance.<br \/>-Veuillez utiliser cet appareil uniquement pour l\u2019usage pr\u00e9vu.<br \/>-Cet appareil peut \u00eatre utilis\u00e9 aussi bien sur le secteur que sans fil.<br \/>-Cet appareil ne doit \u00eatre utilis\u00e9 qu&rsquo;avec l&rsquo;adaptateur fourni.<br \/>-\u00c9teignez l\u2019appareil et d\u00e9branchez-le lorsqu\u2019il n\u2019est pas en service, avant d\u2019installer ou de retirer des accessoires et avant de nettoyer l\u2019appareil.<br \/>-N&rsquo;utilisez pas l&rsquo;adaptateur avec un convertisseur de tension.<br \/>-N\u2019enroulez pas le cordon autour de l\u2019appareil ou de l\u2019adaptateur. Ne laissez pas le cordon pendre au bord de la surface de travail et ne le laissez pas en contact avec des surfaces chaudes. Ne d\u00e9branchez pas l\u2019appareil en tirant sur le cordon.<br \/>-Ne couvrez pas l&rsquo;adaptateur ; cela peut entra\u00eener une augmentation dangereuse de la temp\u00e9rature.<br \/>-L\u2019utilisation d\u2019accessoires non fournis par le fabricant peut provoquer des incendies, des chocs \u00e9lectriques ou des blessures et endommager l\u2019appareil.<br \/>-N\u2019utilisez pas l\u2019appareil si un c\u00e2ble ou une fiche est endommag\u00e9(e) ou en cas de dysfonctionnement de l\u2019appareil ou si ce dernier tombe ou est endommag\u00e9 de n\u2019importe quelle autre fa\u00e7on.<br \/>-Si le cordon d\u2019alimentation ou l\u2019adaptateur est endommag\u00e9, il doit \u00eatre remplac\u00e9 par le fabricant ou son agent de maintenance ou toute autre personne qualifi\u00e9e de fa\u00e7on \u00e0 \u00e9viter tout danger \u00e9ventuel.<\/p>\n<p>AVERTISSEMENT:<br \/>N\u2019utilisez pas cet appareil \u00e0 proximit\u00e9 d\u2019une baignoire, d\u2019une douche, d\u2019un lavabo ou de tout autre r\u00e9cipient contenant de l\u2019eau.<br \/>-Afin d\u2019\u00e9viter tout risque d\u2019\u00e9lectrocution, ne plongez jamais l\u2019appareil dans l\u2019eau ou ne le laissez pas en contact avec de l\u2019eau ou d\u2019autres liquides. N\u2019utilisez pas l\u2019appareil avec les mains mouill\u00e9es. Si l\u2019appareil est mouill\u00e9 ou tombe dans l\u2019eau, d\u00e9branchez imm\u00e9diatement la fiche de la prise de courant. Ne mettez pas vos mains dans l\u2019eau. Ne touchez pas l&rsquo;adaptateur d&rsquo;alimentation \u00e9lectrique avec les mains mouill\u00e9es, en particulier lorsque vous le branchez ou le d\u00e9branchez de la prise de courant.<br \/>-N\u2019utilisez pas l\u2019appareil pendant le bain. N\u2019utilisez pas l\u2019appareil \u00e0 l\u2019ext\u00e9rieur ou dans des locaux humides ; <br \/>-Lors d\u2019une utilisation dans la salle de bain, d\u00e9branchez l\u2019appareil apr\u00e8s usage, la proximit\u00e9 de l\u2019eau \u00e9tant susceptible de pr\u00e9senter un risque m\u00eame lorsque l\u2019appareil est \u00e9teint.<br \/>-Ne placez pas l&rsquo;appareil sur des surfaces ou des tissus humides pendant son fonctionnement.<br \/>-Nettoyez-le syst\u00e9matiquement apr\u00e8s utilisation.<br \/>-Cet appareil est destin\u00e9 \u00e0 couper uniquement les cheveux humains naturels. Il ne peut pas \u00eatre utilis\u00e9 pour couper des cheveux artificiels ou des poils d\u2019animaux. L&rsquo;utilisation du produit \u00e0 des fins autres que celles pr\u00e9vues entra\u00eene l&rsquo;annulation de la garantie.<\/p>\n<p>ENTRETIEN ET NETTOYAGE <br \/>-Ne tenez pas l&rsquo;adaptateur avec les mains mouill\u00e9es lorsque vous le branchez et le d\u00e9branchez de la prise de courant. L&rsquo;adaptateur et le cordon d&rsquo;alimentation doivent toujours \u00eatre secs.<br \/>-Avant tout nettoyage et entretien, \u00e9teignez toujours l&rsquo;appareil et d\u00e9branchez l&rsquo;adaptateur de la prise de courant. Retirez le sabot pour le nettoyer correctement.<br \/>-N\u2019immergez jamais l\u2019appareil dans l\u2019eau ou tout autre liquide. Cela peut endommager les parties sous tension (accumulateurs). Si n\u00e9cessaire, rincez les sabots en plastique \u00e0 l&rsquo;eau courante, puis s\u00e9chez-les soigneusement. Retirez les restes de cheveux de la t\u00eate de coupe avec une brosse de nettoyage. N&rsquo;essayez jamais de retirer les corps \u00e9trangers de la tondeuse \u00e0 l&rsquo;aide d&rsquo;objets pointus (par exemple, un peigne).<br \/>-Afin de r\u00e9duire la friction, il faut de temps en temps ins\u00e9rer une ou deux gouttes d&rsquo;huile entre les lames et la r\u00e9partir uniform\u00e9ment. Enlevez l&rsquo;exc\u00e8s d&rsquo;huile avec un chiffon.<\/div>\n<\/div>\n<\/div>\n<\/div>\n<\/div>\n","protected":false},"excerpt":{"rendered":"<p>Points cl\u00e9s Fonctionne sur batterie ou fil \u00e9lectrique Lame en c\u00e9ramique amovible Puissant moteur de&hellip;<\/p>\n","protected":false},"featured_media":16349,"comment_status":"open","ping_status":"closed","template":"","meta":[],"pwb-brand":[653],"product_cat":[612],"product_tag":[613,347,127],"class_list":{"0":"post-27367","1":"product","2":"type-product","3":"status-publish","4":"has-post-thumbnail","6":"pwb-brand-s-pro","7":"product_cat-essentiels-coiffure-pour-etudiants","8":"product_tag-essentiels-coiffure-pour-etudiants","9":"product_tag-s-pro","10":"product_tag-shampooing-et-coiffure","12":"first","13":"instock","14":"taxable","15":"shipping-taxable","16":"purchasable","17":"product-type-simple","18":"layout-style-3","19":"col-md-4 col-sm-4 col-xs-6","20":"col-lg-3","21":"product-style-default"},"aioseo_notices":[],"brands":[{"id":653,"name":"S-PRO","slug":"s-pro"}],"_links":{"self":[{"href":"https:\/\/cheveuxluxe.com\/index.php\/wp-json\/wp\/v2\/product\/27367","targetHints":{"allow":["GET"]}}],"collection":[{"href":"https:\/\/cheveuxluxe.com\/index.php\/wp-json\/wp\/v2\/product"}],"about":[{"href":"https:\/\/cheveuxluxe.com\/index.php\/wp-json\/wp\/v2\/types\/product"}],"replies":[{"embeddable":true,"href":"https:\/\/cheveuxluxe.com\/index.php\/wp-json\/wp\/v2\/comments?post=27367"}],"version-history":[{"count":0,"href":"https:\/\/cheveuxluxe.com\/index.php\/wp-json\/wp\/v2\/product\/27367\/revisions"}],"wp:featuredmedia":[{"embeddable":true,"href":"https:\/\/cheveuxluxe.com\/index.php\/wp-json\/wp\/v2\/media\/16349"}],"wp:attachment":[{"href":"https:\/\/cheveuxluxe.com\/index.php\/wp-json\/wp\/v2\/media?parent=27367"}],"wp:term":[{"taxonomy":"pwb-brand","embeddable":true,"href":"https:\/\/cheveuxluxe.com\/index.php\/wp-json\/wp\/v2\/pwb-brand?post=27367"},{"taxonomy":"product_cat","embeddable":true,"href":"https:\/\/cheveuxluxe.com\/index.php\/wp-json\/wp\/v2\/product_cat?post=27367"},{"taxonomy":"product_tag","embeddable":true,"href":"https:\/\/cheveuxluxe.com\/index.php\/wp-json\/wp\/v2\/product_tag?post=27367"}],"curies":[{"name":"wp","href":"https:\/\/api.w.org\/{rel}","templated":true}]}}