{"id":27369,"date":"2024-04-09T20:51:49","date_gmt":"2024-04-09T20:51:49","guid":{"rendered":"https:\/\/cheveuxluxe.com\/index.php\/product\/wahl-tondeuse-detail-detailer-corded-32mm-t-blade-noir-chrome\/"},"modified":"2024-04-13T13:41:50","modified_gmt":"2024-04-13T13:41:50","slug":"wahl-tondeuse-detail-detailer-corded-32mm-t-blade-noir-chrome","status":"publish","type":"product","link":"https:\/\/cheveuxluxe.com\/index.php\/product\/wahl-tondeuse-detail-detailer-corded-32mm-t-blade-noir-chrome\/","title":{"rendered":"Wahl Tondeuse d\u00e9tail Detailer corded 32mm T-Blade\u00a0Noir Chrome"},"content":{"rendered":"<div class=\"product-content_bottom\">\n<div class=\"pdp-info\">\n<div class=\"pdp-tabs tab-container\">\n<div class=\"tab js-tab\">\n<h3 class=\"tab-title pdp-tabs_title js-tab-mobile-title open\"><span>Points cl\u00e9s<\/span><\/h3>\n<div class=\"tab-description pdp-tabs_description js-tab-description open\" itemprop=\"description\">\n<ul>\n<li>Tondeuse contours professionnelle sur secteur <\/li>\n<li>Moteur rotatif, 5.000 tr\/min<\/li>\n<li>Viss\u00e9e, Chrome Blade<\/li>\n<li>3 peignes adaptables #\u00bd (1,5 mm), #1 (3 mm), #1\u00bd (4,5mm), brosse de nettoyage, huile, prot\u00e8ge-lame<\/li>\n<\/ul>\n<\/div>\n<\/div>\n<div class=\"tab js-tab\">\n<h3 class=\"tab-title pdp-tabs_title js-tab-mobile-title\"><span>Description<\/span><\/h3>\n<div class=\"tab-description pdp-tabs_description js-tab-description\" itemprop=\"description\">PUISSANTE:<br \/>Tondeuse contours sur secteur performante et robuste pour une utilisation en continu.<\/p>\n<p>PROFESSIONNELLE:<br \/>Moteur rotatif r\u00e9sistant \u00e0 l\u00b4usure et d\u00b4une longue dur\u00e9e de vie.<\/p>\n<p>PR\u00c9CISE:<br \/>Pour des countours pr\u00e9cis et tous les travaux de pr\u00e9cision. Id\u00e9ale pour les petites mains.<\/p>\n<p>CHROME T-BLADE:<br \/>T\u00eate de coupe de pr\u00e9cision chrom\u00e9e WAHL\u00ae T-BLADE. Zero-Overlap (Z\u00e9ro chevauchement) r\u00e9glable pour une longueur de coupe extr\u00eamement courte.<\/div>\n<\/div>\n<div class=\"tab js-tab\">\n<h3 class=\"tab-title pdp-tabs_title js-tab-mobile-title\"><span>Livraison et stock<\/span><\/h3>\n<div class=\"tab-description pdp-tabs_description js-tab-description\">\n<div class=\"pdp-delivery_info\">\n<div class=\"content-asset\">Livraison et d\u00e9laisRetours et remboursements<\/div>\n<\/div>\n<\/div>\n<\/div>\n<div class=\"tab js-tab\">\n<h3 class=\"tab-title pdp-tabs_title js-tab-mobile-title\"><span>Pr\u00e9cautions d&#8217;emploi<\/span><\/h3>\n<div class=\"tab-description pdp-tabs_description js-tab-description\">Conserver hors de la port\u00e9e des enfants.<\/div>\n<\/div>\n<\/div>\n<\/div>\n<\/div>\n","protected":false},"excerpt":{"rendered":"<p>Points cl\u00e9s Tondeuse contours professionnelle sur secteur Moteur rotatif, 5.000 tr\/min Viss\u00e9e, Chrome Blade 3&hellip;<\/p>\n","protected":false},"featured_media":16380,"comment_status":"open","ping_status":"closed","template":"","meta":[],"pwb-brand":[666],"product_cat":[412],"product_tag":[177,180,397],"class_list":{"0":"post-27369","1":"product","2":"type-product","3":"status-publish","4":"has-post-thumbnail","6":"pwb-brand-wahl","7":"product_cat-tondeuses-de-finition","8":"product_tag-electro-et-materiel","9":"product_tag-tondeuses-de-finition","10":"product_tag-wahl","12":"first","13":"instock","14":"taxable","15":"shipping-taxable","16":"purchasable","17":"product-type-simple","18":"layout-style-3","19":"col-md-4 col-sm-4 col-xs-6","20":"col-lg-3","21":"product-has-gallery","22":"product-style-default"},"aioseo_notices":[],"brands":[{"id":666,"name":"Wahl","slug":"wahl"}],"_links":{"self":[{"href":"https:\/\/cheveuxluxe.com\/index.php\/wp-json\/wp\/v2\/product\/27369","targetHints":{"allow":["GET"]}}],"collection":[{"href":"https:\/\/cheveuxluxe.com\/index.php\/wp-json\/wp\/v2\/product"}],"about":[{"href":"https:\/\/cheveuxluxe.com\/index.php\/wp-json\/wp\/v2\/types\/product"}],"replies":[{"embeddable":true,"href":"https:\/\/cheveuxluxe.com\/index.php\/wp-json\/wp\/v2\/comments?post=27369"}],"version-history":[{"count":0,"href":"https:\/\/cheveuxluxe.com\/index.php\/wp-json\/wp\/v2\/product\/27369\/revisions"}],"wp:featuredmedia":[{"embeddable":true,"href":"https:\/\/cheveuxluxe.com\/index.php\/wp-json\/wp\/v2\/media\/16380"}],"wp:attachment":[{"href":"https:\/\/cheveuxluxe.com\/index.php\/wp-json\/wp\/v2\/media?parent=27369"}],"wp:term":[{"taxonomy":"pwb-brand","embeddable":true,"href":"https:\/\/cheveuxluxe.com\/index.php\/wp-json\/wp\/v2\/pwb-brand?post=27369"},{"taxonomy":"product_cat","embeddable":true,"href":"https:\/\/cheveuxluxe.com\/index.php\/wp-json\/wp\/v2\/product_cat?post=27369"},{"taxonomy":"product_tag","embeddable":true,"href":"https:\/\/cheveuxluxe.com\/index.php\/wp-json\/wp\/v2\/product_tag?post=27369"}],"curies":[{"name":"wp","href":"https:\/\/api.w.org\/{rel}","templated":true}]}}