{"id":27374,"date":"2024-04-09T20:52:00","date_gmt":"2024-04-09T20:52:00","guid":{"rendered":"https:\/\/cheveuxluxe.com\/index.php\/product\/wahl-tondeuse-super-taper\/"},"modified":"2024-04-13T13:41:14","modified_gmt":"2024-04-13T13:41:14","slug":"wahl-tondeuse-super-taper","status":"publish","type":"product","link":"https:\/\/cheveuxluxe.com\/index.php\/product\/wahl-tondeuse-super-taper\/","title":{"rendered":"Wahl Tondeuse Super Taper"},"content":{"rendered":"<div class=\"product-content_bottom\">\n<div class=\"pdp-info\">\n<div class=\"pdp-tabs tab-container\">\n<div class=\"tab js-tab\">\n<h3 class=\"tab-title pdp-tabs_title js-tab-mobile-title open\"><span>Points cl\u00e9s<\/span><\/h3>\n<div class=\"tab-description pdp-tabs_description js-tab-description open\" itemprop=\"description\">\n<ul>\n<li> Puissance<\/li>\n<li>Pr\u00e9cision <\/li>\n<li>Long\u00e9vit\u00e9 <\/li>\n<li>Design <\/li>\n<\/ul>\n<\/div>\n<\/div>\n<div class=\"tab js-tab\">\n<h3 class=\"tab-title pdp-tabs_title js-tab-mobile-title\"><span>Description<\/span><\/h3>\n<div class=\"tab-description pdp-tabs_description js-tab-description\" itemprop=\"description\">\n<p>Con\u00e7u par une marque incontournable pour les professionnels, le mod\u00e8le Super Taper est par\u00e9 pour une utilisation continue : particuli\u00e8rement robuste, cette tondeuse est propuls\u00e9e par un puissant moteur V5000 brevet\u00e9, dot\u00e9 d\u2019une s\u00e9curit\u00e9 anti-surchauffe. \u00c0 la cl\u00e9, une efficacit\u00e9 dans la dur\u00e9e, adapt\u00e9e \u00e0 votre quotidien.<\/p>\n<p>Avec ses lames en chrome plaqu\u00e9, la Super Taper r\u00e9siste \u00e0 la rouille tout en proposant une qualit\u00e9 de coupe exceptionnelle. Gr\u00e2ce \u00e0 ses 6000 rotations par minute, cette tondeuse s\u2019adapte \u00e0 toutes les natures de cheveux : souples ou fris\u00e9s, fins ou \u00e9pais.<\/p>\n<p>La prise en main agr\u00e9able et le design ergonomique vous garantissent un confort optimal jusqu\u2019au geste final. Vous \u00eates \u00e0 l\u2019aise pour assurer tout au long de la journ\u00e9e ! La Super Taper est livr\u00e9e avec ses accessoires: 4 peignes adaptables (3 mm, 6 mm, 10 mm, 13 mm), peigne \u00e0 coiffer Flat-top, brosse de nettoyage, huile, protection anti-coupures.<\/p>\n<p>T\u00eate de coupe : VR014016<\/p>\n<\/div>\n<\/div>\n<div class=\"tab js-tab\">\n<h3 class=\"tab-title pdp-tabs_title js-tab-mobile-title\"><span>Mode d&#8217;emploi<\/span><\/h3>\n<div class=\"tab-description pdp-tabs_description js-tab-description\">S\u00e9lectionnez le sabot (parmi les 4 livr\u00e9s avec la tondeuse) selon la nature des cheveux et la coupe d\u00e9sir\u00e9e par votre client. Placez le sabot sur la tondeuse et branchez l\u2019appareil.\u00c0 la fin de l\u2019utilisation, nettoyez avec le peigne pr\u00e9vu \u00e0 cet effet. Pour prolonger la long\u00e9vit\u00e9 du mod\u00e8le Super Taper, entretenez r\u00e9guli\u00e8rement les lames avec une petite quantit\u00e9 de lubrifiant.<\/div>\n<\/div>\n<div class=\"tab js-tab\">\n<h3 class=\"tab-title pdp-tabs_title js-tab-mobile-title\"><span>Livraison et stock<\/span><\/h3>\n<div class=\"tab-description pdp-tabs_description js-tab-description\">\n<div class=\"pdp-delivery_info\">\n<div class=\"content-asset\">Livraison et d\u00e9laisRetours et remboursements<\/div>\n<\/div>\n<\/div>\n<\/div>\n<\/div>\n<\/div>\n<\/div>\n","protected":false},"excerpt":{"rendered":"<p>Points cl\u00e9s Puissance Pr\u00e9cision Long\u00e9vit\u00e9 Design Description Con\u00e7u par une marque incontournable pour les professionnels,&hellip;<\/p>\n","protected":false},"featured_media":27370,"comment_status":"open","ping_status":"closed","template":"","meta":[],"pwb-brand":[666],"product_cat":[392],"product_tag":[177,178,397],"class_list":{"0":"post-27374","1":"product","2":"type-product","3":"status-publish","4":"has-post-thumbnail","6":"pwb-brand-wahl","7":"product_cat-tondeuses-cheveux","8":"product_tag-electro-et-materiel","9":"product_tag-tondeuses-cheveux","10":"product_tag-wahl","12":"first","13":"instock","14":"taxable","15":"shipping-taxable","16":"purchasable","17":"product-type-simple","18":"layout-style-3","19":"col-md-4 col-sm-4 col-xs-6","20":"col-lg-3","21":"product-has-gallery","22":"product-style-default"},"aioseo_notices":[],"brands":[{"id":666,"name":"Wahl","slug":"wahl"}],"_links":{"self":[{"href":"https:\/\/cheveuxluxe.com\/index.php\/wp-json\/wp\/v2\/product\/27374","targetHints":{"allow":["GET"]}}],"collection":[{"href":"https:\/\/cheveuxluxe.com\/index.php\/wp-json\/wp\/v2\/product"}],"about":[{"href":"https:\/\/cheveuxluxe.com\/index.php\/wp-json\/wp\/v2\/types\/product"}],"replies":[{"embeddable":true,"href":"https:\/\/cheveuxluxe.com\/index.php\/wp-json\/wp\/v2\/comments?post=27374"}],"version-history":[{"count":0,"href":"https:\/\/cheveuxluxe.com\/index.php\/wp-json\/wp\/v2\/product\/27374\/revisions"}],"wp:featuredmedia":[{"embeddable":true,"href":"https:\/\/cheveuxluxe.com\/index.php\/wp-json\/wp\/v2\/media\/27370"}],"wp:attachment":[{"href":"https:\/\/cheveuxluxe.com\/index.php\/wp-json\/wp\/v2\/media?parent=27374"}],"wp:term":[{"taxonomy":"pwb-brand","embeddable":true,"href":"https:\/\/cheveuxluxe.com\/index.php\/wp-json\/wp\/v2\/pwb-brand?post=27374"},{"taxonomy":"product_cat","embeddable":true,"href":"https:\/\/cheveuxluxe.com\/index.php\/wp-json\/wp\/v2\/product_cat?post=27374"},{"taxonomy":"product_tag","embeddable":true,"href":"https:\/\/cheveuxluxe.com\/index.php\/wp-json\/wp\/v2\/product_tag?post=27374"}],"curies":[{"name":"wp","href":"https:\/\/api.w.org\/{rel}","templated":true}]}}