{"id":27375,"date":"2024-04-09T20:52:00","date_gmt":"2024-04-09T20:52:00","guid":{"rendered":"https:\/\/cheveuxluxe.com\/index.php\/product\/babyliss-pro-tondeuse-de-finition-etch-fx69ze\/"},"modified":"2024-04-13T16:17:38","modified_gmt":"2024-04-13T16:17:38","slug":"babyliss-pro-tondeuse-de-finition-etch-fx69ze","status":"publish","type":"product","link":"https:\/\/cheveuxluxe.com\/index.php\/product\/babyliss-pro-tondeuse-de-finition-etch-fx69ze\/","title":{"rendered":"BaByliss Pro Tondeuse de Finition ETCH\/FX69ZE"},"content":{"rendered":"<div class=\"product-content_bottom\">\n<div class=\"pdp-info\">\n<div class=\"pdp-tabs tab-container\">\n<div class=\"tab js-tab\">\n<h3 class=\"tab-title pdp-tabs_title js-tab-mobile-title open\"><span>Points cl\u00e9s<\/span><\/h3>\n<div class=\"tab-description pdp-tabs_description js-tab-description open\" itemprop=\"description\">\n<ul>\n<li>Lame de pr\u00e9cision 40mm<\/li>\n<li>Moteur DC puissant<\/li>\n<li>L\u00e9g\u00e8re, silencieuse, ne chauffe pas<\/li>\n<li>4 Guides de coupe 3-6-10-13 mm<\/li>\n<\/ul>\n<\/div>\n<\/div>\n<div class=\"tab js-tab\">\n<h3 class=\"tab-title pdp-tabs_title js-tab-mobile-title\"><span>Description<\/span><\/h3>\n<div class=\"tab-description pdp-tabs_description js-tab-description\" itemprop=\"description\">La tondeuse de finition ETCHFX FX69ZE est compacte, l\u00e9g\u00e8re et puissante.<\/p>\n<p>Gr\u00e2ce \u00e0 son fonctionnement sur fil, elle est parfaite pour les travaux de coupe minutieux, qui prennent du temps, comme le hair design.<br \/>Un moteur DC puissant lui assure un fonctionnement silencieux, sans surchauffe et sans vibrations ainsi que 5500 mouvements de lame par minute.<\/p>\n<p>Sa lame en \u00ab T \u00bb de 40 mm en acier inoxydable offre 25% de surface de coupe de plus qu\u2019une lame en \u00ab U \u00bb traditionnelle, permettant ainsi un travail dans la masse plus rapide et plus efficace.<br \/>Plus longue, elle rend \u00e9galement plus facile la r\u00e9alisation de lignes droites nettes sur le cou et la nuque.<br \/>Les bords de la lame sont parfaits pour le trac\u00e9 de cercles et la r\u00e9alisation de dessins complexes.<br \/>Elle est r\u00e9glable \u00e0 z\u00e9ro pour r\u00e9aliser des coupes et des dessins \u00e0 blanc en toute facilit\u00e9.<br \/>Gr\u00e2ce \u00e0 l\u2019outil de r\u00e9glage \u00e0 z\u00e9ro sp\u00e9cialement d\u00e9velopp\u00e9 \u00e0 cet effet, aucun risque de mal aligner lame fixe et lame mobile et un r\u00e9sultat net, pr\u00e9cis et parfait, en toute s\u00e9curit\u00e9.<br \/>Un c\u00f4t\u00e9 de l\u2019outil de r\u00e9glage est \u00e9tudi\u00e9 pour permettre le r\u00e9glage pr\u00e9cis \u00e0 z\u00e9ro, l\u2019autre c\u00f4t\u00e9 permet de revenir \u00e0 une hauteur de 0.5 mm.<\/p>\n<p>Id\u00e9ale pour les coupes \u00e0 blanc, les contours, les motifs, dessins et autres trac\u00e9s de pr\u00e9cision. Elle est \u00e9galement parfaite pour entretenir les pattes, la nuque mais aussi la barbe.<\/p>\n<p>Caract\u00e9ristiques<br \/>-Lame de pr\u00e9cision 40mm en \u00ab T \u00bb en acier inoxydable r\u00e9glable \u00e0 z\u00e9ro<br \/>-Moteur DC puissant<br \/>-5500 mouvements de lame par minute<br \/>-L\u00e9g\u00e8re, silencieuse, ne chauffe pas<br \/>-4 Guides de coupe 3-6-10-13 mm<br \/>-Cordon professionnel de 3 m<br \/>-Livr\u00e9e avec huile lubrifiante et brosse de nettoyage<br \/>-Bi-voltage<\/div>\n<\/div>\n<div class=\"tab js-tab\">\n<h3 class=\"tab-title pdp-tabs_title js-tab-mobile-title\"><span>Livraison et stock<\/span><\/h3>\n<div class=\"tab-description pdp-tabs_description js-tab-description\">\n<div class=\"pdp-delivery_info\">\n<div class=\"content-asset\">Livraison et d\u00e9laisRetours et remboursements<\/div>\n<\/div>\n<\/div>\n<\/div>\n<\/div>\n<\/div>\n<\/div>\n","protected":false},"excerpt":{"rendered":"<p>Points cl\u00e9s Lame de pr\u00e9cision 40mm Moteur DC puissant L\u00e9g\u00e8re, silencieuse, ne chauffe pas 4&hellip;<\/p>\n","protected":false},"featured_media":16392,"comment_status":"open","ping_status":"closed","template":"","meta":[],"pwb-brand":[629],"product_cat":[412],"product_tag":[405,177,180],"class_list":{"0":"post-27375","1":"product","2":"type-product","3":"status-publish","4":"has-post-thumbnail","6":"pwb-brand-babyliss-pro","7":"product_cat-tondeuses-de-finition","8":"product_tag-babyliss-pro","9":"product_tag-electro-et-materiel","10":"product_tag-tondeuses-de-finition","12":"first","13":"instock","14":"taxable","15":"shipping-taxable","16":"purchasable","17":"product-type-simple","18":"layout-style-3","19":"col-md-4 col-sm-4 col-xs-6","20":"col-lg-3","21":"product-style-default"},"aioseo_notices":[],"brands":[{"id":629,"name":"BaByliss PRO","slug":"babyliss-pro"}],"_links":{"self":[{"href":"https:\/\/cheveuxluxe.com\/index.php\/wp-json\/wp\/v2\/product\/27375","targetHints":{"allow":["GET"]}}],"collection":[{"href":"https:\/\/cheveuxluxe.com\/index.php\/wp-json\/wp\/v2\/product"}],"about":[{"href":"https:\/\/cheveuxluxe.com\/index.php\/wp-json\/wp\/v2\/types\/product"}],"replies":[{"embeddable":true,"href":"https:\/\/cheveuxluxe.com\/index.php\/wp-json\/wp\/v2\/comments?post=27375"}],"version-history":[{"count":0,"href":"https:\/\/cheveuxluxe.com\/index.php\/wp-json\/wp\/v2\/product\/27375\/revisions"}],"wp:featuredmedia":[{"embeddable":true,"href":"https:\/\/cheveuxluxe.com\/index.php\/wp-json\/wp\/v2\/media\/16392"}],"wp:attachment":[{"href":"https:\/\/cheveuxluxe.com\/index.php\/wp-json\/wp\/v2\/media?parent=27375"}],"wp:term":[{"taxonomy":"pwb-brand","embeddable":true,"href":"https:\/\/cheveuxluxe.com\/index.php\/wp-json\/wp\/v2\/pwb-brand?post=27375"},{"taxonomy":"product_cat","embeddable":true,"href":"https:\/\/cheveuxluxe.com\/index.php\/wp-json\/wp\/v2\/product_cat?post=27375"},{"taxonomy":"product_tag","embeddable":true,"href":"https:\/\/cheveuxluxe.com\/index.php\/wp-json\/wp\/v2\/product_tag?post=27375"}],"curies":[{"name":"wp","href":"https:\/\/api.w.org\/{rel}","templated":true}]}}