{"id":27377,"date":"2024-04-09T20:52:01","date_gmt":"2024-04-09T20:52:01","guid":{"rendered":"https:\/\/cheveuxluxe.com\/index.php\/product\/wahl-tondeuse-de-coupe-legend\/"},"modified":"2024-04-13T13:41:15","modified_gmt":"2024-04-13T13:41:15","slug":"wahl-tondeuse-de-coupe-legend","status":"publish","type":"product","link":"https:\/\/cheveuxluxe.com\/index.php\/product\/wahl-tondeuse-de-coupe-legend\/","title":{"rendered":"Wahl Tondeuse de coupe Legend"},"content":{"rendered":"<div class=\"product-content_bottom\">\n<div class=\"pdp-info\">\n<div class=\"pdp-tabs tab-container\">\n<div class=\"tab js-tab\">\n<h3 class=\"tab-title pdp-tabs_title js-tab-mobile-title open\"><span>Points cl\u00e9s<\/span><\/h3>\n<div class=\"tab-description pdp-tabs_description js-tab-description open\" itemprop=\"description\">\n<ul>\n<li>Puissante tondeuse \u00e0 fil pour usage intensif<\/li>\n<li>Moteur professionnel du vibrateur V9000<\/li>\n<li>Technologie de lames chrom\u00e9es \u00ab\u00a0Crunch\u00a0\u00bb<\/li>\n<li>Levier de r\u00e9glage de la d\u00e9coloration, de la conicit\u00e9 et de la texture<\/li>\n<li>Comprend 8\u00a0accessoires de peigne de qualit\u00e9<\/li>\n<\/ul>\n<\/div>\n<\/div>\n<div class=\"tab js-tab\">\n<h3 class=\"tab-title pdp-tabs_title js-tab-mobile-title\"><span>Description<\/span><\/h3>\n<div class=\"tab-description pdp-tabs_description js-tab-description\" itemprop=\"description\">\n<p>La Wahl Legend est une puissante tondeuse \u00e0 fil robuste avec un moteur professionnel V9000 \u00e0 vibrateur pour une durabilit\u00e9, une puissance et une long\u00e9vit\u00e9 ultimes. La lame Crunch est chrom\u00e9e pour une coupe plus douce. La lame inf\u00e9rieure a des dents plus longues et, combin\u00e9e \u00e0 la lame sup\u00e9rieure, elle pr\u00e9sente un angle de coupe unique pour une coupe plus fluide.<\/p>\n<p>Le levier pratique du pouce permet de r\u00e9gler la conicit\u00e9 sans changer de lame et offre une longue port\u00e9e pour une longueur de coupe et un contr\u00f4le accrus. Comprend \u00e9galement 8\u00a0peignes de qualit\u00e9 sup\u00e9rieure offrant les grades 1, 1,5, 2, 3, 4, 5, 6, 7 et 8. Con\u00e7u aux \u00c9tats-Unis pour une qualit\u00e9 exceptionnelle, cet \u00e9l\u00e9gant kit de tondeuse comprend une tondeuse \u00e0 cordon, 8\u00a0peignes de qualit\u00e9 sup\u00e9rieure, un peigne plat, un prot\u00e8ge-lame, de l&rsquo;huile et une brosse de nettoyage.<\/p>\n<p>T\u00eate de coupe : VR029920<\/p>\n<\/div>\n<\/div>\n<div class=\"tab js-tab\">\n<h3 class=\"tab-title pdp-tabs_title js-tab-mobile-title\"><span>Livraison et stock<\/span><\/h3>\n<div class=\"tab-description pdp-tabs_description js-tab-description\">\n<div class=\"pdp-delivery_info\">\n<div class=\"content-asset\">Livraison et d\u00e9laisRetours et remboursements<\/div>\n<\/div>\n<\/div>\n<\/div>\n<\/div>\n<\/div>\n<\/div>\n","protected":false},"excerpt":{"rendered":"<p>Points cl\u00e9s Puissante tondeuse \u00e0 fil pour usage intensif Moteur professionnel du vibrateur V9000 Technologie&hellip;<\/p>\n","protected":false},"featured_media":16368,"comment_status":"open","ping_status":"closed","template":"","meta":[],"pwb-brand":[666],"product_cat":[392],"product_tag":[177,178,397],"class_list":{"0":"post-27377","1":"product","2":"type-product","3":"status-publish","4":"has-post-thumbnail","6":"pwb-brand-wahl","7":"product_cat-tondeuses-cheveux","8":"product_tag-electro-et-materiel","9":"product_tag-tondeuses-cheveux","10":"product_tag-wahl","12":"first","13":"instock","14":"taxable","15":"shipping-taxable","16":"purchasable","17":"product-type-simple","18":"layout-style-3","19":"col-md-4 col-sm-4 col-xs-6","20":"col-lg-3","21":"product-has-gallery","22":"product-style-default"},"aioseo_notices":[],"brands":[{"id":666,"name":"Wahl","slug":"wahl"}],"_links":{"self":[{"href":"https:\/\/cheveuxluxe.com\/index.php\/wp-json\/wp\/v2\/product\/27377","targetHints":{"allow":["GET"]}}],"collection":[{"href":"https:\/\/cheveuxluxe.com\/index.php\/wp-json\/wp\/v2\/product"}],"about":[{"href":"https:\/\/cheveuxluxe.com\/index.php\/wp-json\/wp\/v2\/types\/product"}],"replies":[{"embeddable":true,"href":"https:\/\/cheveuxluxe.com\/index.php\/wp-json\/wp\/v2\/comments?post=27377"}],"version-history":[{"count":0,"href":"https:\/\/cheveuxluxe.com\/index.php\/wp-json\/wp\/v2\/product\/27377\/revisions"}],"wp:featuredmedia":[{"embeddable":true,"href":"https:\/\/cheveuxluxe.com\/index.php\/wp-json\/wp\/v2\/media\/16368"}],"wp:attachment":[{"href":"https:\/\/cheveuxluxe.com\/index.php\/wp-json\/wp\/v2\/media?parent=27377"}],"wp:term":[{"taxonomy":"pwb-brand","embeddable":true,"href":"https:\/\/cheveuxluxe.com\/index.php\/wp-json\/wp\/v2\/pwb-brand?post=27377"},{"taxonomy":"product_cat","embeddable":true,"href":"https:\/\/cheveuxluxe.com\/index.php\/wp-json\/wp\/v2\/product_cat?post=27377"},{"taxonomy":"product_tag","embeddable":true,"href":"https:\/\/cheveuxluxe.com\/index.php\/wp-json\/wp\/v2\/product_tag?post=27377"}],"curies":[{"name":"wp","href":"https:\/\/api.w.org\/{rel}","templated":true}]}}