{"id":27385,"date":"2024-04-09T20:52:13","date_gmt":"2024-04-09T20:52:13","guid":{"rendered":"https:\/\/cheveuxluxe.com\/index.php\/product\/babyliss-pro-tondeuse-de-coupe-rose\/"},"modified":"2024-04-13T16:19:49","modified_gmt":"2024-04-13T16:19:49","slug":"babyliss-pro-tondeuse-de-coupe-rose","status":"publish","type":"product","link":"https:\/\/cheveuxluxe.com\/index.php\/product\/babyliss-pro-tondeuse-de-coupe-rose\/","title":{"rendered":"BaByliss Pro Tondeuse de Coupe Rose"},"content":{"rendered":"<div class=\"product-content_bottom\">\n<div class=\"pdp-info\">\n<div class=\"pdp-tabs tab-container\">\n<div class=\"tab js-tab\">\n<h3 class=\"tab-title pdp-tabs_title js-tab-mobile-title open\"><span>Points cl\u00e9s<\/span><\/h3>\n<div class=\"tab-description pdp-tabs_description js-tab-description open\" itemprop=\"description\">\n<ul>\n<li> Socle de charge<\/li>\n<li>Lame de 45 mm en acier japonais<\/li>\n<li>Moteur digital longue dur\u00e9e \u00e0 couple \u00e9lev\u00e9<\/li>\n<li>6000 mouvements de lame par minute<\/li>\n<li>R\u00e9glage de la hauteur de coupe sur 5 niveaux<\/li>\n<li>Batterie au Lithium longue dur\u00e9e<\/li>\n<li>8 guides de coupe<\/li>\n<li>Brosse de nettoyage et huile lubrifiante <\/li>\n<\/ul>\n<\/div>\n<\/div>\n<div class=\"tab js-tab\">\n<h3 class=\"tab-title pdp-tabs_title js-tab-mobile-title\"><span>Description<\/span><\/h3>\n<div class=\"tab-description pdp-tabs_description js-tab-description\" itemprop=\"description\">Pourvue d\u2019un moteur EDM TECHNOLOGY* d\u00e9velopp\u00e9 en collaboration avec FERRARI, d\u2019une batterie au Lithium et d\u2019une lame en acier japonais, la FX8700RGE de BaBylissPRO\u00ae <br \/> est enti\u00e8rement m\u00e9tallique, 100% professionnelle et a \u00e9t\u00e9 con\u00e7ue pour les coiffeurs et barbiers exigeants qui recherchent fiabilit\u00e9, flexibilit\u00e9, temps de charge tr\u00e8s court et autonomie maximale.<br \/>Cette machine dont le design hors du commun fait la diff\u00e9rence avec ses comp\u00e9titrices, est \u00e9galement tr\u00e8s puissante et une ergonomie optimale lui conf\u00e8re un \u00e9quilibre parfait.<br \/>Elle est aussi performante pour les travaux de coupe importants que pour les travaux de pr\u00e9cision (d\u00e9grad\u00e9s, contours, hair tattoo\u2026).<\/p>\n<p>LAME PLATE HAUT DE GAMME<br \/>Lame de pr\u00e9cision de 45 mm en acier japonais avec angle de coupe en V tr\u00e8s affut\u00e9. Cette lame plate est id\u00e9ale pour la r\u00e9alisation de fondus. Pouvant aller au plus pr\u00e8s de la peau, elle est parfaite pour venir \u00e0 bout des coupes difficiles ainsi que des sillons de la peau contre lesquels les rasoirs sont souvent inefficaces.<\/p>\n<p>PUISSANCE<br \/>Haute performance, puissance et pr\u00e9cision de coupe garanties par un moteur digital g\u00e9r\u00e9 par \u00e9lectronique \u00e0 couple \u00e9lev\u00e9. <br \/>L\u2019avanc\u00e9e technologique que repr\u00e9sente un moteur digital g\u00e9r\u00e9 par \u00e9lectronique lui permet d\u2019\u00eatre plus l\u00e9ger, d\u2019\u00eatre plus \u00e9conome \u00e9nerg\u00e9tiquement, d\u2019avoir une dur\u00e9e de vie beaucoup plus longue, de g\u00e9n\u00e9rer moins de vibrations et de pollution sonore.<br \/>Cette machine est id\u00e9ale pour tous les types de cheveux.<br \/>Elle fonctionne avec ou sans fil au m\u00eame niveau \u00e9lev\u00e9 de puissance.<\/p>\n<p>100% PROFESSIONNELLE<br \/>Le corps de la tondeuse, robuste et enti\u00e8rement m\u00e9tallique, est con\u00e7u pour une utilisation intensive et offre une fiabilit\u00e9 100% professionnelle. <br \/>Une charge totale ultra rapide atteinte en seulement 3 heures et une autonomie en fonctionnement continu de 2 heures garantissent aux professionnels une flexibilit\u00e9 maximale, un gain de temps et plus d\u2019efficacit\u00e9 dans leur travail. Un voltage universel leur permet d\u2019emmener leur tondeuse partout avec eux.<\/p>\n<p>CONFORT<br \/>Le design de la FX8700RGE a \u00e9t\u00e9 \u00e9tudi\u00e9 scientifiquement pour offrir un \u00e9quilibre total et une ergonomie parfaite. La texture rainur\u00e9e et antiglisse de la poign\u00e9e garantit une prise en main assur\u00e9e ainsi qu\u2019un grand confort en utilisation.<\/p>\n<p>CARACTERISTIQUES<br \/>Socle de charge<br \/>Lame de 45 mm en acier japonais<br \/>Moteur digital longue dur\u00e9e \u00e0 couple \u00e9lev\u00e9<br \/>6000 mouvements de lame par minute<br \/>R\u00e9glage de la hauteur de coupe sur 5 niveaux (0.8 \u2013 1.4 \u2013 2 \u2013 2.8 \u2013 3.5 mm)<br \/>Batterie au Lithium longue dur\u00e9e<br \/>8 guides de coupe (1.5 \u2013 3 \u2013 4.8 \u2013 6 \u2013 10 \u2013 13 \u2013 16 \u2013 19 mm)<br \/>Brosse de nettoyage et huile lubrifiante<\/div>\n<\/div>\n<div class=\"tab js-tab\">\n<h3 class=\"tab-title pdp-tabs_title js-tab-mobile-title\"><span>Livraison et stock<\/span><\/h3>\n<div class=\"tab-description pdp-tabs_description js-tab-description\">\n<div class=\"pdp-delivery_info\">\n<div class=\"content-asset\">Livraison et d\u00e9laisRetours et remboursements<\/div>\n<\/div>\n<\/div>\n<\/div>\n<\/div>\n<\/div>\n<\/div>\n","protected":false},"excerpt":{"rendered":"<p>Points cl\u00e9s Socle de charge Lame de 45 mm en acier japonais Moteur digital longue&hellip;<\/p>\n","protected":false},"featured_media":27381,"comment_status":"open","ping_status":"closed","template":"","meta":[],"pwb-brand":[629],"product_cat":[392],"product_tag":[405,177,178],"class_list":{"0":"post-27385","1":"product","2":"type-product","3":"status-publish","4":"has-post-thumbnail","6":"pwb-brand-babyliss-pro","7":"product_cat-tondeuses-cheveux","8":"product_tag-babyliss-pro","9":"product_tag-electro-et-materiel","10":"product_tag-tondeuses-cheveux","12":"first","13":"instock","14":"taxable","15":"shipping-taxable","16":"purchasable","17":"product-type-simple","18":"layout-style-3","19":"col-md-4 col-sm-4 col-xs-6","20":"col-lg-3","21":"product-has-gallery","22":"product-style-default"},"aioseo_notices":[],"brands":[{"id":629,"name":"BaByliss PRO","slug":"babyliss-pro"}],"_links":{"self":[{"href":"https:\/\/cheveuxluxe.com\/index.php\/wp-json\/wp\/v2\/product\/27385","targetHints":{"allow":["GET"]}}],"collection":[{"href":"https:\/\/cheveuxluxe.com\/index.php\/wp-json\/wp\/v2\/product"}],"about":[{"href":"https:\/\/cheveuxluxe.com\/index.php\/wp-json\/wp\/v2\/types\/product"}],"replies":[{"embeddable":true,"href":"https:\/\/cheveuxluxe.com\/index.php\/wp-json\/wp\/v2\/comments?post=27385"}],"version-history":[{"count":0,"href":"https:\/\/cheveuxluxe.com\/index.php\/wp-json\/wp\/v2\/product\/27385\/revisions"}],"wp:featuredmedia":[{"embeddable":true,"href":"https:\/\/cheveuxluxe.com\/index.php\/wp-json\/wp\/v2\/media\/27381"}],"wp:attachment":[{"href":"https:\/\/cheveuxluxe.com\/index.php\/wp-json\/wp\/v2\/media?parent=27385"}],"wp:term":[{"taxonomy":"pwb-brand","embeddable":true,"href":"https:\/\/cheveuxluxe.com\/index.php\/wp-json\/wp\/v2\/pwb-brand?post=27385"},{"taxonomy":"product_cat","embeddable":true,"href":"https:\/\/cheveuxluxe.com\/index.php\/wp-json\/wp\/v2\/product_cat?post=27385"},{"taxonomy":"product_tag","embeddable":true,"href":"https:\/\/cheveuxluxe.com\/index.php\/wp-json\/wp\/v2\/product_tag?post=27385"}],"curies":[{"name":"wp","href":"https:\/\/api.w.org\/{rel}","templated":true}]}}