{"id":27397,"date":"2024-04-09T20:52:22","date_gmt":"2024-04-09T20:52:22","guid":{"rendered":"https:\/\/cheveuxluxe.com\/index.php\/product\/wahl-kit-tondeuse-de-coupe-supertaper-tondeuse-de-finition-supertrimmer\/"},"modified":"2024-04-13T13:41:24","modified_gmt":"2024-04-13T13:41:24","slug":"wahl-kit-tondeuse-de-coupe-supertaper-tondeuse-de-finition-supertrimmer","status":"publish","type":"product","link":"https:\/\/cheveuxluxe.com\/index.php\/product\/wahl-kit-tondeuse-de-coupe-supertaper-tondeuse-de-finition-supertrimmer\/","title":{"rendered":"Wahl Kit Tondeuse de coupe SuperTaper + tondeuse de finition SuperTrimmer"},"content":{"rendered":"<div class=\"product-content_bottom\">\n<div class=\"pdp-info\">\n<div class=\"pdp-tabs tab-container\">\n<div class=\"tab js-tab\">\n<h3 class=\"tab-title pdp-tabs_title js-tab-mobile-title open\"><span>Points cl\u00e9s<\/span><\/h3>\n<div class=\"tab-description pdp-tabs_description js-tab-description open\" itemprop=\"description\">\n<ul>\n<li> Kit 2 en 1 <\/li>\n<li>Coupe et finition <\/li>\n<li>Peignes inclus <\/li>\n<li>Qualit\u00e9 professionnelle <\/li>\n<\/ul>\n<\/div>\n<\/div>\n<div class=\"tab js-tab\">\n<h3 class=\"tab-title pdp-tabs_title js-tab-mobile-title\"><span>Description<\/span><\/h3>\n<div class=\"tab-description pdp-tabs_description js-tab-description\" itemprop=\"description\">Tondeuse de coupe professionnelle fonctionnant sur secteur, la SuperTaper dispose d\u2019un moteur \u00e0 armature oscillante V5000, une technologie qui promet une puissance hors pair. L\u2019autre point fort de ce moteur ? Il allonge consid\u00e9rablement la dur\u00e9e de vie de votre tondeuse ! Affichant 6000 tours par minutes, la SuperTaper b\u00e9n\u00e9ficie d\u2019une t\u00eate de coupe viss\u00e9e Chrome Blade, que vous pouvez r\u00e9gler de 1 \u00e0 3,5 mm. Id\u00e9ale pour d\u00e9s\u00e9paissir, des lignes nettes et accentu\u00e9es, elle s\u2019adapte aussi parfaitement \u00e0 l\u2019utilisateur d\u00e9butant et occasionnel!Autre \u00e9quipement de ce pack : la SuperTrimmer, une tondeuse de finition sur batterie \u00e0 l\u2019autonomie de 100 minutes. Pesant 130 grammes, cet \u00e9quipement a \u00e9t\u00e9 pens\u00e9 pour prendre soin de vos poignets, tout en fluidifiant vos mouvements. Sa t\u00eate en acier inoxydable vous assure une coupe s\u00e9curis\u00e9e, au plus pr\u00e8s de la peau.Ce kit contient les deux tondeuses, leurs peignes amovibles, les \u00e9quipements de chargement, un socle, ainsi qu\u2019un n\u00e9cessaire de nettoyage.<\/div>\n<\/div>\n<div class=\"tab js-tab\">\n<h3 class=\"tab-title pdp-tabs_title js-tab-mobile-title\"><span>Mode d&#8217;emploi<\/span><\/h3>\n<div class=\"tab-description pdp-tabs_description js-tab-description\">Commencez votre service avec la tondeuse de coupe SuperTaper. La SuperTrimmer se destine aux finitions : dessinez parfaitement les contours de la coupe, faites dispara\u00eetre le duvet\u2026 et pour les plus cr\u00e9atifs, r\u00e9alisez des motifs sur les cheveux courts !<\/div>\n<\/div>\n<div class=\"tab js-tab\">\n<h3 class=\"tab-title pdp-tabs_title js-tab-mobile-title\"><span>Livraison et stock<\/span><\/h3>\n<div class=\"tab-description pdp-tabs_description js-tab-description\">\n<div class=\"pdp-delivery_info\">\n<div class=\"content-asset\">Livraison et d\u00e9laisRetours et remboursements<\/div>\n<\/div>\n<\/div>\n<\/div>\n<\/div>\n<\/div>\n<\/div>\n","protected":false},"excerpt":{"rendered":"<p>Points cl\u00e9s Kit 2 en 1 Coupe et finition Peignes inclus Qualit\u00e9 professionnelle Description Tondeuse&hellip;<\/p>\n","protected":false},"featured_media":16386,"comment_status":"open","ping_status":"closed","template":"","meta":[],"pwb-brand":[666],"product_cat":[392],"product_tag":[177,178,397],"class_list":{"0":"post-27397","1":"product","2":"type-product","3":"status-publish","4":"has-post-thumbnail","6":"pwb-brand-wahl","7":"product_cat-tondeuses-cheveux","8":"product_tag-electro-et-materiel","9":"product_tag-tondeuses-cheveux","10":"product_tag-wahl","12":"first","13":"instock","14":"taxable","15":"shipping-taxable","16":"purchasable","17":"product-type-simple","18":"layout-style-3","19":"col-md-4 col-sm-4 col-xs-6","20":"col-lg-3","21":"product-has-gallery","22":"product-style-default"},"aioseo_notices":[],"brands":[{"id":666,"name":"Wahl","slug":"wahl"}],"_links":{"self":[{"href":"https:\/\/cheveuxluxe.com\/index.php\/wp-json\/wp\/v2\/product\/27397","targetHints":{"allow":["GET"]}}],"collection":[{"href":"https:\/\/cheveuxluxe.com\/index.php\/wp-json\/wp\/v2\/product"}],"about":[{"href":"https:\/\/cheveuxluxe.com\/index.php\/wp-json\/wp\/v2\/types\/product"}],"replies":[{"embeddable":true,"href":"https:\/\/cheveuxluxe.com\/index.php\/wp-json\/wp\/v2\/comments?post=27397"}],"version-history":[{"count":0,"href":"https:\/\/cheveuxluxe.com\/index.php\/wp-json\/wp\/v2\/product\/27397\/revisions"}],"wp:featuredmedia":[{"embeddable":true,"href":"https:\/\/cheveuxluxe.com\/index.php\/wp-json\/wp\/v2\/media\/16386"}],"wp:attachment":[{"href":"https:\/\/cheveuxluxe.com\/index.php\/wp-json\/wp\/v2\/media?parent=27397"}],"wp:term":[{"taxonomy":"pwb-brand","embeddable":true,"href":"https:\/\/cheveuxluxe.com\/index.php\/wp-json\/wp\/v2\/pwb-brand?post=27397"},{"taxonomy":"product_cat","embeddable":true,"href":"https:\/\/cheveuxluxe.com\/index.php\/wp-json\/wp\/v2\/product_cat?post=27397"},{"taxonomy":"product_tag","embeddable":true,"href":"https:\/\/cheveuxluxe.com\/index.php\/wp-json\/wp\/v2\/product_tag?post=27397"}],"curies":[{"name":"wp","href":"https:\/\/api.w.org\/{rel}","templated":true}]}}