{"id":27400,"date":"2024-04-09T20:52:26","date_gmt":"2024-04-09T20:52:26","guid":{"rendered":"https:\/\/cheveuxluxe.com\/index.php\/product\/babyliss-pro-fx3-tondeuse-de-coupe\/"},"modified":"2024-04-13T16:19:49","modified_gmt":"2024-04-13T16:19:49","slug":"babyliss-pro-fx3-tondeuse-de-coupe","status":"publish","type":"product","link":"https:\/\/cheveuxluxe.com\/index.php\/product\/babyliss-pro-fx3-tondeuse-de-coupe\/","title":{"rendered":"BaByliss Pro FX3 Tondeuse de coupe"},"content":{"rendered":"<div class=\"product-content_bottom\">\n<div class=\"pdp-info\">\n<div class=\"pdp-tabs tab-container\">\n<div class=\"tab js-tab\">\n<h3 class=\"tab-title pdp-tabs_title js-tab-mobile-title open\"><span>Points cl\u00e9s<\/span><\/h3>\n<div class=\"tab-description pdp-tabs_description js-tab-description open\" itemprop=\"description\">\n<ul>\n<li>S\u2019utilise avec ou sans fil<\/li>\n<li>Batterie lithium polym\u00e8re<\/li>\n<li>Lames ultra fine Fade en DLC\/Titanium haute pr\u00e9cision Lame Fade de 45 mm &#8211; r\u00e9glable \u00e0 z\u00e9ro<\/li>\n<li>Indicateur de charge sur 4 niveaux (100% &#8211; 80% &#8211; 60 % &#8211; 20%)<\/li>\n<li>300 minutes d\u2019utilisation pour une charge de 5h<\/li>\n<li>Moteur digital haute puissance<\/li>\n<li>300 minutes d\u2019autonomie pour une charge de 5 heures<\/li>\n<li>R\u00e9glage rapide la hauteur de coupe sur 5 crans (0.8 \u2013 1.1 \u2013 1.4 \u2013 1.7 \u2013 2.0 mm)<\/li>\n<li>8 guides de coupe pour diff\u00e9rents r\u00e9glages (1.5 \u2013 3 \u2013 4.5 \u2013 6 \u2013 10 \u2013 13 \u2013 16 \u2013 19 mm)<\/li>\n<li>Crochet et sangle de suspension inclus<\/li>\n<li>Fabriqu\u00e9 en Chine<\/li>\n<\/ul>\n<\/div>\n<\/div>\n<div class=\"tab js-tab\">\n<h3 class=\"tab-title pdp-tabs_title js-tab-mobile-title\"><span>Description<\/span><\/h3>\n<div class=\"tab-description pdp-tabs_description js-tab-description\" itemprop=\"description\">Notre tondeuse de coupe professionnelle haute performance FX3 a \u00e9t\u00e9 con\u00e7ue avec un bo\u00eetier fusel\u00e9 noir mat en ABS de texture carbone pour s&rsquo;adapter ergonomiquement dans la main. La batterie lithium polym\u00e8re offre 300 minutes d\u2019autonomie gr\u00e2ce \u00e0 une recharge rapide de 5 heures. Le moteur digital haute puissance de longue dur\u00e9e assure une vitesse constante des lames. La tondeuse dispose de 2 r\u00e9glages de vitesse : elev\u00e9e (7000RPM) et basse (6000 RPM) permettant de choisir la vitesse optimale en fonction des exigences de coupe. L&rsquo;indicateur de batterie sur 4 niveaux permet de se tenir inform\u00e9 du niveau de charge. Les Lames en DLC\/Titanium pour une pr\u00e9cision de coupe tout en douceur.<\/div>\n<\/div>\n<div class=\"tab js-tab\">\n<h3 class=\"tab-title pdp-tabs_title js-tab-mobile-title\"><span>Livraison et stock<\/span><\/h3>\n<div class=\"tab-description pdp-tabs_description js-tab-description\">\n<div class=\"pdp-delivery_info\">\n<div class=\"content-asset\">Livraison et d\u00e9laisRetours et remboursements<\/div>\n<\/div>\n<\/div>\n<\/div>\n<\/div>\n<\/div>\n<\/div>\n","protected":false},"excerpt":{"rendered":"<p>Points cl\u00e9s S\u2019utilise avec ou sans fil Batterie lithium polym\u00e8re Lames ultra fine Fade en&hellip;<\/p>\n","protected":false},"featured_media":27399,"comment_status":"open","ping_status":"closed","template":"","meta":[],"pwb-brand":[629],"product_cat":[392],"product_tag":[405,177,178],"class_list":{"0":"post-27400","1":"product","2":"type-product","3":"status-publish","4":"has-post-thumbnail","6":"pwb-brand-babyliss-pro","7":"product_cat-tondeuses-cheveux","8":"product_tag-babyliss-pro","9":"product_tag-electro-et-materiel","10":"product_tag-tondeuses-cheveux","12":"first","13":"instock","14":"taxable","15":"shipping-taxable","16":"purchasable","17":"product-type-simple","18":"layout-style-3","19":"col-md-4 col-sm-4 col-xs-6","20":"col-lg-3","21":"product-style-default"},"aioseo_notices":[],"brands":[{"id":629,"name":"BaByliss PRO","slug":"babyliss-pro"}],"_links":{"self":[{"href":"https:\/\/cheveuxluxe.com\/index.php\/wp-json\/wp\/v2\/product\/27400","targetHints":{"allow":["GET"]}}],"collection":[{"href":"https:\/\/cheveuxluxe.com\/index.php\/wp-json\/wp\/v2\/product"}],"about":[{"href":"https:\/\/cheveuxluxe.com\/index.php\/wp-json\/wp\/v2\/types\/product"}],"replies":[{"embeddable":true,"href":"https:\/\/cheveuxluxe.com\/index.php\/wp-json\/wp\/v2\/comments?post=27400"}],"version-history":[{"count":0,"href":"https:\/\/cheveuxluxe.com\/index.php\/wp-json\/wp\/v2\/product\/27400\/revisions"}],"wp:featuredmedia":[{"embeddable":true,"href":"https:\/\/cheveuxluxe.com\/index.php\/wp-json\/wp\/v2\/media\/27399"}],"wp:attachment":[{"href":"https:\/\/cheveuxluxe.com\/index.php\/wp-json\/wp\/v2\/media?parent=27400"}],"wp:term":[{"taxonomy":"pwb-brand","embeddable":true,"href":"https:\/\/cheveuxluxe.com\/index.php\/wp-json\/wp\/v2\/pwb-brand?post=27400"},{"taxonomy":"product_cat","embeddable":true,"href":"https:\/\/cheveuxluxe.com\/index.php\/wp-json\/wp\/v2\/product_cat?post=27400"},{"taxonomy":"product_tag","embeddable":true,"href":"https:\/\/cheveuxluxe.com\/index.php\/wp-json\/wp\/v2\/product_tag?post=27400"}],"curies":[{"name":"wp","href":"https:\/\/api.w.org\/{rel}","templated":true}]}}