{"id":27418,"date":"2024-04-09T20:52:44","date_gmt":"2024-04-09T20:52:44","guid":{"rendered":"https:\/\/cheveuxluxe.com\/index.php\/product\/moser-chrom2style-tondeuse-a-cheveux-professionnelle-blending-edition\/"},"modified":"2024-04-13T13:41:35","modified_gmt":"2024-04-13T13:41:35","slug":"moser-chrom2style-tondeuse-a-cheveux-professionnelle-blending-edition","status":"publish","type":"product","link":"https:\/\/cheveuxluxe.com\/index.php\/product\/moser-chrom2style-tondeuse-a-cheveux-professionnelle-blending-edition\/","title":{"rendered":"Moser Chrom2Style Tondeuse \u00e0 cheveux professionnelle Blending Edition"},"content":{"rendered":"<div class=\"product-content_bottom\">\n<div class=\"pdp-info\">\n<div class=\"pdp-tabs tab-container\">\n<div class=\"tab js-tab\">\n<h3 class=\"tab-title pdp-tabs_title js-tab-mobile-title open\"><span>Points cl\u00e9s<\/span><\/h3>\n<div class=\"tab-description pdp-tabs_description js-tab-description open\" itemprop=\"description\">\n<ul>\n<li>Tondeuse \u00e0 cheveux professionnelle secteur\/ batterie<\/li>\n<li>T\u00eate de coupe Blending 0.5 \u2013 2?mm<\/li>\n<li>Moteur DC avec insonorisation, env. 5 750 t\/min.<\/li>\n<li>Jusqu\u2019\u00e0 1h45 | 1h20 en charge rapide<\/li>\n<li>Longueur de c\u00e2ble 3m<\/li>\n<li>Syst\u00e8me de changement rapide avec lecture de la longueur de coupe et fonction transitions invisibles<\/li>\n<\/ul>\n<\/div>\n<\/div>\n<div class=\"tab js-tab\">\n<h3 class=\"tab-title pdp-tabs_title js-tab-mobile-title\"><span>Description<\/span><\/h3>\n<div class=\"tab-description pdp-tabs_description js-tab-description\" itemprop=\"description\">BLENDING BLADE :<br \/>La t\u00eate de coupe Blending a \u00e9t\u00e9 sp\u00e9cialement con\u00e7ue pour des transitions imperceptibles. Gr\u00e2ce \u00e0 une longueur de coupe de 0,5 \u2013 2 mm et \u00e0 un angle tr\u00e8s plat de la t\u00eate de coupe, elle rase plus pr\u00e8s de la peau. Les dents positionn\u00e9es de mani\u00e8re d\u00e9cal\u00e9e guident les cheveux plus rapidement vers la lame.<\/p>\n<p>INNOVATION :<br \/>Peignes aimant\u00e9s Premium avec syst\u00e8me MAGCLICK\u00ae assurant un maintien parfait de la t\u00eate de coupe. Prise en main simple et bonne visibilit\u00e9 des indications de taille<\/p>\n<p>QUICK CHANGE :<br \/>T\u00eate de coupe facilement amovible pour un nettoyage ais\u00e9 et un changement rapide vers toutes les t\u00eates de coupe MOSER disponibles en option.<\/p>\n<p>CONSTANT POWER :<br \/>Moteur sp\u00e9cial pour une puissance de coupe constante. Batterie Lithium-Ion longue dur\u00e9e tr\u00e8s efficace avec charge rapide en 1h20 et autonomie jusqu\u2019\u00e0 1h45.<\/p>\n<p>ERGONOMIE :<br \/>Forme \u00e9lanc\u00e9e et ergonomique. Bord de poign\u00e9e innovant pour soulager les articulations pendant le travail.<\/p>\n<p>ACCESSOIRES :<br \/>4 peignes aimant\u00e9s Premium (1,5\/3\/4,5\/6 mm), socle du charge, transformateur \u00e9conome en \u00e9nergie, brosse de nettoyage, huile.<\/div>\n<\/div>\n<div class=\"tab js-tab\">\n<h3 class=\"tab-title pdp-tabs_title js-tab-mobile-title\"><span>Livraison et stock<\/span><\/h3>\n<div class=\"tab-description pdp-tabs_description js-tab-description\">\n<div class=\"pdp-delivery_info\">\n<div class=\"content-asset\">Livraison et d\u00e9laisRetours et remboursements<\/div>\n<\/div>\n<\/div>\n<\/div>\n<div class=\"tab js-tab\">\n<h3 class=\"tab-title pdp-tabs_title js-tab-mobile-title\"><span>Pr\u00e9cautions d&#8217;emploi<\/span><\/h3>\n<div class=\"tab-description pdp-tabs_description js-tab-description\">Dommages mat\u00e9riels dus \u00e0 une mauvaise manipulation.<br \/>\u00c9teignez l&rsquo;appareil et d\u00e9branchez-le de l&rsquo;alimentation \u00e9lectrique avant de commencer toute op\u00e9ration de nettoyage ou d&rsquo;entretien.<br \/>Ne pas immerger l&rsquo;appareil dans l&rsquo;eau !<br \/>Ne laissez aucun liquide p\u00e9n\u00e9trer \u00e0 l&rsquo;int\u00e9rieur de l&rsquo;appareil.<\/div>\n<\/div>\n<\/div>\n<\/div>\n<\/div>\n","protected":false},"excerpt":{"rendered":"<p>Points cl\u00e9s Tondeuse \u00e0 cheveux professionnelle secteur\/ batterie T\u00eate de coupe Blending 0.5 \u2013 2?mm&hellip;<\/p>\n","protected":false},"featured_media":16420,"comment_status":"open","ping_status":"closed","template":"","meta":[],"pwb-brand":[667],"product_cat":[392],"product_tag":[177,406,178],"class_list":{"0":"post-27418","1":"product","2":"type-product","3":"status-publish","4":"has-post-thumbnail","6":"pwb-brand-moser","7":"product_cat-tondeuses-cheveux","8":"product_tag-electro-et-materiel","9":"product_tag-moser","10":"product_tag-tondeuses-cheveux","12":"first","13":"instock","14":"taxable","15":"shipping-taxable","16":"purchasable","17":"product-type-simple","18":"layout-style-3","19":"col-md-4 col-sm-4 col-xs-6","20":"col-lg-3","21":"product-has-gallery","22":"product-style-default"},"aioseo_notices":[],"brands":[{"id":667,"name":"Moser","slug":"moser"}],"_links":{"self":[{"href":"https:\/\/cheveuxluxe.com\/index.php\/wp-json\/wp\/v2\/product\/27418","targetHints":{"allow":["GET"]}}],"collection":[{"href":"https:\/\/cheveuxluxe.com\/index.php\/wp-json\/wp\/v2\/product"}],"about":[{"href":"https:\/\/cheveuxluxe.com\/index.php\/wp-json\/wp\/v2\/types\/product"}],"replies":[{"embeddable":true,"href":"https:\/\/cheveuxluxe.com\/index.php\/wp-json\/wp\/v2\/comments?post=27418"}],"version-history":[{"count":0,"href":"https:\/\/cheveuxluxe.com\/index.php\/wp-json\/wp\/v2\/product\/27418\/revisions"}],"wp:featuredmedia":[{"embeddable":true,"href":"https:\/\/cheveuxluxe.com\/index.php\/wp-json\/wp\/v2\/media\/16420"}],"wp:attachment":[{"href":"https:\/\/cheveuxluxe.com\/index.php\/wp-json\/wp\/v2\/media?parent=27418"}],"wp:term":[{"taxonomy":"pwb-brand","embeddable":true,"href":"https:\/\/cheveuxluxe.com\/index.php\/wp-json\/wp\/v2\/pwb-brand?post=27418"},{"taxonomy":"product_cat","embeddable":true,"href":"https:\/\/cheveuxluxe.com\/index.php\/wp-json\/wp\/v2\/product_cat?post=27418"},{"taxonomy":"product_tag","embeddable":true,"href":"https:\/\/cheveuxluxe.com\/index.php\/wp-json\/wp\/v2\/product_tag?post=27418"}],"curies":[{"name":"wp","href":"https:\/\/api.w.org\/{rel}","templated":true}]}}