{"id":27430,"date":"2024-04-09T20:52:48","date_gmt":"2024-04-09T20:52:48","guid":{"rendered":"https:\/\/cheveuxluxe.com\/index.php\/product\/babyliss-pro-4-artists-tondeuse-de-precision-skeleton-or\/"},"modified":"2024-04-13T16:19:53","modified_gmt":"2024-04-13T16:19:53","slug":"babyliss-pro-4-artists-tondeuse-de-precision-skeleton-or","status":"publish","type":"product","link":"https:\/\/cheveuxluxe.com\/index.php\/product\/babyliss-pro-4-artists-tondeuse-de-precision-skeleton-or\/","title":{"rendered":"BaByliss PRO 4 Artists Tondeuse de Pr\u00e9cision Skeleton Or"},"content":{"rendered":"<div class=\"product-content_bottom\">\n<div class=\"pdp-info\">\n<div class=\"pdp-tabs tab-container\">\n<div class=\"tab js-tab\">\n<h3 class=\"tab-title pdp-tabs_title js-tab-mobile-title open\"><span>Points cl\u00e9s<\/span><\/h3>\n<div class=\"tab-description pdp-tabs_description js-tab-description open\" itemprop=\"description\">\n<ul>\n<li>7200 mouvements de lame par minute<\/li>\n<li>Temps de charge : 3 heures<\/li>\n<li>Autonomie : 2 heures<\/li>\n<li>Outil de r\u00e9glage de la lame \u00e0 z\u00e9ro<\/li>\n<li>Huile lubrifiante et brosse de nettoyage<\/li>\n<\/ul>\n<\/div>\n<\/div>\n<div class=\"tab js-tab\">\n<h3 class=\"tab-title pdp-tabs_title js-tab-mobile-title\"><span>Description<\/span><\/h3>\n<div class=\"tab-description pdp-tabs_description js-tab-description\" itemprop=\"description\">Pour vous, barbiers, coiffeurs, qui exigez d\u2019avoir une visibilit\u00e9 parfaite quand vous effectuez des travaux de coupe de pr\u00e9cision, du dessin, du tattoo, BaBylissPRO\u00ae a d\u00e9velopp\u00e9 pour vous la SKELETONFX.<br \/>La SKELETONFX \u2013 FX7870GE est une tondeuse de finition professionnelle con\u00e7ue dans un objectif de d\u00e9tail et de pr\u00e9cision.<br \/>Vous avez certainement d\u00e9j\u00e0 \u00e9t\u00e9 confront\u00e9s \u00e0 un manque de visibilit\u00e9 lors de vos travaux de coupe de pr\u00e9cision \u00e0 cause de la forme de la t\u00eate de coupe qui vous cachait partiellement la vue.<br \/>Gr\u00e2ce \u00e0 sa lame apparente garantissant une vision \u00e0 360\u00b0, la SKELETONFX vous apporte une visibilit\u00e9 totale, quelle que soit la position dans laquelle la tondeuse est plac\u00e9e.<br \/>Un autre avantage de cette lame apparente est qu\u2019elle est moins sujette \u00e0 la chauffe parce que justement rien autour ne vient retenir la chaleur.<br \/>Et enfin, avantage non moins n\u00e9gligeable, vous pourrez r\u00e9gler cette lame apparente \u00e0 z\u00e9ro pour pratiquer la coupe \u00e0 blanc sans avoir \u00e0 la d\u00e9tacher du corps de la tondeuse.<\/p>\n<p>Cette tondeuse au design soign\u00e9 est aussi tr\u00e8s puissante et une ergonomie optimale lui conf\u00e8re un \u00e9quilibre parfait.Ultra r\u00e9sistante et 100% professionnelle, elle dispose d\u2019une lame en T DLC\/Titanium de 40 mm r\u00e9glable \u00e0 z\u00e9ro (pour les coupes \u00e0 blanc) et d\u2019un moteur EDM TECHNOLOGY* d\u00e9velopp\u00e9 en collaboration avec FERRARI, garantissant haute performance, puissance et pr\u00e9cision de coupe.<\/p>\n<p>Une autonomie exceptionnelle de 2 heures atteinte en un temps de charge ultra rapide gr\u00e2ce \u00e0 une batterie Lithium-ion.<\/p>\n<p>Lame en T apparente \u00e0 360\u00b0 de haute qualit\u00e9<br \/>Lame de pr\u00e9cision DLC\/Titanium r\u00e9glable \u00e0 z\u00e9ro pour r\u00e9aliser des coupes \u00e0 blanc. Parfaite pour le travail de finition, le trac\u00e9 de la nuque et de la barbe ainsi que le contour des oreilles, pour faire du dessin, du hair tattoo. Elle est parfaite pour les lignes fines et le travail cr\u00e9atif et d\u2019extr\u00eame pr\u00e9cision. Apparente \u00e0 360\u00b0 pour offrir une visibilit\u00e9 parfaite quelle que soit la position dans laquelle vous tenez la tondeuse.<\/p>\n<p>La tondeuse dispose d\u2019un outil de r\u00e9glage \u00e0 zero sp\u00e9cialement con\u00e7u pour r\u00e9gler la lame \u00e0 z\u00e9ro sans avoir \u00e0 la d\u00e9tacher de la tondeuse.<\/p>\n<p>Puissance<br \/>Haute performance, puissance et pr\u00e9cision de coupe garanties par un moteur digital g\u00e9r\u00e9 par \u00e9lectronique \u00e0 couple \u00e9lev\u00e9.<br \/>L\u2019avanc\u00e9e technologique que repr\u00e9sente un moteur digital g\u00e9r\u00e9 par \u00e9lectronique lui permet d\u2019\u00eatre plus l\u00e9ger, d\u2019\u00eatre plus \u00e9conome \u00e9nerg\u00e9tiquement, d\u2019avoir une dur\u00e9e devie beaucoup plus longue, de g\u00e9n\u00e9rer moins de vibrations et de pollution sonore. Elle fonctionne avec ou sans fil au m\u00eame niveau \u00e9lev\u00e9 de puissance.<br \/>Cette machine est id\u00e9ale pour tous les types de cheveux.<\/p>\n<p>100% professionnelle<br \/>Le corps de la SKELETONFX,robuste et enti\u00e8rement m\u00e9tallique,est con\u00e7u pour une utilisation intensive et offre une fiabilit\u00e9 100% professionnelle. Une charge totale ultra rapide atteinte en seulement 3 heures et une autonomie en fonctionnement continu de 2 heures vous garantissent une flexibilit\u00e9 maximale, un gain detemps et encore plus d\u2019efficacit\u00e9 dans votre travail. Un voltage universel vous permet de vous en servir dans le monde entier.<\/p>\n<p>Confort<br \/>Le design de la tondeuse a \u00e9t\u00e9 \u00e9tudi\u00e9 scientifiquement pour offrir un \u00e9quilibre total et une ergonomie parfaite. La texture rainur\u00e9e et antiglisse de la poign\u00e9e garantit une prise en main assur\u00e9e ainsi qu\u2019un grand confort en utilisation. V\u00e9ritable concentr\u00e9 de technologie, la SKELETONFX est l\u00e9g\u00e8re et tr\u00e8s silencieuse.<\/div>\n<\/div>\n<div class=\"tab js-tab\">\n<h3 class=\"tab-title pdp-tabs_title js-tab-mobile-title\"><span>Mode d&#8217;emploi<\/span><\/h3>\n<div class=\"tab-description pdp-tabs_description js-tab-description\">Veuillez vous r\u00e9f\u00e9rer au mode d&#8217;emploi fournis.<\/div>\n<\/div>\n<div class=\"tab js-tab\">\n<h3 class=\"tab-title pdp-tabs_title js-tab-mobile-title\"><span>Livraison et stock<\/span><\/h3>\n<div class=\"tab-description pdp-tabs_description js-tab-description\">\n<div class=\"pdp-delivery_info\">\n<div class=\"content-asset\">Livraison et d\u00e9laisRetours et remboursements<\/div>\n<\/div>\n<\/div>\n<\/div>\n<\/div>\n<\/div>\n<\/div>\n","protected":false},"excerpt":{"rendered":"<p>Points cl\u00e9s 7200 mouvements de lame par minute Temps de charge : 3 heures Autonomie&hellip;<\/p>\n","protected":false},"featured_media":16548,"comment_status":"open","ping_status":"closed","template":"","meta":[],"pwb-brand":[629],"product_cat":[412],"product_tag":[405,177,180],"class_list":{"0":"post-27430","1":"product","2":"type-product","3":"status-publish","4":"has-post-thumbnail","6":"pwb-brand-babyliss-pro","7":"product_cat-tondeuses-de-finition","8":"product_tag-babyliss-pro","9":"product_tag-electro-et-materiel","10":"product_tag-tondeuses-de-finition","12":"first","13":"instock","14":"taxable","15":"shipping-taxable","16":"purchasable","17":"product-type-simple","18":"layout-style-3","19":"col-md-4 col-sm-4 col-xs-6","20":"col-lg-3","21":"product-has-gallery","22":"product-style-default"},"aioseo_notices":[],"brands":[{"id":629,"name":"BaByliss PRO","slug":"babyliss-pro"}],"_links":{"self":[{"href":"https:\/\/cheveuxluxe.com\/index.php\/wp-json\/wp\/v2\/product\/27430","targetHints":{"allow":["GET"]}}],"collection":[{"href":"https:\/\/cheveuxluxe.com\/index.php\/wp-json\/wp\/v2\/product"}],"about":[{"href":"https:\/\/cheveuxluxe.com\/index.php\/wp-json\/wp\/v2\/types\/product"}],"replies":[{"embeddable":true,"href":"https:\/\/cheveuxluxe.com\/index.php\/wp-json\/wp\/v2\/comments?post=27430"}],"version-history":[{"count":0,"href":"https:\/\/cheveuxluxe.com\/index.php\/wp-json\/wp\/v2\/product\/27430\/revisions"}],"wp:featuredmedia":[{"embeddable":true,"href":"https:\/\/cheveuxluxe.com\/index.php\/wp-json\/wp\/v2\/media\/16548"}],"wp:attachment":[{"href":"https:\/\/cheveuxluxe.com\/index.php\/wp-json\/wp\/v2\/media?parent=27430"}],"wp:term":[{"taxonomy":"pwb-brand","embeddable":true,"href":"https:\/\/cheveuxluxe.com\/index.php\/wp-json\/wp\/v2\/pwb-brand?post=27430"},{"taxonomy":"product_cat","embeddable":true,"href":"https:\/\/cheveuxluxe.com\/index.php\/wp-json\/wp\/v2\/product_cat?post=27430"},{"taxonomy":"product_tag","embeddable":true,"href":"https:\/\/cheveuxluxe.com\/index.php\/wp-json\/wp\/v2\/product_tag?post=27430"}],"curies":[{"name":"wp","href":"https:\/\/api.w.org\/{rel}","templated":true}]}}