{"id":27439,"date":"2024-04-09T20:53:04","date_gmt":"2024-04-09T20:53:04","guid":{"rendered":"https:\/\/cheveuxluxe.com\/index.php\/product\/panasonic-er-gp23-trimmer\/"},"modified":"2024-04-13T13:41:46","modified_gmt":"2024-04-13T13:41:46","slug":"panasonic-er-gp23-trimmer","status":"publish","type":"product","link":"https:\/\/cheveuxluxe.com\/index.php\/product\/panasonic-er-gp23-trimmer\/","title":{"rendered":"Panasonic ER-GP23 Trimmer"},"content":{"rendered":"<div class=\"product-content_bottom\">\n<div class=\"pdp-info\">\n<div class=\"pdp-tabs tab-container\">\n<div class=\"tab js-tab\">\n<h3 class=\"tab-title pdp-tabs_title js-tab-mobile-title open\"><span>Points cl\u00e9s<\/span><\/h3>\n<div class=\"tab-description pdp-tabs_description js-tab-description open\" itemprop=\"description\">\n<ul>\n<li>Fonctionne avec ou sans fil<\/li>\n<li>Plus l\u00e9g\u00e8re : 110 g<\/li>\n<li>Recharge compl\u00e8te de la batterie en 1 h<\/li>\n<li>Rase \u00e0 0,3 mm<\/li>\n<li>2 contre-peignes de 3 mm et 6 mm<\/li>\n<li>Socle de charge<\/li>\n<\/ul>\n<\/div>\n<\/div>\n<div class=\"tab js-tab\">\n<h3 class=\"tab-title pdp-tabs_title js-tab-mobile-title\"><span>Description<\/span><\/h3>\n<div class=\"tab-description pdp-tabs_description js-tab-description\" itemprop=\"description\">La nouvelle tondeuse de finition ER-GP23 , un nouveau design avec plus de puissance gr\u00e2ce \u00e0 son moteur puissant et constant, quel que soit l&rsquo;\u00e9tat de charge de la batterie , pour une coupe nette. Sa lame a plus de visibilit\u00e9 qui donne une nouvelle pr\u00e9cision de coupe \u00e0 0,3mm. Elle est ultra silencieuse avec 20% de sonore r\u00e9duite. La batterie Lithium-Ion peut etre recharg\u00e9 compl\u00e8tement dans une heure pour une autonomie de 100 minutes. Le t\u00e9moin LED indique le niveau de batterie et de recharge,<\/div>\n<\/div>\n<div class=\"tab js-tab\">\n<h3 class=\"tab-title pdp-tabs_title js-tab-mobile-title\"><span>Mode d&#8217;emploi<\/span><\/h3>\n<div class=\"tab-description pdp-tabs_description js-tab-description\">\n<ul>\n<li>V\u00e9rifiez que les lames ne sont pas endommag\u00e9es ni d\u00e9form\u00e9es avant utilisation<\/li>\n<li>Appliquez quelques gouttes d\u2019huile de lubrification sur la lame avant et apr\u00e8s chaque utilisation.<\/li>\n<li>L\u2019appareil risque de ne pas fonctionner lorsque la temp\u00e9rature ambiante est inf\u00e9rieure \u00e0 environ 5 \u00b0C<\/li>\n<li>Apr\u00e8s utilisation, \u00e9teignez-le et nettoyez-le<\/li>\n<\/ul>\n<\/div>\n<\/div>\n<div class=\"tab js-tab\">\n<h3 class=\"tab-title pdp-tabs_title js-tab-mobile-title\"><span>Livraison et stock<\/span><\/h3>\n<div class=\"tab-description pdp-tabs_description js-tab-description\">\n<div class=\"pdp-delivery_info\">\n<div class=\"content-asset\">Livraison et d\u00e9laisRetours et remboursements<\/div>\n<\/div>\n<\/div>\n<\/div>\n<div class=\"tab js-tab\">\n<h3 class=\"tab-title pdp-tabs_title js-tab-mobile-title\"><span>Pr\u00e9cautions d&#8217;emploi<\/span><\/h3>\n<div class=\"tab-description pdp-tabs_description js-tab-description\">\n<p>\u2022 Cet appareil peut \u00eatre utilis\u00e9 par des enfants d\u2019au moins 8 ans et des personnes aux capacit\u00e9s physiques, sensorielles ou mentales r\u00e9duites ou manquant d\u2019exp\u00e9rience et de connaissances s\u2019ils sont sous surveillance ou si des instructions leur ont \u00e9t\u00e9 donn\u00e9es concernant l\u2019utilisation de l\u2019appareil d\u2019une mani\u00e8re s\u00fbre et s\u2019ils comprennent les dangers impliqu\u00e9s. Les enfants ne doivent pas jouer avec l\u2019appareil. Les proc\u00e9dures de nettoyage et d\u2019entretien ne doivent pas \u00eatre effectu\u00e9es par des enfants sans surveillance. \u2022 Le cordon d\u2019alimentation ne peut pas \u00eatre remplac\u00e9. Si le cordon est endommag\u00e9, l\u2019adaptateur CA doit \u00eatre mis au rebut. \u2022 Ne pas utiliser autre chose que l\u2019adaptateur CA et le socle de charge fournis pour quelque usage que ce soit. Et ne pas utiliser un autre produit que l\u2019adaptateur CA fourni et le socle de recharge. \u2022 Ne pas mouiller l\u2019appareil. \u2022 Le symbole suivant indique qu\u2019une unit\u00e9 d\u2019alimentation \u00e9lectrique d\u00e9tachable sp\u00e9cifique est n\u00e9cessaire pour raccorder l\u2019appareil \u00e9lectrique au r\u00e9seau d\u2019alimentation. La r\u00e9f\u00e9rence du type d\u2019unit\u00e9 d\u2019alimentation \u00e9lectrique est indiqu\u00e9e pr\u00e8s du symbole.<\/p>\n<\/div>\n<\/div>\n<\/div>\n<\/div>\n<\/div>\n","protected":false},"excerpt":{"rendered":"<p>Points cl\u00e9s Fonctionne avec ou sans fil Plus l\u00e9g\u00e8re : 110 g Recharge compl\u00e8te de&hellip;<\/p>\n","protected":false},"featured_media":27433,"comment_status":"open","ping_status":"closed","template":"","meta":[],"pwb-brand":[664],"product_cat":[412],"product_tag":[177,393,180],"class_list":{"0":"post-27439","1":"product","2":"type-product","3":"status-publish","4":"has-post-thumbnail","6":"pwb-brand-panasonic","7":"product_cat-tondeuses-de-finition","8":"product_tag-electro-et-materiel","9":"product_tag-panasonic","10":"product_tag-tondeuses-de-finition","12":"first","13":"instock","14":"taxable","15":"shipping-taxable","16":"purchasable","17":"product-type-simple","18":"layout-style-3","19":"col-md-4 col-sm-4 col-xs-6","20":"col-lg-3","21":"product-has-gallery","22":"product-style-default"},"aioseo_notices":[],"brands":[{"id":664,"name":"Panasonic","slug":"panasonic"}],"_links":{"self":[{"href":"https:\/\/cheveuxluxe.com\/index.php\/wp-json\/wp\/v2\/product\/27439","targetHints":{"allow":["GET"]}}],"collection":[{"href":"https:\/\/cheveuxluxe.com\/index.php\/wp-json\/wp\/v2\/product"}],"about":[{"href":"https:\/\/cheveuxluxe.com\/index.php\/wp-json\/wp\/v2\/types\/product"}],"replies":[{"embeddable":true,"href":"https:\/\/cheveuxluxe.com\/index.php\/wp-json\/wp\/v2\/comments?post=27439"}],"version-history":[{"count":0,"href":"https:\/\/cheveuxluxe.com\/index.php\/wp-json\/wp\/v2\/product\/27439\/revisions"}],"wp:featuredmedia":[{"embeddable":true,"href":"https:\/\/cheveuxluxe.com\/index.php\/wp-json\/wp\/v2\/media\/27433"}],"wp:attachment":[{"href":"https:\/\/cheveuxluxe.com\/index.php\/wp-json\/wp\/v2\/media?parent=27439"}],"wp:term":[{"taxonomy":"pwb-brand","embeddable":true,"href":"https:\/\/cheveuxluxe.com\/index.php\/wp-json\/wp\/v2\/pwb-brand?post=27439"},{"taxonomy":"product_cat","embeddable":true,"href":"https:\/\/cheveuxluxe.com\/index.php\/wp-json\/wp\/v2\/product_cat?post=27439"},{"taxonomy":"product_tag","embeddable":true,"href":"https:\/\/cheveuxluxe.com\/index.php\/wp-json\/wp\/v2\/product_tag?post=27439"}],"curies":[{"name":"wp","href":"https:\/\/api.w.org\/{rel}","templated":true}]}}