{"id":27441,"date":"2024-04-09T20:53:11","date_gmt":"2024-04-09T20:53:11","guid":{"rendered":"https:\/\/cheveuxluxe.com\/index.php\/product\/proxelli-ares-tondeuse-de-finition-professionnelle\/"},"modified":"2024-04-13T13:41:48","modified_gmt":"2024-04-13T13:41:48","slug":"proxelli-ares-tondeuse-de-finition-professionnelle","status":"publish","type":"product","link":"https:\/\/cheveuxluxe.com\/index.php\/product\/proxelli-ares-tondeuse-de-finition-professionnelle\/","title":{"rendered":"Proxelli Ares Tondeuse de Finition Professionnelle"},"content":{"rendered":"<div class=\"product-content_bottom\">\n<div class=\"pdp-info\">\n<div class=\"pdp-tabs tab-container\">\n<div class=\"tab js-tab\">\n<h3 class=\"tab-title pdp-tabs_title js-tab-mobile-title open\"><span>Points cl\u00e9s<\/span><\/h3>\n<div class=\"tab-description pdp-tabs_description js-tab-description open\" itemprop=\"description\">\n<ul>\n<li>Lame en T ultra-pr\u00e9cise \u00e0 360\u00b0<\/li>\n<li>Jusqu\u2019\u00e0 2 heures d\u2019autonomie gr\u00e2ce \u00e0 la batterie au lithium longue dur\u00e9e<\/li>\n<li>Technologie Smart Clip<\/li>\n<li>Voyant lumineux intelligent pour afficher le niveau de batterie<\/li>\n<li>La tondeuse est ultra-silencieuse, avec un volume sonore en dessous de 62 dB<\/li>\n<\/ul>\n<\/div>\n<\/div>\n<div class=\"tab js-tab\">\n<h3 class=\"tab-title pdp-tabs_title js-tab-mobile-title\"><span>Description<\/span><\/h3>\n<div class=\"tab-description pdp-tabs_description js-tab-description\" itemprop=\"description\">Cette tondeuse professionnelle avec lame en T ultra tranchante expos\u00e9e \u00e0 360\u00b0 permet aux barbiers de cr\u00e9er et de couper avec pr\u00e9cision.<\/p>\n<p>La lame revoluntionary cool garde la lame froide au toucher. La technologie smart-clip permet au coupe-bordures de d\u00e9tecter la r\u00e9sistance de la lame et d&rsquo;augmenter la vitesse du moteur. Ainsi, le coupe-bordures ne tra\u00eene jamais et ne cale pas. Moteur sup\u00e9rieur avec 7000RPM.<\/p>\n<p>Le t\u00e9moin lumineux indique l&rsquo;\u00e9tat de la batterie. Le coupe-bordure est ultra silencieux &#8211; avec un niveau sonore inf\u00e9rieur \u00e0 62dB. Peut \u00eatre utilis\u00e9 avec ou sans fil.<\/p>\n<p>Comprend : Socle de chargement et adaptateur, huile, brosse \u00e0 lame, tournevis, outil de r\u00e9glage de lame et protection.<\/p><\/div>\n<\/div>\n<div class=\"tab js-tab\">\n<h3 class=\"tab-title pdp-tabs_title js-tab-mobile-title\"><span>Livraison et stock<\/span><\/h3>\n<div class=\"tab-description pdp-tabs_description js-tab-description\">\n<div class=\"pdp-delivery_info\">\n<div class=\"content-asset\">Livraison et d\u00e9laisRetours et remboursements<\/div>\n<\/div>\n<\/div>\n<\/div>\n<div class=\"tab js-tab\">\n<h3 class=\"tab-title pdp-tabs_title js-tab-mobile-title\"><span>Pr\u00e9cautions d&#8217;emploi<\/span><\/h3>\n<div class=\"tab-description pdp-tabs_description js-tab-description\">Cet appareil ne doit \u00eatre utilis\u00e9 que comme d\u00e9crit dans les instructions incluses dans l&#8217;emballage.<\/div>\n<\/div>\n<\/div>\n<\/div>\n<\/div>\n","protected":false},"excerpt":{"rendered":"<p>Points cl\u00e9s Lame en T ultra-pr\u00e9cise \u00e0 360\u00b0 Jusqu\u2019\u00e0 2 heures d\u2019autonomie gr\u00e2ce \u00e0 la&hellip;<\/p>\n","protected":false},"featured_media":16516,"comment_status":"open","ping_status":"closed","template":"","meta":[],"pwb-brand":[665],"product_cat":[412],"product_tag":[177,395,180],"class_list":{"0":"post-27441","1":"product","2":"type-product","3":"status-publish","4":"has-post-thumbnail","6":"pwb-brand-proxelli","7":"product_cat-tondeuses-de-finition","8":"product_tag-electro-et-materiel","9":"product_tag-proxelli","10":"product_tag-tondeuses-de-finition","12":"first","13":"instock","14":"taxable","15":"shipping-taxable","16":"purchasable","17":"product-type-simple","18":"layout-style-3","19":"col-md-4 col-sm-4 col-xs-6","20":"col-lg-3","21":"product-has-gallery","22":"product-style-default"},"aioseo_notices":[],"brands":[{"id":665,"name":"Proxelli","slug":"proxelli"}],"_links":{"self":[{"href":"https:\/\/cheveuxluxe.com\/index.php\/wp-json\/wp\/v2\/product\/27441","targetHints":{"allow":["GET"]}}],"collection":[{"href":"https:\/\/cheveuxluxe.com\/index.php\/wp-json\/wp\/v2\/product"}],"about":[{"href":"https:\/\/cheveuxluxe.com\/index.php\/wp-json\/wp\/v2\/types\/product"}],"replies":[{"embeddable":true,"href":"https:\/\/cheveuxluxe.com\/index.php\/wp-json\/wp\/v2\/comments?post=27441"}],"version-history":[{"count":0,"href":"https:\/\/cheveuxluxe.com\/index.php\/wp-json\/wp\/v2\/product\/27441\/revisions"}],"wp:featuredmedia":[{"embeddable":true,"href":"https:\/\/cheveuxluxe.com\/index.php\/wp-json\/wp\/v2\/media\/16516"}],"wp:attachment":[{"href":"https:\/\/cheveuxluxe.com\/index.php\/wp-json\/wp\/v2\/media?parent=27441"}],"wp:term":[{"taxonomy":"pwb-brand","embeddable":true,"href":"https:\/\/cheveuxluxe.com\/index.php\/wp-json\/wp\/v2\/pwb-brand?post=27441"},{"taxonomy":"product_cat","embeddable":true,"href":"https:\/\/cheveuxluxe.com\/index.php\/wp-json\/wp\/v2\/product_cat?post=27441"},{"taxonomy":"product_tag","embeddable":true,"href":"https:\/\/cheveuxluxe.com\/index.php\/wp-json\/wp\/v2\/product_tag?post=27441"}],"curies":[{"name":"wp","href":"https:\/\/api.w.org\/{rel}","templated":true}]}}