{"id":27445,"date":"2024-04-09T20:53:14","date_gmt":"2024-04-09T20:53:14","guid":{"rendered":"https:\/\/cheveuxluxe.com\/index.php\/product\/babyliss-pro-fx3-tondeuse-de-precision\/"},"modified":"2024-04-13T16:19:52","modified_gmt":"2024-04-13T16:19:52","slug":"babyliss-pro-fx3-tondeuse-de-precision","status":"publish","type":"product","link":"https:\/\/cheveuxluxe.com\/index.php\/product\/babyliss-pro-fx3-tondeuse-de-precision\/","title":{"rendered":"BaByliss Pro FX3 Tondeuse de pr\u00e9cision"},"content":{"rendered":"<div class=\"product-content_bottom\">\n<div class=\"pdp-info\">\n<div class=\"pdp-tabs tab-container\">\n<div class=\"tab js-tab\">\n<h3 class=\"tab-title pdp-tabs_title js-tab-mobile-title open\"><span>Points cl\u00e9s<\/span><\/h3>\n<div class=\"tab-description pdp-tabs_description js-tab-description open\" itemprop=\"description\">\n<ul>\n<li>S\u2019utilise avec ou sans fil<\/li>\n<li>Lames en DLC\/Titanium haute pr\u00e9cision<\/li>\n<li>Lame en T de 40mm , r\u00e9glable \u00e0 0 mm<\/li>\n<li>Batterie lithium polym\u00e8re<\/li>\n<li>Indicateur de charge sur 4 niveaux (100% &#8211; 80% &#8211; 60 % &#8211; 20%)<\/li>\n<li>240 minutes d\u2019utilisation pour une charge de 4<\/li>\n<li>Moteur digital haute puissance<\/li>\n<li>Crochet et sangle de suspension inclus<\/li>\n<li>Fabriqu\u00e9 en Chine<\/li>\n<\/ul>\n<\/div>\n<\/div>\n<div class=\"tab js-tab\">\n<h3 class=\"tab-title pdp-tabs_title js-tab-mobile-title\"><span>Description<\/span><\/h3>\n<div class=\"tab-description pdp-tabs_description js-tab-description\" itemprop=\"description\">Notre tondeuse de pr\u00e9cision professionnelle sans fil FX3 a \u00e9t\u00e9 con\u00e7ue avec une structure ergonomique et l\u00e9g\u00e8re en ABS pour faciliter le confort et la facilit\u00e9 de manipulation. Elle est \u00e9quip\u00e9e d\u2019une lame en T de 40 mm totalement apparente offrant une visibilit\u00e9 \u00e0 360\u00b0 pour un travail de pr\u00e9cision. La batterie lithium polym\u00e8re offre 240 minutes d\u2019autonomie gr\u00e2ce \u00e0 une recharge rapide de 4 heures et garantit une puissance et une vitesse soutenues, m\u00eame \u00e0 un niveau de charge faible. Le moteur digital haute puissance de longue dur\u00e9e assure une vitesse constante des lames. Les Lames en DLC\/Titanium haute pr\u00e9cision, pour une coupe facile et parfaite sans surchauffe de la lame.<\/div>\n<\/div>\n<div class=\"tab js-tab\">\n<h3 class=\"tab-title pdp-tabs_title js-tab-mobile-title\"><span>Livraison et stock<\/span><\/h3>\n<div class=\"tab-description pdp-tabs_description js-tab-description\">\n<div class=\"pdp-delivery_info\">\n<div class=\"content-asset\">Livraison et d\u00e9laisRetours et remboursements<\/div>\n<\/div>\n<\/div>\n<\/div>\n<\/div>\n<\/div>\n<\/div>\n","protected":false},"excerpt":{"rendered":"<p>Points cl\u00e9s S\u2019utilise avec ou sans fil Lames en DLC\/Titanium haute pr\u00e9cision Lame en T&hellip;<\/p>\n","protected":false},"featured_media":27444,"comment_status":"open","ping_status":"closed","template":"","meta":[],"pwb-brand":[629],"product_cat":[412],"product_tag":[405,177,180],"class_list":{"0":"post-27445","1":"product","2":"type-product","3":"status-publish","4":"has-post-thumbnail","6":"pwb-brand-babyliss-pro","7":"product_cat-tondeuses-de-finition","8":"product_tag-babyliss-pro","9":"product_tag-electro-et-materiel","10":"product_tag-tondeuses-de-finition","12":"first","13":"instock","14":"taxable","15":"shipping-taxable","16":"purchasable","17":"product-type-simple","18":"layout-style-3","19":"col-md-4 col-sm-4 col-xs-6","20":"col-lg-3","21":"product-style-default"},"aioseo_notices":[],"brands":[{"id":629,"name":"BaByliss PRO","slug":"babyliss-pro"}],"_links":{"self":[{"href":"https:\/\/cheveuxluxe.com\/index.php\/wp-json\/wp\/v2\/product\/27445","targetHints":{"allow":["GET"]}}],"collection":[{"href":"https:\/\/cheveuxluxe.com\/index.php\/wp-json\/wp\/v2\/product"}],"about":[{"href":"https:\/\/cheveuxluxe.com\/index.php\/wp-json\/wp\/v2\/types\/product"}],"replies":[{"embeddable":true,"href":"https:\/\/cheveuxluxe.com\/index.php\/wp-json\/wp\/v2\/comments?post=27445"}],"version-history":[{"count":0,"href":"https:\/\/cheveuxluxe.com\/index.php\/wp-json\/wp\/v2\/product\/27445\/revisions"}],"wp:featuredmedia":[{"embeddable":true,"href":"https:\/\/cheveuxluxe.com\/index.php\/wp-json\/wp\/v2\/media\/27444"}],"wp:attachment":[{"href":"https:\/\/cheveuxluxe.com\/index.php\/wp-json\/wp\/v2\/media?parent=27445"}],"wp:term":[{"taxonomy":"pwb-brand","embeddable":true,"href":"https:\/\/cheveuxluxe.com\/index.php\/wp-json\/wp\/v2\/pwb-brand?post=27445"},{"taxonomy":"product_cat","embeddable":true,"href":"https:\/\/cheveuxluxe.com\/index.php\/wp-json\/wp\/v2\/product_cat?post=27445"},{"taxonomy":"product_tag","embeddable":true,"href":"https:\/\/cheveuxluxe.com\/index.php\/wp-json\/wp\/v2\/product_tag?post=27445"}],"curies":[{"name":"wp","href":"https:\/\/api.w.org\/{rel}","templated":true}]}}