{"id":27447,"date":"2024-04-09T20:53:15","date_gmt":"2024-04-09T20:53:15","guid":{"rendered":"https:\/\/cheveuxluxe.com\/index.php\/product\/wahl-tondeuse-de-coupe-5-etoiles-star-detailer-red-t-wide\/"},"modified":"2024-04-13T14:22:31","modified_gmt":"2024-04-13T14:22:31","slug":"wahl-tondeuse-de-coupe-5-etoiles-star-detailer-red-t-wide","status":"publish","type":"product","link":"https:\/\/cheveuxluxe.com\/index.php\/product\/wahl-tondeuse-de-coupe-5-etoiles-star-detailer-red-t-wide\/","title":{"rendered":"Wahl Tondeuse de coupe 5 Etoiles Star Detailer Red T-Wide"},"content":{"rendered":"<div class=\"product-content_bottom\">\n<div class=\"pdp-info\">\n<div class=\"pdp-tabs tab-container\">\n<div class=\"tab js-tab\">\n<h3 class=\"tab-title pdp-tabs_title js-tab-mobile-title open\"><span>Points cl\u00e9s<\/span><\/h3>\n<div class=\"tab-description pdp-tabs_description js-tab-description open\" itemprop=\"description\">\n<ul>\n<li>Tondeuse professionnelle \u00e0 moteur rotatif fonctionnant sur secteur<\/li>\n<li>Jusqu&rsquo;\u00e0 deux fois plus de coups par minute qu&rsquo;une tondeuse standard<\/li>\n<li>Sp\u00e9cialement con\u00e7ue pour les bordures et d\u00e9tails<\/li>\n<li>Lame en T extra large, 6\u00a0mm plus large que la lame standard<\/li>\n<li>Un design l\u00e9ger et \u00e9l\u00e9gant qui assure \u00e9quilibre et contr\u00f4le<\/li>\n<li>Les lames en forme de T s&rsquo;ajustent pour un chevauchement z\u00e9ro \u00e0 l&rsquo;aide de l&rsquo;outil de chevauchement z\u00e9ro (inclus)<\/li>\n<\/ul>\n<\/div>\n<\/div>\n<div class=\"tab js-tab\">\n<h3 class=\"tab-title pdp-tabs_title js-tab-mobile-title\"><span>Description<\/span><\/h3>\n<div class=\"tab-description pdp-tabs_description js-tab-description\" itemprop=\"description\">Le Detailer est la tondeuse \u00e0 fil la plus populaire de Wahl. Cette puissante tondeuse \u00e0 moteur rotatif professionnel fonctionnant sur secteur fournit jusqu&rsquo;\u00e0 deux fois plus de coups par minute qu&rsquo;une tondeuse \u00e0 vibrateur standard, ce qui lui permet de couper les cheveux avec rapidit\u00e9 et facilit\u00e9. Le poids l\u00e9ger et le design \u00e9l\u00e9gant assurent l&rsquo;\u00e9quilibre et le contr\u00f4le lors de la coupe. <\/p>\n<p>Le Detailer est sp\u00e9cialement con\u00e7u pour le travail de doublure et de d\u00e9tail avec une lame en T extra large de 6\u00a0mm qui s&rsquo;ajuste avec un chevauchement z\u00e9ro vous permettant de couper plus pr\u00e8s de la peau, ce qui en fait un outil id\u00e9al pour cr\u00e9er des motifs. <\/p>\n<p>Le kit comprend\u00a0: 3\u00a0peignes de guidage de la coupe, de l&rsquo;huile pour lame, une brosse de nettoyage et des instructions.<\/p><\/div>\n<\/div>\n<div class=\"tab js-tab\">\n<h3 class=\"tab-title pdp-tabs_title js-tab-mobile-title\"><span>Mode d&#8217;emploi<\/span><\/h3>\n<div class=\"tab-description pdp-tabs_description js-tab-description\">Veuillez vous r\u00e9f\u00e9rer aux instructions de l&#8217;emballage.<\/div>\n<\/div>\n<div class=\"tab js-tab\">\n<h3 class=\"tab-title pdp-tabs_title js-tab-mobile-title\"><span>Livraison et stock<\/span><\/h3>\n<div class=\"tab-description pdp-tabs_description js-tab-description\">\n<div class=\"pdp-delivery_info\">\n<div class=\"content-asset\">Livraison et d\u00e9laisRetours et remboursements<\/div>\n<\/div>\n<\/div>\n<\/div>\n<\/div>\n<\/div>\n<\/div>\n","protected":false},"excerpt":{"rendered":"<p>Points cl\u00e9s Tondeuse professionnelle \u00e0 moteur rotatif fonctionnant sur secteur Jusqu&rsquo;\u00e0 deux fois plus de&hellip;<\/p>\n","protected":false},"featured_media":16519,"comment_status":"open","ping_status":"closed","template":"","meta":[],"pwb-brand":[666],"product_cat":[612],"product_tag":[613,127,397],"class_list":{"0":"post-27447","1":"product","2":"type-product","3":"status-publish","4":"has-post-thumbnail","6":"pwb-brand-wahl","7":"product_cat-essentiels-coiffure-pour-etudiants","8":"product_tag-essentiels-coiffure-pour-etudiants","9":"product_tag-shampooing-et-coiffure","10":"product_tag-wahl","12":"first","13":"instock","14":"taxable","15":"shipping-taxable","16":"purchasable","17":"product-type-simple","18":"layout-style-3","19":"col-md-4 col-sm-4 col-xs-6","20":"col-lg-3","21":"product-has-gallery","22":"product-style-default"},"aioseo_notices":[],"brands":[{"id":666,"name":"Wahl","slug":"wahl"}],"_links":{"self":[{"href":"https:\/\/cheveuxluxe.com\/index.php\/wp-json\/wp\/v2\/product\/27447","targetHints":{"allow":["GET"]}}],"collection":[{"href":"https:\/\/cheveuxluxe.com\/index.php\/wp-json\/wp\/v2\/product"}],"about":[{"href":"https:\/\/cheveuxluxe.com\/index.php\/wp-json\/wp\/v2\/types\/product"}],"replies":[{"embeddable":true,"href":"https:\/\/cheveuxluxe.com\/index.php\/wp-json\/wp\/v2\/comments?post=27447"}],"version-history":[{"count":0,"href":"https:\/\/cheveuxluxe.com\/index.php\/wp-json\/wp\/v2\/product\/27447\/revisions"}],"wp:featuredmedia":[{"embeddable":true,"href":"https:\/\/cheveuxluxe.com\/index.php\/wp-json\/wp\/v2\/media\/16519"}],"wp:attachment":[{"href":"https:\/\/cheveuxluxe.com\/index.php\/wp-json\/wp\/v2\/media?parent=27447"}],"wp:term":[{"taxonomy":"pwb-brand","embeddable":true,"href":"https:\/\/cheveuxluxe.com\/index.php\/wp-json\/wp\/v2\/pwb-brand?post=27447"},{"taxonomy":"product_cat","embeddable":true,"href":"https:\/\/cheveuxluxe.com\/index.php\/wp-json\/wp\/v2\/product_cat?post=27447"},{"taxonomy":"product_tag","embeddable":true,"href":"https:\/\/cheveuxluxe.com\/index.php\/wp-json\/wp\/v2\/product_tag?post=27447"}],"curies":[{"name":"wp","href":"https:\/\/api.w.org\/{rel}","templated":true}]}}