{"id":27462,"date":"2024-04-09T20:53:29","date_gmt":"2024-04-09T20:53:29","guid":{"rendered":"https:\/\/cheveuxluxe.com\/index.php\/product\/ultron-lames-de-rasoir-10pcs\/"},"modified":"2024-04-13T13:46:50","modified_gmt":"2024-04-13T13:46:50","slug":"ultron-lames-de-rasoir-10pcs","status":"publish","type":"product","link":"https:\/\/cheveuxluxe.com\/index.php\/product\/ultron-lames-de-rasoir-10pcs\/","title":{"rendered":"Ultron Lames de rasoir 10pcs"},"content":{"rendered":"<div class=\"product-content_bottom\">\n<div class=\"pdp-info\">\n<div class=\"pdp-tabs tab-container\">\n<div class=\"tab js-tab\">\n<h3 class=\"tab-title pdp-tabs_title js-tab-mobile-title open\"><span>Points cl\u00e9s<\/span><\/h3>\n<div class=\"tab-description pdp-tabs_description js-tab-description open\" itemprop=\"description\">\n<ul>\n<li>10 lames <\/li>\n<li>Acier inoxydable<\/li>\n<li>Faciles \u00e0 s\u00e9parer<\/li>\n<li>Compatibles avec le rasoir BARBURYS Gentleness &#8211; VR021068<\/li>\n<\/ul>\n<\/div>\n<\/div>\n<div class=\"tab js-tab\">\n<h3 class=\"tab-title pdp-tabs_title js-tab-mobile-title\"><span>Description<\/span><\/h3>\n<div class=\"tab-description pdp-tabs_description js-tab-description\" itemprop=\"description\">Lames de rasoir \u00e0 utiliser avec les rasoirs Gentleness, Agitator et Butterfly.<br \/>Pour le Gentleness l\u2019Agitator, coupez une lame en deux et utilisez une demi-lame.<br \/>Pour le Butterfly, utilisez une lame enti\u00e8re.<\/p>\n<p>Livr\u00e9es dans un \u00e9tui en plastique contenant 10 lames emball\u00e9es individuellement.<\/p><\/div>\n<\/div>\n<div class=\"tab js-tab\">\n<h3 class=\"tab-title pdp-tabs_title js-tab-mobile-title\"><span>Livraison et stock<\/span><\/h3>\n<div class=\"tab-description pdp-tabs_description js-tab-description\">\n<div class=\"pdp-delivery_info\">\n<div class=\"content-asset\">Livraison et d\u00e9laisRetours et remboursements<\/div>\n<\/div>\n<\/div>\n<\/div>\n<div class=\"tab js-tab\">\n<h3 class=\"tab-title pdp-tabs_title js-tab-mobile-title\"><span>Pr\u00e9cautions d&#8217;emploi<\/span><\/h3>\n<div class=\"tab-description pdp-tabs_description js-tab-description\">Conserver hors de port\u00e9e des enfants.<\/div>\n<\/div>\n<\/div>\n<\/div>\n<\/div>\n","protected":false},"excerpt":{"rendered":"<p>Points cl\u00e9s 10 lames Acier inoxydable Faciles \u00e0 s\u00e9parer Compatibles avec le rasoir BARBURYS Gentleness&hellip;<\/p>\n","protected":false},"featured_media":16582,"comment_status":"open","ping_status":"closed","template":"","meta":[],"pwb-brand":[668],"product_cat":[503],"product_tag":[168,169,407],"class_list":{"0":"post-27462","1":"product","2":"type-product","3":"status-publish","4":"has-post-thumbnail","6":"pwb-brand-ultron","7":"product_cat-materiel-de-coiffure-equipement-de-salon-22","8":"product_tag-equipement-de-salon","9":"product_tag-materiel-de-coiffure","10":"product_tag-ultron","12":"first","13":"instock","14":"taxable","15":"shipping-taxable","16":"purchasable","17":"product-type-simple","18":"layout-style-3","19":"col-md-4 col-sm-4 col-xs-6","20":"col-lg-3","21":"product-style-default"},"aioseo_notices":[],"brands":[{"id":668,"name":"Ultron","slug":"ultron"}],"_links":{"self":[{"href":"https:\/\/cheveuxluxe.com\/index.php\/wp-json\/wp\/v2\/product\/27462","targetHints":{"allow":["GET"]}}],"collection":[{"href":"https:\/\/cheveuxluxe.com\/index.php\/wp-json\/wp\/v2\/product"}],"about":[{"href":"https:\/\/cheveuxluxe.com\/index.php\/wp-json\/wp\/v2\/types\/product"}],"replies":[{"embeddable":true,"href":"https:\/\/cheveuxluxe.com\/index.php\/wp-json\/wp\/v2\/comments?post=27462"}],"version-history":[{"count":0,"href":"https:\/\/cheveuxluxe.com\/index.php\/wp-json\/wp\/v2\/product\/27462\/revisions"}],"wp:featuredmedia":[{"embeddable":true,"href":"https:\/\/cheveuxluxe.com\/index.php\/wp-json\/wp\/v2\/media\/16582"}],"wp:attachment":[{"href":"https:\/\/cheveuxluxe.com\/index.php\/wp-json\/wp\/v2\/media?parent=27462"}],"wp:term":[{"taxonomy":"pwb-brand","embeddable":true,"href":"https:\/\/cheveuxluxe.com\/index.php\/wp-json\/wp\/v2\/pwb-brand?post=27462"},{"taxonomy":"product_cat","embeddable":true,"href":"https:\/\/cheveuxluxe.com\/index.php\/wp-json\/wp\/v2\/product_cat?post=27462"},{"taxonomy":"product_tag","embeddable":true,"href":"https:\/\/cheveuxluxe.com\/index.php\/wp-json\/wp\/v2\/product_tag?post=27462"}],"curies":[{"name":"wp","href":"https:\/\/api.w.org\/{rel}","templated":true}]}}