{"id":27486,"date":"2024-04-09T20:54:14","date_gmt":"2024-04-09T20:54:14","guid":{"rendered":"https:\/\/cheveuxluxe.com\/index.php\/product\/moser-magic-blade-chromestyle-professional\/"},"modified":"2024-04-13T13:45:34","modified_gmt":"2024-04-13T13:45:34","slug":"moser-magic-blade-chromestyle-professional","status":"publish","type":"product","link":"https:\/\/cheveuxluxe.com\/index.php\/product\/moser-magic-blade-chromestyle-professional\/","title":{"rendered":"Moser Magic Blade Chromestyle Professional"},"content":{"rendered":"<div class=\"product-content_bottom\">\n<div class=\"pdp-info\">\n<div class=\"pdp-tabs tab-container\">\n<div class=\"tab js-tab\">\n<h3 class=\"tab-title pdp-tabs_title js-tab-mobile-title open\"><span>Points cl\u00e9s<\/span><\/h3>\n<div class=\"tab-description pdp-tabs_description js-tab-description open\" itemprop=\"description\">\n<p>La t\u00eate de coupe est compatible avec les mod\u00e8les suivants :<\/p>\n<ul>\n<li>Moser\u00a0Clipper ChromStyle Pro 1871 Li+ Charging<\/li>\n<li>Moser\u00a0Clipper Neo Black<\/li>\n<li>Moser\u00a0Chrom2Style Black\/Silver<\/li>\n<\/ul>\n<\/div>\n<\/div>\n<div class=\"tab js-tab\">\n<h3 class=\"tab-title pdp-tabs_title js-tab-mobile-title\"><span>Description<\/span><\/h3>\n<div class=\"tab-description pdp-tabs_description js-tab-description\" itemprop=\"description\">La t\u00eate de coupe est compatible avec les mod\u00e8les suivants :1854, 1855, 1870, 1871, 1872, 1873, 1874, 1876,1877, 1884, 1885, 1886, 1887, 1888 et 8843L.<\/div>\n<\/div>\n<div class=\"tab js-tab\">\n<h3 class=\"tab-title pdp-tabs_title js-tab-mobile-title\"><span>Livraison et stock<\/span><\/h3>\n<div class=\"tab-description pdp-tabs_description js-tab-description\">\n<div class=\"pdp-delivery_info\">\n<div class=\"content-asset\">Livraison et d\u00e9laisRetours et remboursements<\/div>\n<\/div>\n<\/div>\n<\/div>\n<\/div>\n<\/div>\n<\/div>\n","protected":false},"excerpt":{"rendered":"<p>Points cl\u00e9s La t\u00eate de coupe est compatible avec les mod\u00e8les suivants : Moser\u00a0Clipper ChromStyle&hellip;<\/p>\n","protected":false},"featured_media":27485,"comment_status":"open","ping_status":"closed","template":"","meta":[],"pwb-brand":[667],"product_cat":[473],"product_tag":[82,177,406],"class_list":{"0":"post-27486","1":"product","2":"type-product","3":"status-publish","4":"has-post-thumbnail","6":"pwb-brand-moser","7":"product_cat-accessoires","8":"product_tag-accessoires","9":"product_tag-electro-et-materiel","10":"product_tag-moser","12":"first","13":"instock","14":"taxable","15":"shipping-taxable","16":"purchasable","17":"product-type-simple","18":"layout-style-3","19":"col-md-4 col-sm-4 col-xs-6","20":"col-lg-3","21":"product-style-default"},"aioseo_notices":[],"brands":[{"id":667,"name":"Moser","slug":"moser"}],"_links":{"self":[{"href":"https:\/\/cheveuxluxe.com\/index.php\/wp-json\/wp\/v2\/product\/27486","targetHints":{"allow":["GET"]}}],"collection":[{"href":"https:\/\/cheveuxluxe.com\/index.php\/wp-json\/wp\/v2\/product"}],"about":[{"href":"https:\/\/cheveuxluxe.com\/index.php\/wp-json\/wp\/v2\/types\/product"}],"replies":[{"embeddable":true,"href":"https:\/\/cheveuxluxe.com\/index.php\/wp-json\/wp\/v2\/comments?post=27486"}],"version-history":[{"count":0,"href":"https:\/\/cheveuxluxe.com\/index.php\/wp-json\/wp\/v2\/product\/27486\/revisions"}],"wp:featuredmedia":[{"embeddable":true,"href":"https:\/\/cheveuxluxe.com\/index.php\/wp-json\/wp\/v2\/media\/27485"}],"wp:attachment":[{"href":"https:\/\/cheveuxluxe.com\/index.php\/wp-json\/wp\/v2\/media?parent=27486"}],"wp:term":[{"taxonomy":"pwb-brand","embeddable":true,"href":"https:\/\/cheveuxluxe.com\/index.php\/wp-json\/wp\/v2\/pwb-brand?post=27486"},{"taxonomy":"product_cat","embeddable":true,"href":"https:\/\/cheveuxluxe.com\/index.php\/wp-json\/wp\/v2\/product_cat?post=27486"},{"taxonomy":"product_tag","embeddable":true,"href":"https:\/\/cheveuxluxe.com\/index.php\/wp-json\/wp\/v2\/product_tag?post=27486"}],"curies":[{"name":"wp","href":"https:\/\/api.w.org\/{rel}","templated":true}]}}