{"id":27490,"date":"2024-04-09T20:54:16","date_gmt":"2024-04-09T20:54:16","guid":{"rendered":"https:\/\/cheveuxluxe.com\/index.php\/product\/jaguar-ciseaux-off-wl-pastell-plus-rose-5-5-4752-8\/"},"modified":"2024-04-13T13:46:26","modified_gmt":"2024-04-13T13:46:26","slug":"jaguar-ciseaux-off-wl-pastell-plus-rose-5-5-4752-8","status":"publish","type":"product","link":"https:\/\/cheveuxluxe.com\/index.php\/product\/jaguar-ciseaux-off-wl-pastell-plus-rose-5-5-4752-8\/","title":{"rendered":"Jaguar Ciseaux Off WL Pastell Plus Ros\u00e9 5.5\/4752-8"},"content":{"rendered":"<div class=\"product-content_bottom\">\n<div class=\"pdp-info\">\n<div class=\"pdp-tabs tab-container\">\n<div class=\"tab js-tab\">\n<h3 class=\"tab-title pdp-tabs_title js-tab-mobile-title open\"><span>Points cl\u00e9s<\/span><\/h3>\n<div class=\"tab-description pdp-tabs_description js-tab-description open\" itemprop=\"description\">\n<ul>\n<li> Manche ergonomique<\/li>\n<li>Longue dur\u00e9e et acier de qualit\u00e9<\/li>\n<li>Trempage \u00e0 froid \u00e0-80 \u00b0C<\/li>\n<li>Lame pr\u00e9cise<\/li>\n<li>Vis VARIO <\/li>\n<\/ul>\n<\/div>\n<\/div>\n<div class=\"tab js-tab\">\n<h3 class=\"tab-title pdp-tabs_title js-tab-mobile-title\"><span>Description<\/span><\/h3>\n<div class=\"tab-description pdp-tabs_description js-tab-description\" itemprop=\"description\">Rev\u00eatement m\u00e9tallique de haute qualit\u00e9.Protection en cas d\u2018allergie au nickel. Design Offset pour une position de manche ergonomique et un travail d\u00e9tendu.DUR\u00c9E DE VIETranchant de longue dur\u00e9e gr\u00e2ce \u00e0 l\u2018utilisation d\u2018un acier de qualit\u00e9 forg\u00e9 et du proc\u00e9d\u00e9 de trempage \u00e0 froid \u00e0-80 \u00b0C pour une duret\u00e9 renforc\u00e9e.FONCTIONNEMENTForme de lame pr\u00e9cise gr\u00e2ce au proc\u00e9d\u00e9 de dressage et vis VARIO pour un tr\u00e8s bon fonctionnement ais\u00e9. La vis VARIO peut tout simplement \u00eatre rajust\u00e9 avec une pi\u00e8ce de monnaie.PR\u00c9CISION D\u2019AIGUISAGELames classiques avec un angle de fil de lame plat pour un tr\u00e8s bon tranchant. Convient particuli\u00e8rement bien \u00e0 l\u2018effilage gr\u00e2ce \u00e0 la rectification concave et au pon\u00e7age honing.<\/div>\n<\/div>\n<div class=\"tab js-tab\">\n<h3 class=\"tab-title pdp-tabs_title js-tab-mobile-title\"><span>Livraison et stock<\/span><\/h3>\n<div class=\"tab-description pdp-tabs_description js-tab-description\">\n<div class=\"pdp-delivery_info\">\n<div class=\"content-asset\">Livraison et d\u00e9laisRetours et remboursements<\/div>\n<\/div>\n<\/div>\n<\/div>\n<\/div>\n<\/div>\n<\/div>\n","protected":false},"excerpt":{"rendered":"<p>Points cl\u00e9s Manche ergonomique Longue dur\u00e9e et acier de qualit\u00e9 Trempage \u00e0 froid \u00e0-80 \u00b0C&hellip;<\/p>\n","protected":false},"featured_media":16719,"comment_status":"open","ping_status":"closed","template":"","meta":[],"pwb-brand":[670],"product_cat":[503],"product_tag":[168,414,169],"class_list":{"0":"post-27490","1":"product","2":"type-product","3":"status-publish","4":"has-post-thumbnail","6":"pwb-brand-jaguar","7":"product_cat-materiel-de-coiffure-equipement-de-salon-22","8":"product_tag-equipement-de-salon","9":"product_tag-jaguar","10":"product_tag-materiel-de-coiffure","12":"first","13":"instock","14":"taxable","15":"shipping-taxable","16":"purchasable","17":"product-type-simple","18":"layout-style-3","19":"col-md-4 col-sm-4 col-xs-6","20":"col-lg-3","21":"product-style-default"},"aioseo_notices":[],"brands":[{"id":670,"name":"Jaguar","slug":"jaguar"}],"_links":{"self":[{"href":"https:\/\/cheveuxluxe.com\/index.php\/wp-json\/wp\/v2\/product\/27490","targetHints":{"allow":["GET"]}}],"collection":[{"href":"https:\/\/cheveuxluxe.com\/index.php\/wp-json\/wp\/v2\/product"}],"about":[{"href":"https:\/\/cheveuxluxe.com\/index.php\/wp-json\/wp\/v2\/types\/product"}],"replies":[{"embeddable":true,"href":"https:\/\/cheveuxluxe.com\/index.php\/wp-json\/wp\/v2\/comments?post=27490"}],"version-history":[{"count":0,"href":"https:\/\/cheveuxluxe.com\/index.php\/wp-json\/wp\/v2\/product\/27490\/revisions"}],"wp:featuredmedia":[{"embeddable":true,"href":"https:\/\/cheveuxluxe.com\/index.php\/wp-json\/wp\/v2\/media\/16719"}],"wp:attachment":[{"href":"https:\/\/cheveuxluxe.com\/index.php\/wp-json\/wp\/v2\/media?parent=27490"}],"wp:term":[{"taxonomy":"pwb-brand","embeddable":true,"href":"https:\/\/cheveuxluxe.com\/index.php\/wp-json\/wp\/v2\/pwb-brand?post=27490"},{"taxonomy":"product_cat","embeddable":true,"href":"https:\/\/cheveuxluxe.com\/index.php\/wp-json\/wp\/v2\/product_cat?post=27490"},{"taxonomy":"product_tag","embeddable":true,"href":"https:\/\/cheveuxluxe.com\/index.php\/wp-json\/wp\/v2\/product_tag?post=27490"}],"curies":[{"name":"wp","href":"https:\/\/api.w.org\/{rel}","templated":true}]}}