{"id":27493,"date":"2024-04-09T20:54:17","date_gmt":"2024-04-09T20:54:17","guid":{"rendered":"https:\/\/cheveuxluxe.com\/index.php\/product\/tondeo-rasoir-m-line-tm-et-lames-10pcs-1110\/"},"modified":"2024-04-13T14:22:33","modified_gmt":"2024-04-13T14:22:33","slug":"tondeo-rasoir-m-line-tm-et-lames-10pcs-1110","status":"publish","type":"product","link":"https:\/\/cheveuxluxe.com\/index.php\/product\/tondeo-rasoir-m-line-tm-et-lames-10pcs-1110\/","title":{"rendered":"Tondeo Rasoir M-Line TM et Lames 10pcs 1110"},"content":{"rendered":"<div class=\"product-content_bottom\">\n<div class=\"pdp-info\">\n<div class=\"pdp-tabs tab-container\">\n<div class=\"tab js-tab\">\n<h3 class=\"tab-title pdp-tabs_title js-tab-mobile-title open\"><span>Points cl\u00e9s<\/span><\/h3>\n<div class=\"tab-description pdp-tabs_description js-tab-description open\" itemprop=\"description\">\n<ul>\n<li> Fabriqu\u00e9 en Allemagne<\/li>\n<li>Rasoir professionnel <\/li>\n<li>Longue dur\u00e9e de vie <\/li>\n<li>Protection renforc\u00e9e <\/li>\n<\/ul>\n<\/div>\n<\/div>\n<div class=\"tab js-tab\">\n<h3 class=\"tab-title pdp-tabs_title js-tab-mobile-title\"><span>Description<\/span><\/h3>\n<div class=\"tab-description pdp-tabs_description js-tab-description\" itemprop=\"description\">Travaillez avec pr\u00e9cision avec les rasoirs de la gamme M-Line ! Mod\u00e8le phare de la marque, le TM est un indispensable de la panoplie du coiffeur. Gr\u00e2ce \u00e0 ses lames prot\u00e9g\u00e9es des deux c\u00f4t\u00e9s, les coupes sont d\u00e9finies, et la peau respect\u00e9e. Choisir un produit Tondeo\u00ae, c\u2019est faire confiance \u00e0 plus de 80 ans d\u2019expertise au service des professionnels. Et parce que le savoir-faire se marie parfaitement avec l\u2019innovation, Tondeo\u00ae reste aujourd\u2019hui une marque \u00e0 la pointe en mati\u00e8re d\u2019\u00e9quipement pour la coiffure.Ce rasoir polyvalent s\u2019utilise pour la coupe des cheveux comme pour le rasage de la barbe. Fabriqu\u00e9 en Allemagne, le TM vous assure une dur\u00e9e de vie exemplaire gr\u00e2ce \u00e0 ses mat\u00e9riaux longue dur\u00e9e.Le support de lame est en acier massif et le manche en acier avec une poign\u00e9e plastique. Ce mod\u00e8le est livr\u00e9 avec un set de 10 lames TCR.<\/div>\n<\/div>\n<div class=\"tab js-tab\">\n<h3 class=\"tab-title pdp-tabs_title js-tab-mobile-title\"><span>Mode d&#8217;emploi<\/span><\/h3>\n<div class=\"tab-description pdp-tabs_description js-tab-description\">Pour raser les cheveux ou une barbe, travaillez sur une pilosit\u00e9 d\u00e9j\u00e0 courte. Si les cheveux sont trop longs ou la barbe trop fournie, commencez par d\u00e9s\u00e9paissir.Travaillez avec prudence : les rasoirs de qualit\u00e9 sont des objets tr\u00e8s coupants, qui demandent de la dext\u00e9rit\u00e9 dans le mouvement. Pour apaiser la peau du visage apr\u00e8s un rasage de la barbe, appliquez un soin nourrissant hydratant et apaisant.<\/div>\n<\/div>\n<div class=\"tab js-tab\">\n<h3 class=\"tab-title pdp-tabs_title js-tab-mobile-title\"><span>Livraison et stock<\/span><\/h3>\n<div class=\"tab-description pdp-tabs_description js-tab-description\">\n<div class=\"pdp-delivery_info\">\n<div class=\"content-asset\">Livraison et d\u00e9laisRetours et remboursements<\/div>\n<\/div>\n<\/div>\n<\/div>\n<\/div>\n<\/div>\n<\/div>\n","protected":false},"excerpt":{"rendered":"<p>Points cl\u00e9s Fabriqu\u00e9 en Allemagne Rasoir professionnel Longue dur\u00e9e de vie Protection renforc\u00e9e Description Travaillez&hellip;<\/p>\n","protected":false},"featured_media":16798,"comment_status":"open","ping_status":"closed","template":"","meta":[],"pwb-brand":[669],"product_cat":[612],"product_tag":[613,127,411],"class_list":{"0":"post-27493","1":"product","2":"type-product","3":"status-publish","4":"has-post-thumbnail","6":"pwb-brand-tondeo","7":"product_cat-essentiels-coiffure-pour-etudiants","8":"product_tag-essentiels-coiffure-pour-etudiants","9":"product_tag-shampooing-et-coiffure","10":"product_tag-tondeo","12":"first","13":"instock","14":"taxable","15":"shipping-taxable","16":"purchasable","17":"product-type-simple","18":"layout-style-3","19":"col-md-4 col-sm-4 col-xs-6","20":"col-lg-3","21":"product-style-default"},"aioseo_notices":[],"brands":[{"id":669,"name":"Tondeo","slug":"tondeo"}],"_links":{"self":[{"href":"https:\/\/cheveuxluxe.com\/index.php\/wp-json\/wp\/v2\/product\/27493","targetHints":{"allow":["GET"]}}],"collection":[{"href":"https:\/\/cheveuxluxe.com\/index.php\/wp-json\/wp\/v2\/product"}],"about":[{"href":"https:\/\/cheveuxluxe.com\/index.php\/wp-json\/wp\/v2\/types\/product"}],"replies":[{"embeddable":true,"href":"https:\/\/cheveuxluxe.com\/index.php\/wp-json\/wp\/v2\/comments?post=27493"}],"version-history":[{"count":0,"href":"https:\/\/cheveuxluxe.com\/index.php\/wp-json\/wp\/v2\/product\/27493\/revisions"}],"wp:featuredmedia":[{"embeddable":true,"href":"https:\/\/cheveuxluxe.com\/index.php\/wp-json\/wp\/v2\/media\/16798"}],"wp:attachment":[{"href":"https:\/\/cheveuxluxe.com\/index.php\/wp-json\/wp\/v2\/media?parent=27493"}],"wp:term":[{"taxonomy":"pwb-brand","embeddable":true,"href":"https:\/\/cheveuxluxe.com\/index.php\/wp-json\/wp\/v2\/pwb-brand?post=27493"},{"taxonomy":"product_cat","embeddable":true,"href":"https:\/\/cheveuxluxe.com\/index.php\/wp-json\/wp\/v2\/product_cat?post=27493"},{"taxonomy":"product_tag","embeddable":true,"href":"https:\/\/cheveuxluxe.com\/index.php\/wp-json\/wp\/v2\/product_tag?post=27493"}],"curies":[{"name":"wp","href":"https:\/\/api.w.org\/{rel}","templated":true}]}}