{"id":27494,"date":"2024-04-09T20:54:18","date_gmt":"2024-04-09T20:54:18","guid":{"rendered":"https:\/\/cheveuxluxe.com\/index.php\/product\/tondeo-lames-de-rasoir-m-line-comfort-cut-10-pieces\/"},"modified":"2024-04-13T14:22:34","modified_gmt":"2024-04-13T14:22:34","slug":"tondeo-lames-de-rasoir-m-line-comfort-cut-10-pieces","status":"publish","type":"product","link":"https:\/\/cheveuxluxe.com\/index.php\/product\/tondeo-lames-de-rasoir-m-line-comfort-cut-10-pieces\/","title":{"rendered":"Tondeo Lames de rasoir M-Line Comfort Cut 10 pi\u00e8ces"},"content":{"rendered":"<div class=\"product-content_bottom\">\n<div class=\"pdp-info\">\n<div class=\"pdp-tabs tab-container\">\n<div class=\"tab js-tab\">\n<h3 class=\"tab-title pdp-tabs_title js-tab-mobile-title open\"><span>Points cl\u00e9s<\/span><\/h3>\n<div class=\"tab-description pdp-tabs_description js-tab-description open\" itemprop=\"description\">\n<ul>\n<li> Changement simple <\/li>\n<li>S\u00e9curit\u00e9 <\/li>\n<li>10 lames <\/li>\n<li>Adapt\u00e9es aux rasoirs Comfort Cut <\/li>\n<\/ul>\n<\/div>\n<\/div>\n<div class=\"tab js-tab\">\n<h3 class=\"tab-title pdp-tabs_title js-tab-mobile-title\"><span>Description<\/span><\/h3>\n<div class=\"tab-description pdp-tabs_description js-tab-description\" itemprop=\"description\">Pour vos services de coiffure, l\u2019hygi\u00e8ne est tout aussi indispensable que la technique \u2014 raison pour laquelle il est crucial de miser sur la qualit\u00e9 de vos rasoirs, tout en vous assurant que les lames peuvent \u00eatre chang\u00e9es r\u00e9guli\u00e8rement et confortablement. Bien au fait des besoins des professionnels, Tondeo\u00ae a con\u00e7u un syst\u00e8me de lames performant, pour un changement simplifi\u00e9, et une stabilit\u00e9 hors pair une fois ancr\u00e9e.Gr\u00e2ce \u00e0 Comfort Cut, vous pouvez installer une nouvelle lame en quelques gestes seulement, sans risque ! Au-del\u00e0 de sa prise en main facilit\u00e9e, le syst\u00e8me Comfort Cut est aussi tr\u00e8s s\u00e9curis\u00e9 : finis les coupures et autres impr\u00e9vus lors du changement de lame de vos rasoirs.Ces lames Comfort Cut affichent une longueur de 50 mm, pour une glisse facile et rapide, et garantie sans aucun risque : gr\u00e2ce aux protections angulaires des lames, rasez en toute s\u00e9curit\u00e9 !<\/div>\n<\/div>\n<div class=\"tab js-tab\">\n<h3 class=\"tab-title pdp-tabs_title js-tab-mobile-title\"><span>Mode d&#8217;emploi<\/span><\/h3>\n<div class=\"tab-description pdp-tabs_description js-tab-description\">Pour changer les lames Comfort Cut, commencez par placer le rail du rasoir sur le rail de la lame. Poussez jusqu\u2019\u00e0 la but\u00e9e \u2014 la lame est alors bloqu\u00e9e, vous pouvez la relever.Pour enlever la lame, enclenchez-la dans le compartiment distributeur avant de la retirer.<\/div>\n<\/div>\n<div class=\"tab js-tab\">\n<h3 class=\"tab-title pdp-tabs_title js-tab-mobile-title\"><span>Livraison et stock<\/span><\/h3>\n<div class=\"tab-description pdp-tabs_description js-tab-description\">\n<div class=\"pdp-delivery_info\">\n<div class=\"content-asset\">Livraison et d\u00e9laisRetours et remboursements<\/div>\n<\/div>\n<\/div>\n<\/div>\n<\/div>\n<\/div>\n<\/div>\n","protected":false},"excerpt":{"rendered":"<p>Points cl\u00e9s Changement simple S\u00e9curit\u00e9 10 lames Adapt\u00e9es aux rasoirs Comfort Cut Description Pour vos&hellip;<\/p>\n","protected":false},"featured_media":16714,"comment_status":"open","ping_status":"closed","template":"","meta":[],"pwb-brand":[669],"product_cat":[612],"product_tag":[613,127,411],"class_list":{"0":"post-27494","1":"product","2":"type-product","3":"status-publish","4":"has-post-thumbnail","6":"pwb-brand-tondeo","7":"product_cat-essentiels-coiffure-pour-etudiants","8":"product_tag-essentiels-coiffure-pour-etudiants","9":"product_tag-shampooing-et-coiffure","10":"product_tag-tondeo","12":"first","13":"instock","14":"taxable","15":"shipping-taxable","16":"purchasable","17":"product-type-simple","18":"layout-style-3","19":"col-md-4 col-sm-4 col-xs-6","20":"col-lg-3","21":"product-has-gallery","22":"product-style-default"},"aioseo_notices":[],"brands":[{"id":669,"name":"Tondeo","slug":"tondeo"}],"_links":{"self":[{"href":"https:\/\/cheveuxluxe.com\/index.php\/wp-json\/wp\/v2\/product\/27494","targetHints":{"allow":["GET"]}}],"collection":[{"href":"https:\/\/cheveuxluxe.com\/index.php\/wp-json\/wp\/v2\/product"}],"about":[{"href":"https:\/\/cheveuxluxe.com\/index.php\/wp-json\/wp\/v2\/types\/product"}],"replies":[{"embeddable":true,"href":"https:\/\/cheveuxluxe.com\/index.php\/wp-json\/wp\/v2\/comments?post=27494"}],"version-history":[{"count":0,"href":"https:\/\/cheveuxluxe.com\/index.php\/wp-json\/wp\/v2\/product\/27494\/revisions"}],"wp:featuredmedia":[{"embeddable":true,"href":"https:\/\/cheveuxluxe.com\/index.php\/wp-json\/wp\/v2\/media\/16714"}],"wp:attachment":[{"href":"https:\/\/cheveuxluxe.com\/index.php\/wp-json\/wp\/v2\/media?parent=27494"}],"wp:term":[{"taxonomy":"pwb-brand","embeddable":true,"href":"https:\/\/cheveuxluxe.com\/index.php\/wp-json\/wp\/v2\/pwb-brand?post=27494"},{"taxonomy":"product_cat","embeddable":true,"href":"https:\/\/cheveuxluxe.com\/index.php\/wp-json\/wp\/v2\/product_cat?post=27494"},{"taxonomy":"product_tag","embeddable":true,"href":"https:\/\/cheveuxluxe.com\/index.php\/wp-json\/wp\/v2\/product_tag?post=27494"}],"curies":[{"name":"wp","href":"https:\/\/api.w.org\/{rel}","templated":true}]}}