{"id":27500,"date":"2024-04-09T20:54:23","date_gmt":"2024-04-09T20:54:23","guid":{"rendered":"https:\/\/cheveuxluxe.com\/index.php\/product\/filarmonica-ciseaux-coiffure-soft-5-5\/"},"modified":"2024-04-13T14:24:16","modified_gmt":"2024-04-13T14:24:16","slug":"filarmonica-ciseaux-coiffure-soft-5-5","status":"publish","type":"product","link":"https:\/\/cheveuxluxe.com\/index.php\/product\/filarmonica-ciseaux-coiffure-soft-5-5\/","title":{"rendered":"Filarmonica Ciseaux Coiffure Soft 5.5\u201d"},"content":{"rendered":"<div class=\"product-content_bottom\">\n<div class=\"pdp-info\">\n<div class=\"pdp-tabs tab-container\">\n<div class=\"tab js-tab\">\n<h3 class=\"tab-title pdp-tabs_title js-tab-mobile-title open\"><span>Points cl\u00e9s<\/span><\/h3>\n<div class=\"tab-description pdp-tabs_description js-tab-description open\" itemprop=\"description\">\n<ul>\n<li>Acier Inoxydable<\/li>\n<li>Forg\u00e9 \u00e0 Chaud<\/li>\n<li>Duret\u00e9 HRc54<\/li>\n<li>Vis R\u00e9glable<\/li>\n<li>Repose-doigt amovible<\/li>\n<\/ul>\n<\/div>\n<\/div>\n<div class=\"tab js-tab\">\n<h3 class=\"tab-title pdp-tabs_title js-tab-mobile-title\"><span>Description<\/span><\/h3>\n<div class=\"tab-description pdp-tabs_description js-tab-description\" itemprop=\"description\">Ciseaux de coiffure Soft Filarmonica de 5.5&Prime;, avec un tranchant plat et une grande duret\u00e9.<br \/>La vis r\u00e9glable permet de desserrer les lames sans perdre le r\u00e9glage.<br \/>Un mod\u00e8le pour travailler \u00e0 l&rsquo;aise.<\/div>\n<\/div>\n<div class=\"tab js-tab\">\n<h3 class=\"tab-title pdp-tabs_title js-tab-mobile-title\"><span>Mode d&#8217;emploi<\/span><\/h3>\n<div class=\"tab-description pdp-tabs_description js-tab-description\">Couper sur des cheveux propres.<\/div>\n<\/div>\n<div class=\"tab js-tab\">\n<h3 class=\"tab-title pdp-tabs_title js-tab-mobile-title\"><span>Livraison et stock<\/span><\/h3>\n<div class=\"tab-description pdp-tabs_description js-tab-description\">\n<div class=\"pdp-delivery_info\">\n<div class=\"content-asset\">Livraison et d\u00e9laisRetours et remboursements<\/div>\n<\/div>\n<\/div>\n<\/div>\n<div class=\"tab js-tab\">\n<h3 class=\"tab-title pdp-tabs_title js-tab-mobile-title\"><span>Pr\u00e9cautions d&#8217;emploi<\/span><\/h3>\n<div class=\"tab-description pdp-tabs_description js-tab-description\">Un entretien r\u00e9gulier prolonge consid\u00e9rablement la dur\u00e9e de vie de vos ciseaux.<br \/>&#8211; Conserver toujours les ciseaux prot\u00e9ge\u00e9s pour qu&rsquo;ils ne subissent aucune d\u00e9formation en cas de chute.<br \/>&#8211; Pour une meilleure utilisation de vos ciseaux, versez quelques gouttes d&rsquo;huile tous les deux ou trois jours.<br \/>&#8211; Saisissez les ciseaux par le manche pour \u00e9viter que la sueur des mains ne d\u00e9t\u00e9riore les lames.<br \/>&#8211; Commencez la coupe sur cheveux mouill\u00e9s et propres.<br \/>&#8211; Placez les ciseaux en appui pour un alignement parfait.<br \/>&#8211; Utilisez un pinceau pour nettoyer les ciseaux.<br \/>&#8211; Ne jamais couper le papier ni aucune autre mati\u00e8re que les cheveux pour ne pas l&rsquo;ab\u00eemer.<br \/>&#8211; Utilisez correctement les ciseaux au moment de la coupe.<\/div>\n<\/div>\n<\/div>\n<\/div>\n<\/div>\n","protected":false},"excerpt":{"rendered":"<p>Points cl\u00e9s Acier Inoxydable Forg\u00e9 \u00e0 Chaud Duret\u00e9 HRc54 Vis R\u00e9glable Repose-doigt amovible Description Ciseaux&hellip;<\/p>\n","protected":false},"featured_media":16623,"comment_status":"open","ping_status":"closed","template":"","meta":[],"pwb-brand":[673],"product_cat":[612],"product_tag":[613,424,127],"class_list":{"0":"post-27500","1":"product","2":"type-product","3":"status-publish","4":"has-post-thumbnail","6":"pwb-brand-filarmonica","7":"product_cat-essentiels-coiffure-pour-etudiants","8":"product_tag-essentiels-coiffure-pour-etudiants","9":"product_tag-filarmonica","10":"product_tag-shampooing-et-coiffure","12":"first","13":"instock","14":"taxable","15":"shipping-taxable","16":"purchasable","17":"product-type-simple","18":"layout-style-3","19":"col-md-4 col-sm-4 col-xs-6","20":"col-lg-3","21":"product-style-default"},"aioseo_notices":[],"brands":[{"id":673,"name":"Filarmonica","slug":"filarmonica"}],"_links":{"self":[{"href":"https:\/\/cheveuxluxe.com\/index.php\/wp-json\/wp\/v2\/product\/27500","targetHints":{"allow":["GET"]}}],"collection":[{"href":"https:\/\/cheveuxluxe.com\/index.php\/wp-json\/wp\/v2\/product"}],"about":[{"href":"https:\/\/cheveuxluxe.com\/index.php\/wp-json\/wp\/v2\/types\/product"}],"replies":[{"embeddable":true,"href":"https:\/\/cheveuxluxe.com\/index.php\/wp-json\/wp\/v2\/comments?post=27500"}],"version-history":[{"count":0,"href":"https:\/\/cheveuxluxe.com\/index.php\/wp-json\/wp\/v2\/product\/27500\/revisions"}],"wp:featuredmedia":[{"embeddable":true,"href":"https:\/\/cheveuxluxe.com\/index.php\/wp-json\/wp\/v2\/media\/16623"}],"wp:attachment":[{"href":"https:\/\/cheveuxluxe.com\/index.php\/wp-json\/wp\/v2\/media?parent=27500"}],"wp:term":[{"taxonomy":"pwb-brand","embeddable":true,"href":"https:\/\/cheveuxluxe.com\/index.php\/wp-json\/wp\/v2\/pwb-brand?post=27500"},{"taxonomy":"product_cat","embeddable":true,"href":"https:\/\/cheveuxluxe.com\/index.php\/wp-json\/wp\/v2\/product_cat?post=27500"},{"taxonomy":"product_tag","embeddable":true,"href":"https:\/\/cheveuxluxe.com\/index.php\/wp-json\/wp\/v2\/product_tag?post=27500"}],"curies":[{"name":"wp","href":"https:\/\/api.w.org\/{rel}","templated":true}]}}