{"id":27537,"date":"2024-04-09T20:55:18","date_gmt":"2024-04-09T20:55:18","guid":{"rendered":"https:\/\/cheveuxluxe.com\/index.php\/product\/original-ciseaux-sculpteurs-ci-eco-effi-6\/"},"modified":"2024-04-13T14:24:01","modified_gmt":"2024-04-13T14:24:01","slug":"original-ciseaux-sculpteurs-ci-eco-effi-6","status":"publish","type":"product","link":"https:\/\/cheveuxluxe.com\/index.php\/product\/original-ciseaux-sculpteurs-ci-eco-effi-6\/","title":{"rendered":"Original Ciseaux Sculpteurs CI Eco Effi 6"},"content":{"rendered":"<div class=\"product-content_bottom\">\n<div class=\"pdp-info\">\n<div class=\"pdp-tabs tab-container\">\n<div class=\"tab js-tab\">\n<h3 class=\"tab-title pdp-tabs_title js-tab-mobile-title open\"><span>Points cl\u00e9s<\/span><\/h3>\n<div class=\"tab-description pdp-tabs_description js-tab-description open\" itemprop=\"description\">\n<ul>\n<li>Ciseaux sculpteurs droits <\/li>\n<li>1 lame micro-dent\u00e9e<\/li>\n<li>1 lame \u00e0 effiler<\/li>\n<\/ul>\n<\/div>\n<\/div>\n<div class=\"tab js-tab\">\n<h3 class=\"tab-title pdp-tabs_title js-tab-mobile-title\"><span>Description<\/span><\/h3>\n<div class=\"tab-description pdp-tabs_description js-tab-description\" itemprop=\"description\">Ciseaux sculpteurs droits &#8211; 1 lame micro-dent\u00e9e &#8211; 1 lame \u00e0 effiler.<\/div>\n<\/div>\n<div class=\"tab js-tab\">\n<h3 class=\"tab-title pdp-tabs_title js-tab-mobile-title\"><span>Mode d&#8217;emploi<\/span><\/h3>\n<div class=\"tab-description pdp-tabs_description js-tab-description\">\u2013\u00a0Apr\u00e8s avoir lav\u00e9 et essor\u00e9 les cheveux, d\u00e9m\u00ealez-les soigneusement.\u2013\u00a0Prenez les ciseaux Sculpteurs Eco 6 30 dents d\u2019Original en main en veillant \u00e0 bien positionner vos doigts pour un confort d\u2019utilisation optimal.\u2013\u00a0Proc\u00e9dez \u00e0 la coupe.\u2013\u00a0\u00c9liminez ensuite les r\u00e9sidus de cheveux, puis d\u00e9sinfectez les lames \u00e0 l\u2019aide d\u2019une solution adapt\u00e9e.\u2013\u00a0Appliquez de temps \u00e0 autre une goutte d\u2019huile lubrifiante.<\/div>\n<\/div>\n<div class=\"tab js-tab\">\n<h3 class=\"tab-title pdp-tabs_title js-tab-mobile-title\"><span>Livraison et stock<\/span><\/h3>\n<div class=\"tab-description pdp-tabs_description js-tab-description\">\n<div class=\"pdp-delivery_info\">\n<div class=\"content-asset\">Livraison et d\u00e9laisRetours et remboursements<\/div>\n<\/div>\n<\/div>\n<\/div>\n<div class=\"tab js-tab\">\n<h3 class=\"tab-title pdp-tabs_title js-tab-mobile-title\"><span>Pr\u00e9cautions d&#8217;emploi<\/span><\/h3>\n<div class=\"tab-description pdp-tabs_description js-tab-description\">Au\u00dferhalb der Reichweite von Kindern aufbewahren.<\/div>\n<\/div>\n<\/div>\n<\/div>\n<\/div>\n","protected":false},"excerpt":{"rendered":"<p>Points cl\u00e9s Ciseaux sculpteurs droits 1 lame micro-dent\u00e9e 1 lame \u00e0 effiler Description Ciseaux sculpteurs&hellip;<\/p>\n","protected":false},"featured_media":16757,"comment_status":"open","ping_status":"closed","template":"","meta":[],"pwb-brand":[674],"product_cat":[612],"product_tag":[613,426,127],"class_list":{"0":"post-27537","1":"product","2":"type-product","3":"status-publish","4":"has-post-thumbnail","6":"pwb-brand-original","7":"product_cat-essentiels-coiffure-pour-etudiants","8":"product_tag-essentiels-coiffure-pour-etudiants","9":"product_tag-original","10":"product_tag-shampooing-et-coiffure","12":"first","13":"instock","14":"taxable","15":"shipping-taxable","16":"purchasable","17":"product-type-simple","18":"layout-style-3","19":"col-md-4 col-sm-4 col-xs-6","20":"col-lg-3","21":"product-has-gallery","22":"product-style-default"},"aioseo_notices":[],"brands":[{"id":674,"name":"Original","slug":"original"}],"_links":{"self":[{"href":"https:\/\/cheveuxluxe.com\/index.php\/wp-json\/wp\/v2\/product\/27537","targetHints":{"allow":["GET"]}}],"collection":[{"href":"https:\/\/cheveuxluxe.com\/index.php\/wp-json\/wp\/v2\/product"}],"about":[{"href":"https:\/\/cheveuxluxe.com\/index.php\/wp-json\/wp\/v2\/types\/product"}],"replies":[{"embeddable":true,"href":"https:\/\/cheveuxluxe.com\/index.php\/wp-json\/wp\/v2\/comments?post=27537"}],"version-history":[{"count":0,"href":"https:\/\/cheveuxluxe.com\/index.php\/wp-json\/wp\/v2\/product\/27537\/revisions"}],"wp:featuredmedia":[{"embeddable":true,"href":"https:\/\/cheveuxluxe.com\/index.php\/wp-json\/wp\/v2\/media\/16757"}],"wp:attachment":[{"href":"https:\/\/cheveuxluxe.com\/index.php\/wp-json\/wp\/v2\/media?parent=27537"}],"wp:term":[{"taxonomy":"pwb-brand","embeddable":true,"href":"https:\/\/cheveuxluxe.com\/index.php\/wp-json\/wp\/v2\/pwb-brand?post=27537"},{"taxonomy":"product_cat","embeddable":true,"href":"https:\/\/cheveuxluxe.com\/index.php\/wp-json\/wp\/v2\/product_cat?post=27537"},{"taxonomy":"product_tag","embeddable":true,"href":"https:\/\/cheveuxluxe.com\/index.php\/wp-json\/wp\/v2\/product_tag?post=27537"}],"curies":[{"name":"wp","href":"https:\/\/api.w.org\/{rel}","templated":true}]}}