{"id":27541,"date":"2024-04-09T20:55:28","date_gmt":"2024-04-09T20:55:28","guid":{"rendered":"https:\/\/cheveuxluxe.com\/index.php\/product\/barburys-porte-blaireau-plexi\/"},"modified":"2024-04-13T13:42:34","modified_gmt":"2024-04-13T13:42:34","slug":"barburys-porte-blaireau-plexi","status":"publish","type":"product","link":"https:\/\/cheveuxluxe.com\/index.php\/product\/barburys-porte-blaireau-plexi\/","title":{"rendered":"Barburys Porte Blaireau Plexi"},"content":{"rendered":"<div class=\"product-content_bottom\">\n<div class=\"pdp-info\">\n<div class=\"pdp-tabs tab-container\">\n<div class=\"tab js-tab\">\n<h3 class=\"tab-title pdp-tabs_title js-tab-mobile-title\"><span>Description<\/span><\/h3>\n<div class=\"tab-description pdp-tabs_description js-tab-description\" itemprop=\"description\">Support pour blaireau en acrylique pour le rangement de votre blaireau apr\u00e8s rin\u00e7age en bonne et due forme. Vous garderez votre blaireau Barburys en bon \u00e9tat plus longtemps, si vous le rangez sur son support.<\/div>\n<\/div>\n<div class=\"tab js-tab\">\n<h3 class=\"tab-title pdp-tabs_title js-tab-mobile-title\"><span>Livraison et stock<\/span><\/h3>\n<div class=\"tab-description pdp-tabs_description js-tab-description\">\n<div class=\"pdp-delivery_info\">\n<div class=\"content-asset\">Livraison et d\u00e9laisRetours et remboursements<\/div>\n<\/div>\n<\/div>\n<\/div>\n<\/div>\n<\/div>\n<\/div>\n","protected":false},"excerpt":{"rendered":"<p>Description Support pour blaireau en acrylique pour le rangement de votre blaireau apr\u00e8s rin\u00e7age en&hellip;<\/p>\n","protected":false},"featured_media":16694,"comment_status":"open","ping_status":"closed","template":"","meta":[],"pwb-brand":[632],"product_cat":[415,416],"product_tag":[429,417,177,418],"class_list":{"0":"post-27541","1":"product","2":"type-product","3":"status-publish","4":"has-post-thumbnail","6":"pwb-brand-barburys","7":"product_cat-ciseaux","8":"product_cat-lames-et-rasoirs","9":"product_tag-barburys","10":"product_tag-ciseaux","11":"product_tag-electro-et-materiel","12":"product_tag-lames-et-rasoirs","14":"first","15":"instock","16":"taxable","17":"shipping-taxable","18":"purchasable","19":"product-type-simple","20":"layout-style-3","21":"col-md-4 col-sm-4 col-xs-6","22":"col-lg-3","23":"product-style-default"},"aioseo_notices":[],"brands":[{"id":632,"name":"Barburys","slug":"barburys"}],"_links":{"self":[{"href":"https:\/\/cheveuxluxe.com\/index.php\/wp-json\/wp\/v2\/product\/27541","targetHints":{"allow":["GET"]}}],"collection":[{"href":"https:\/\/cheveuxluxe.com\/index.php\/wp-json\/wp\/v2\/product"}],"about":[{"href":"https:\/\/cheveuxluxe.com\/index.php\/wp-json\/wp\/v2\/types\/product"}],"replies":[{"embeddable":true,"href":"https:\/\/cheveuxluxe.com\/index.php\/wp-json\/wp\/v2\/comments?post=27541"}],"version-history":[{"count":0,"href":"https:\/\/cheveuxluxe.com\/index.php\/wp-json\/wp\/v2\/product\/27541\/revisions"}],"wp:featuredmedia":[{"embeddable":true,"href":"https:\/\/cheveuxluxe.com\/index.php\/wp-json\/wp\/v2\/media\/16694"}],"wp:attachment":[{"href":"https:\/\/cheveuxluxe.com\/index.php\/wp-json\/wp\/v2\/media?parent=27541"}],"wp:term":[{"taxonomy":"pwb-brand","embeddable":true,"href":"https:\/\/cheveuxluxe.com\/index.php\/wp-json\/wp\/v2\/pwb-brand?post=27541"},{"taxonomy":"product_cat","embeddable":true,"href":"https:\/\/cheveuxluxe.com\/index.php\/wp-json\/wp\/v2\/product_cat?post=27541"},{"taxonomy":"product_tag","embeddable":true,"href":"https:\/\/cheveuxluxe.com\/index.php\/wp-json\/wp\/v2\/product_tag?post=27541"}],"curies":[{"name":"wp","href":"https:\/\/api.w.org\/{rel}","templated":true}]}}