{"id":27549,"date":"2024-04-09T20:55:32","date_gmt":"2024-04-09T20:55:32","guid":{"rendered":"https:\/\/cheveuxluxe.com\/index.php\/product\/jaguar-ciseaux-de-coupe-off-heron-6-0\/"},"modified":"2024-04-13T13:50:56","modified_gmt":"2024-04-13T13:50:56","slug":"jaguar-ciseaux-de-coupe-off-heron-6-0","status":"publish","type":"product","link":"https:\/\/cheveuxluxe.com\/index.php\/product\/jaguar-ciseaux-de-coupe-off-heron-6-0\/","title":{"rendered":"Jaguar Ciseaux de Coupe Off Heron 6.0&Prime;"},"content":{"rendered":"<div class=\"product-content_bottom\">\n<div class=\"pdp-info\">\n<div class=\"pdp-tabs tab-container\">\n<div class=\"tab js-tab\">\n<h3 class=\"tab-title pdp-tabs_title js-tab-mobile-title open\"><span>Points cl\u00e9s<\/span><\/h3>\n<div class=\"tab-description pdp-tabs_description js-tab-description open\" itemprop=\"description\">\n<ul>\n<li>6.0&Prime; = 15.5 cm<\/li>\n<li>Droitier<\/li>\n<li>Lame trigonale sur la face sup\u00e9rieure pour une grande solidit\u00e9 et un touch\u00e9 extr\u00eamement souple<\/li>\n<li>Design Crane, branches agr\u00e9ables et le repose-doigt forg\u00e9 particuli\u00e8rement ergonomique assurent une position de travail extr\u00eamement d\u00e9tendue<\/li>\n<\/ul>\n<\/div>\n<\/div>\n<div class=\"tab js-tab\">\n<h3 class=\"tab-title pdp-tabs_title js-tab-mobile-title\"><span>Description<\/span><\/h3>\n<div class=\"tab-description pdp-tabs_description js-tab-description\" itemprop=\"description\">DUR\u00c9E DE VIE : Dur\u00e9e de tranchant extr\u00eamement longue gr\u00e2ce \u00e0 l\u2018utilisation de l\u2018acier de qualit\u00e9 forg\u00e9. Le trempage \u00e0 froid \u00e0 -180 \u00b0C lie le carbone dans la structure mol\u00e9culaire et rend ainsi la lame FRIODUR\u00ae plus dure. L\u2018acier est alors extr\u00eamement r\u00e9sistant et peut conserver son tranchant extr\u00eamement longtemps.<\/p>\n<p>FONCTIONNEMENT : La forme \u00e0 haute finition de la lame au centi\u00e8me de millim\u00e8tre pr\u00e8s gr\u00e2ce \u00e0 la technologie de rectification CNC et le proc\u00e9d\u00e9 de dressage BLC (Backlight + Computeraided) ainsi que le syst\u00e8me de vis rajustable, ferm\u00e9 en soi et plat SMART SPIN sont la garantie d\u2018un fonctionnement parfait et incomparable ais\u00e9.<\/p>\n<p>PR\u00c9CISION D\u2019AIGUISAGE : Lames convexes avec tranchants compl\u00e8tement int\u00e9gr\u00e9s et un angle de fil de lame tr\u00e8s pointu pour un tranchant maximal. Convient parfaitement \u00e0 l\u2018effilage gr\u00e2ce \u00e0 la rectification concave et au pon\u00e7age honing DC.<\/p><\/div>\n<\/div>\n<div class=\"tab js-tab\">\n<h3 class=\"tab-title pdp-tabs_title js-tab-mobile-title\"><span>Mode d&#8217;emploi<\/span><\/h3>\n<div class=\"tab-description pdp-tabs_description js-tab-description\">Pour une coupe r\u00e9ussie, travaillez sur des cheveux shampooin\u00e9s, et toujours humides.<br \/>Ainsi, vous homog\u00e9n\u00e9isez les mouvements, visualisez mieux les diff\u00e9rentes longueurs, et les cheveux restent en place.<\/div>\n<\/div>\n<div class=\"tab js-tab\">\n<h3 class=\"tab-title pdp-tabs_title js-tab-mobile-title\"><span>Livraison et stock<\/span><\/h3>\n<div class=\"tab-description pdp-tabs_description js-tab-description\">\n<div class=\"pdp-delivery_info\">\n<div class=\"content-asset\">Livraison et d\u00e9laisRetours et remboursements<\/div>\n<\/div>\n<\/div>\n<\/div>\n<div class=\"tab js-tab\">\n<h3 class=\"tab-title pdp-tabs_title js-tab-mobile-title\"><span>Pr\u00e9cautions d&#8217;emploi<\/span><\/h3>\n<div class=\"tab-description pdp-tabs_description js-tab-description\">Conserver hors de port\u00e9e des enfants.<\/div>\n<\/div>\n<\/div>\n<\/div>\n<\/div>\n","protected":false},"excerpt":{"rendered":"<p>Points cl\u00e9s 6.0&Prime; = 15.5 cm Droitier Lame trigonale sur la face sup\u00e9rieure pour une&hellip;<\/p>\n","protected":false},"featured_media":16724,"comment_status":"open","ping_status":"closed","template":"","meta":[],"pwb-brand":[670],"product_cat":[503],"product_tag":[168,414,169],"class_list":{"0":"post-27549","1":"product","2":"type-product","3":"status-publish","4":"has-post-thumbnail","6":"pwb-brand-jaguar","7":"product_cat-materiel-de-coiffure-equipement-de-salon-22","8":"product_tag-equipement-de-salon","9":"product_tag-jaguar","10":"product_tag-materiel-de-coiffure","12":"first","13":"instock","14":"taxable","15":"shipping-taxable","16":"purchasable","17":"product-type-simple","18":"layout-style-3","19":"col-md-4 col-sm-4 col-xs-6","20":"col-lg-3","21":"product-style-default"},"aioseo_notices":[],"brands":[{"id":670,"name":"Jaguar","slug":"jaguar"}],"_links":{"self":[{"href":"https:\/\/cheveuxluxe.com\/index.php\/wp-json\/wp\/v2\/product\/27549","targetHints":{"allow":["GET"]}}],"collection":[{"href":"https:\/\/cheveuxluxe.com\/index.php\/wp-json\/wp\/v2\/product"}],"about":[{"href":"https:\/\/cheveuxluxe.com\/index.php\/wp-json\/wp\/v2\/types\/product"}],"replies":[{"embeddable":true,"href":"https:\/\/cheveuxluxe.com\/index.php\/wp-json\/wp\/v2\/comments?post=27549"}],"version-history":[{"count":0,"href":"https:\/\/cheveuxluxe.com\/index.php\/wp-json\/wp\/v2\/product\/27549\/revisions"}],"wp:featuredmedia":[{"embeddable":true,"href":"https:\/\/cheveuxluxe.com\/index.php\/wp-json\/wp\/v2\/media\/16724"}],"wp:attachment":[{"href":"https:\/\/cheveuxluxe.com\/index.php\/wp-json\/wp\/v2\/media?parent=27549"}],"wp:term":[{"taxonomy":"pwb-brand","embeddable":true,"href":"https:\/\/cheveuxluxe.com\/index.php\/wp-json\/wp\/v2\/pwb-brand?post=27549"},{"taxonomy":"product_cat","embeddable":true,"href":"https:\/\/cheveuxluxe.com\/index.php\/wp-json\/wp\/v2\/product_cat?post=27549"},{"taxonomy":"product_tag","embeddable":true,"href":"https:\/\/cheveuxluxe.com\/index.php\/wp-json\/wp\/v2\/product_tag?post=27549"}],"curies":[{"name":"wp","href":"https:\/\/api.w.org\/{rel}","templated":true}]}}