{"id":27563,"date":"2024-04-09T20:56:13","date_gmt":"2024-04-09T20:56:13","guid":{"rendered":"https:\/\/cheveuxluxe.com\/index.php\/product\/tondeo-lames-de-rasoir-tss3\/"},"modified":"2024-04-13T13:42:41","modified_gmt":"2024-04-13T13:42:41","slug":"tondeo-lames-de-rasoir-tss3","status":"publish","type":"product","link":"https:\/\/cheveuxluxe.com\/index.php\/product\/tondeo-lames-de-rasoir-tss3\/","title":{"rendered":"Tondeo Lames de Rasoir TSS3"},"content":{"rendered":"<div class=\"product-content_bottom\">\n<div class=\"pdp-info\">\n<div class=\"pdp-tabs tab-container\">\n<div class=\"tab js-tab\">\n<h3 class=\"tab-title pdp-tabs_title js-tab-mobile-title open\"><span>Points cl\u00e9s<\/span><\/h3>\n<div class=\"tab-description pdp-tabs_description js-tab-description open\" itemprop=\"description\">\n<ul>\n<li> Innovation<\/li>\n<li>Lames<\/li>\n<li>Fabriqu\u00e9es en Allemagne<\/li>\n<li>Coupe<\/li>\n<li>Finition <\/li>\n<\/ul>\n<\/div>\n<\/div>\n<div class=\"tab js-tab\">\n<h3 class=\"tab-title pdp-tabs_title js-tab-mobile-title\"><span>Description<\/span><\/h3>\n<div class=\"tab-description pdp-tabs_description js-tab-description\" itemprop=\"description\">Partenaire des coiffeurs, la gamme de produits Tond\u00e9o offre un assortiment de haute qualit\u00e9 et vari\u00e9 d\u2019outils premium. Qu\u2019il s\u2019agisse de ciseaux, de rasoirs ou de tondeuses, Tond\u00e9o propose une solution pour toutes les techniques de coupe.Les Lames de Rasoir M-Line TSS3 sont Longue pour des travaux rationnels des m\u00e8ches larges. Fabriqu\u00e9es en Allemagne, ces lames vous garantissent un fil d&rsquo;un tranchant parfait.<\/div>\n<\/div>\n<div class=\"tab js-tab\">\n<h3 class=\"tab-title pdp-tabs_title js-tab-mobile-title\"><span>Mode d&#8217;emploi<\/span><\/h3>\n<div class=\"tab-description pdp-tabs_description js-tab-description\">Lames de rechange pour Rasoir M-Line TSS3 de Tond\u00e9o.D\u00e9sinfectez la Lame de Rasoir apr\u00e8s chaque client.<\/div>\n<\/div>\n<div class=\"tab js-tab\">\n<h3 class=\"tab-title pdp-tabs_title js-tab-mobile-title\"><span>Livraison et stock<\/span><\/h3>\n<div class=\"tab-description pdp-tabs_description js-tab-description\">\n<div class=\"pdp-delivery_info\">\n<div class=\"content-asset\">Livraison et d\u00e9laisRetours et remboursements<\/div>\n<\/div>\n<\/div>\n<\/div>\n<\/div>\n<\/div>\n<\/div>\n","protected":false},"excerpt":{"rendered":"<p>Points cl\u00e9s Innovation Lames Fabriqu\u00e9es en Allemagne Coupe Finition Description Partenaire des coiffeurs, la gamme&hellip;<\/p>\n","protected":false},"featured_media":27562,"comment_status":"open","ping_status":"closed","template":"","meta":[],"pwb-brand":[669],"product_cat":[415,416],"product_tag":[417,177,418,411],"class_list":{"0":"post-27563","1":"product","2":"type-product","3":"status-publish","4":"has-post-thumbnail","6":"pwb-brand-tondeo","7":"product_cat-ciseaux","8":"product_cat-lames-et-rasoirs","9":"product_tag-ciseaux","10":"product_tag-electro-et-materiel","11":"product_tag-lames-et-rasoirs","12":"product_tag-tondeo","14":"first","15":"instock","16":"taxable","17":"shipping-taxable","18":"purchasable","19":"product-type-simple","20":"layout-style-3","21":"col-md-4 col-sm-4 col-xs-6","22":"col-lg-3","23":"product-style-default"},"aioseo_notices":[],"brands":[{"id":669,"name":"Tondeo","slug":"tondeo"}],"_links":{"self":[{"href":"https:\/\/cheveuxluxe.com\/index.php\/wp-json\/wp\/v2\/product\/27563","targetHints":{"allow":["GET"]}}],"collection":[{"href":"https:\/\/cheveuxluxe.com\/index.php\/wp-json\/wp\/v2\/product"}],"about":[{"href":"https:\/\/cheveuxluxe.com\/index.php\/wp-json\/wp\/v2\/types\/product"}],"replies":[{"embeddable":true,"href":"https:\/\/cheveuxluxe.com\/index.php\/wp-json\/wp\/v2\/comments?post=27563"}],"version-history":[{"count":0,"href":"https:\/\/cheveuxluxe.com\/index.php\/wp-json\/wp\/v2\/product\/27563\/revisions"}],"wp:featuredmedia":[{"embeddable":true,"href":"https:\/\/cheveuxluxe.com\/index.php\/wp-json\/wp\/v2\/media\/27562"}],"wp:attachment":[{"href":"https:\/\/cheveuxluxe.com\/index.php\/wp-json\/wp\/v2\/media?parent=27563"}],"wp:term":[{"taxonomy":"pwb-brand","embeddable":true,"href":"https:\/\/cheveuxluxe.com\/index.php\/wp-json\/wp\/v2\/pwb-brand?post=27563"},{"taxonomy":"product_cat","embeddable":true,"href":"https:\/\/cheveuxluxe.com\/index.php\/wp-json\/wp\/v2\/product_cat?post=27563"},{"taxonomy":"product_tag","embeddable":true,"href":"https:\/\/cheveuxluxe.com\/index.php\/wp-json\/wp\/v2\/product_tag?post=27563"}],"curies":[{"name":"wp","href":"https:\/\/api.w.org\/{rel}","templated":true}]}}