{"id":27565,"date":"2024-04-09T20:56:14","date_gmt":"2024-04-09T20:56:14","guid":{"rendered":"https:\/\/cheveuxluxe.com\/index.php\/product\/jaguar-lames-doubles-de-rasoir-jt2-10pcs\/"},"modified":"2024-04-13T13:42:46","modified_gmt":"2024-04-13T13:42:46","slug":"jaguar-lames-doubles-de-rasoir-jt2-10pcs","status":"publish","type":"product","link":"https:\/\/cheveuxluxe.com\/index.php\/product\/jaguar-lames-doubles-de-rasoir-jt2-10pcs\/","title":{"rendered":"Jaguar Lames Doubles de Rasoir JT2 10pcs"},"content":{"rendered":"<div class=\"product-content_bottom\">\n<div class=\"pdp-info\">\n<div class=\"pdp-tabs tab-container\">\n<div class=\"tab js-tab\">\n<h3 class=\"tab-title pdp-tabs_title js-tab-mobile-title open\"><span>Points cl\u00e9s<\/span><\/h3>\n<div class=\"tab-description pdp-tabs_description js-tab-description open\" itemprop=\"description\">\n<ul>\n<li>10 lames doubles<\/li>\n<li>Acier inoxydable tremp\u00e9s \u00e0 froid<\/li>\n<li>Rev\u00eatement en Platinium et Fluor-Carbon<\/li>\n<li>Longueur de 39.4 millim\u00e8tres<\/li>\n<li>Compatibles avec le rasoir JT2<\/li>\n<\/ul>\n<\/div>\n<\/div>\n<div class=\"tab js-tab\">\n<h3 class=\"tab-title pdp-tabs_title js-tab-mobile-title\"><span>Description<\/span><\/h3>\n<div class=\"tab-description pdp-tabs_description js-tab-description\" itemprop=\"description\">10 lames doubles, acier inoxydable, tremp\u00e9s \u00e0 froid, rev\u00eatement en Platinium et Fluor-Carbon, faciles \u00e0 partager.<\/div>\n<\/div>\n<div class=\"tab js-tab\">\n<h3 class=\"tab-title pdp-tabs_title js-tab-mobile-title\"><span>Mode d&#8217;emploi<\/span><\/h3>\n<div class=\"tab-description pdp-tabs_description js-tab-description\">Les lames se cassent facilement en leur centre et le papier prot\u00e8ge des blessures.<\/div>\n<\/div>\n<div class=\"tab js-tab\">\n<h3 class=\"tab-title pdp-tabs_title js-tab-mobile-title\"><span>Livraison et stock<\/span><\/h3>\n<div class=\"tab-description pdp-tabs_description js-tab-description\">\n<div class=\"pdp-delivery_info\">\n<div class=\"content-asset\">Livraison et d\u00e9laisRetours et remboursements<\/div>\n<\/div>\n<\/div>\n<\/div>\n<div class=\"tab js-tab\">\n<h3 class=\"tab-title pdp-tabs_title js-tab-mobile-title\"><span>Pr\u00e9cautions d&#8217;emploi<\/span><\/h3>\n<div class=\"tab-description pdp-tabs_description js-tab-description\">Conserver hors de port\u00e9e des enfants.<\/div>\n<\/div>\n<\/div>\n<\/div>\n<\/div>\n","protected":false},"excerpt":{"rendered":"<p>Points cl\u00e9s 10 lames doubles Acier inoxydable tremp\u00e9s \u00e0 froid Rev\u00eatement en Platinium et Fluor-Carbon&hellip;<\/p>\n","protected":false},"featured_media":16844,"comment_status":"open","ping_status":"closed","template":"","meta":[],"pwb-brand":[670],"product_cat":[415,416],"product_tag":[417,177,414,418],"class_list":{"0":"post-27565","1":"product","2":"type-product","3":"status-publish","4":"has-post-thumbnail","6":"pwb-brand-jaguar","7":"product_cat-ciseaux","8":"product_cat-lames-et-rasoirs","9":"product_tag-ciseaux","10":"product_tag-electro-et-materiel","11":"product_tag-jaguar","12":"product_tag-lames-et-rasoirs","14":"first","15":"instock","16":"taxable","17":"shipping-taxable","18":"purchasable","19":"product-type-simple","20":"layout-style-3","21":"col-md-4 col-sm-4 col-xs-6","22":"col-lg-3","23":"product-style-default"},"aioseo_notices":[],"brands":[{"id":670,"name":"Jaguar","slug":"jaguar"}],"_links":{"self":[{"href":"https:\/\/cheveuxluxe.com\/index.php\/wp-json\/wp\/v2\/product\/27565","targetHints":{"allow":["GET"]}}],"collection":[{"href":"https:\/\/cheveuxluxe.com\/index.php\/wp-json\/wp\/v2\/product"}],"about":[{"href":"https:\/\/cheveuxluxe.com\/index.php\/wp-json\/wp\/v2\/types\/product"}],"replies":[{"embeddable":true,"href":"https:\/\/cheveuxluxe.com\/index.php\/wp-json\/wp\/v2\/comments?post=27565"}],"version-history":[{"count":0,"href":"https:\/\/cheveuxluxe.com\/index.php\/wp-json\/wp\/v2\/product\/27565\/revisions"}],"wp:featuredmedia":[{"embeddable":true,"href":"https:\/\/cheveuxluxe.com\/index.php\/wp-json\/wp\/v2\/media\/16844"}],"wp:attachment":[{"href":"https:\/\/cheveuxluxe.com\/index.php\/wp-json\/wp\/v2\/media?parent=27565"}],"wp:term":[{"taxonomy":"pwb-brand","embeddable":true,"href":"https:\/\/cheveuxluxe.com\/index.php\/wp-json\/wp\/v2\/pwb-brand?post=27565"},{"taxonomy":"product_cat","embeddable":true,"href":"https:\/\/cheveuxluxe.com\/index.php\/wp-json\/wp\/v2\/product_cat?post=27565"},{"taxonomy":"product_tag","embeddable":true,"href":"https:\/\/cheveuxluxe.com\/index.php\/wp-json\/wp\/v2\/product_tag?post=27565"}],"curies":[{"name":"wp","href":"https:\/\/api.w.org\/{rel}","templated":true}]}}