{"id":27569,"date":"2024-04-09T20:56:15","date_gmt":"2024-04-09T20:56:15","guid":{"rendered":"https:\/\/cheveuxluxe.com\/index.php\/product\/barburys-recipient-razor-wiper-caoutchouc\/"},"modified":"2024-04-13T13:42:48","modified_gmt":"2024-04-13T13:42:48","slug":"barburys-recipient-razor-wiper-caoutchouc","status":"publish","type":"product","link":"https:\/\/cheveuxluxe.com\/index.php\/product\/barburys-recipient-razor-wiper-caoutchouc\/","title":{"rendered":"Barburys R\u00e9cipient Razor-Wiper Caoutchouc"},"content":{"rendered":"<div class=\"product-content_bottom\">\n<div class=\"pdp-info\">\n<div class=\"pdp-tabs tab-container\">\n<div class=\"tab js-tab\">\n<h3 class=\"tab-title pdp-tabs_title js-tab-mobile-title open\"><span>Points cl\u00e9s<\/span><\/h3>\n<div class=\"tab-description pdp-tabs_description js-tab-description open\" itemprop=\"description\">\n<ul>\n<li> Bol en caoutchouc<\/li>\n<li>Ergonomique<\/li>\n<li>Stabilit\u00e9<\/li>\n<li>Long\u00e9vit\u00e9<\/li>\n<li>Rasage <\/li>\n<\/ul>\n<\/div>\n<\/div>\n<div class=\"tab js-tab\">\n<h3 class=\"tab-title pdp-tabs_title js-tab-mobile-title\"><span>Description<\/span><\/h3>\n<div class=\"tab-description pdp-tabs_description js-tab-description\" itemprop=\"description\">Stable, le r\u00e9cipient en caoutchouc Razor-Wiper de Barbury\u2019s by Sibel est un outil pr\u00e9cieux pour tous les barbiers qui veulent travailler efficacement, sans perdre de temps, dans des conditions de propret\u00e9 totales.La forme ergonomique et la mati\u00e8re de ce r\u00e9cipient sont de v\u00e9ritables atouts sur plusieurs points.Le caoutchouc adh\u00e8re de fa\u00e7on naturelle sur toutes les surfaces sur lesquelles on le pose. La bordure ajoute encore \u00e0 son bon \u00e9quilibre. Ainsi, aucun risque qu\u2019il ne glisse au moment de l\u2019essuyage du rasoir. \u00c0 chaque passage sur le bord de la petite coupelle, le rasoir est d\u00e9barrass\u00e9 de toute salissure, comme racl\u00e9.Sa forme ressemble \u00e0 un petit bol et poss\u00e8de une profondeur id\u00e9ale pour recueillir sans peine la mousse et les poils de barbe d\u2019un client.Enfin, il se nettoie en un clin d\u2019\u0153il sous un filet d\u2019eau chaude.<\/div>\n<\/div>\n<div class=\"tab js-tab\">\n<h3 class=\"tab-title pdp-tabs_title js-tab-mobile-title\"><span>Mode d&#8217;emploi<\/span><\/h3>\n<div class=\"tab-description pdp-tabs_description js-tab-description\">Posez le r\u00e9cipient en caoutchouc Razor-Wiper de Barbury\u2019s sur la tablette.Proc\u00e9dez au rasage ou aux finitions de rasage.Essuyez le rasoir sur le bord de la coupelle.Jetez les r\u00e9sidus \u00e9pais et rincez-le sous un filet d\u2019eau ti\u00e8de.Essuyez-le avec un chiffon doux.La gamme Barbury\u2019s by Sibel se d\u00e9cline en mat\u00e9riel de rasage et en produits cosm\u00e9tiques pour tous les barbiers.<\/div>\n<\/div>\n<div class=\"tab js-tab\">\n<h3 class=\"tab-title pdp-tabs_title js-tab-mobile-title\"><span>Livraison et stock<\/span><\/h3>\n<div class=\"tab-description pdp-tabs_description js-tab-description\">\n<div class=\"pdp-delivery_info\">\n<div class=\"content-asset\">Livraison et d\u00e9laisRetours et remboursements<\/div>\n<\/div>\n<\/div>\n<\/div>\n<\/div>\n<\/div>\n<\/div>\n","protected":false},"excerpt":{"rendered":"<p>Points cl\u00e9s Bol en caoutchouc Ergonomique Stabilit\u00e9 Long\u00e9vit\u00e9 Rasage Description Stable, le r\u00e9cipient en caoutchouc&hellip;<\/p>\n","protected":false},"featured_media":16828,"comment_status":"open","ping_status":"closed","template":"","meta":[],"pwb-brand":[632],"product_cat":[415,416],"product_tag":[429,417,177,418],"class_list":{"0":"post-27569","1":"product","2":"type-product","3":"status-publish","4":"has-post-thumbnail","6":"pwb-brand-barburys","7":"product_cat-ciseaux","8":"product_cat-lames-et-rasoirs","9":"product_tag-barburys","10":"product_tag-ciseaux","11":"product_tag-electro-et-materiel","12":"product_tag-lames-et-rasoirs","14":"first","15":"instock","16":"taxable","17":"shipping-taxable","18":"purchasable","19":"product-type-simple","20":"layout-style-3","21":"col-md-4 col-sm-4 col-xs-6","22":"col-lg-3","23":"product-style-default"},"aioseo_notices":[],"brands":[{"id":632,"name":"Barburys","slug":"barburys"}],"_links":{"self":[{"href":"https:\/\/cheveuxluxe.com\/index.php\/wp-json\/wp\/v2\/product\/27569","targetHints":{"allow":["GET"]}}],"collection":[{"href":"https:\/\/cheveuxluxe.com\/index.php\/wp-json\/wp\/v2\/product"}],"about":[{"href":"https:\/\/cheveuxluxe.com\/index.php\/wp-json\/wp\/v2\/types\/product"}],"replies":[{"embeddable":true,"href":"https:\/\/cheveuxluxe.com\/index.php\/wp-json\/wp\/v2\/comments?post=27569"}],"version-history":[{"count":0,"href":"https:\/\/cheveuxluxe.com\/index.php\/wp-json\/wp\/v2\/product\/27569\/revisions"}],"wp:featuredmedia":[{"embeddable":true,"href":"https:\/\/cheveuxluxe.com\/index.php\/wp-json\/wp\/v2\/media\/16828"}],"wp:attachment":[{"href":"https:\/\/cheveuxluxe.com\/index.php\/wp-json\/wp\/v2\/media?parent=27569"}],"wp:term":[{"taxonomy":"pwb-brand","embeddable":true,"href":"https:\/\/cheveuxluxe.com\/index.php\/wp-json\/wp\/v2\/pwb-brand?post=27569"},{"taxonomy":"product_cat","embeddable":true,"href":"https:\/\/cheveuxluxe.com\/index.php\/wp-json\/wp\/v2\/product_cat?post=27569"},{"taxonomy":"product_tag","embeddable":true,"href":"https:\/\/cheveuxluxe.com\/index.php\/wp-json\/wp\/v2\/product_tag?post=27569"}],"curies":[{"name":"wp","href":"https:\/\/api.w.org\/{rel}","templated":true}]}}