{"id":27570,"date":"2024-04-09T20:56:15","date_gmt":"2024-04-09T20:56:15","guid":{"rendered":"https:\/\/cheveuxluxe.com\/index.php\/product\/barburys-cuir-daffutage-a-laloe-vera\/"},"modified":"2024-04-13T13:42:48","modified_gmt":"2024-04-13T13:42:48","slug":"barburys-cuir-daffutage-a-laloe-vera","status":"publish","type":"product","link":"https:\/\/cheveuxluxe.com\/index.php\/product\/barburys-cuir-daffutage-a-laloe-vera\/","title":{"rendered":"Barburys Cuir d\u2019aff\u00fbtage \u00e0 l\u2019Aloe Vera"},"content":{"rendered":"<div class=\"product-content_bottom\">\n<div class=\"pdp-info\">\n<div class=\"pdp-tabs tab-container\">\n<div class=\"tab js-tab\">\n<h3 class=\"tab-title pdp-tabs_title js-tab-mobile-title open\"><span>Points cl\u00e9s<\/span><\/h3>\n<div class=\"tab-description pdp-tabs_description js-tab-description open\" itemprop=\"description\">\n<ul>\n<li>Indispensable pour aff\u00fbter vos rasoirs droits<\/li>\n<li>Offre l\u2019avantage d\u2019offrir une surface rigide pour l\u2019aff\u00fbtage qui peut se faire sur les deux faces<\/li>\n<li>A utiliser avec de la p\u00e2te \u00e0 aiguiser<\/li>\n<li>Comporte une bande de toile contenant de l\u2019aloe vera qui se d\u00e9pose automatiquement sur les lames de votre rasoir lors de l\u2019aff\u00fbtage<\/li>\n<\/ul>\n<\/div>\n<\/div>\n<div class=\"tab js-tab\">\n<h3 class=\"tab-title pdp-tabs_title js-tab-mobile-title\"><span>Description<\/span><\/h3>\n<div class=\"tab-description pdp-tabs_description js-tab-description\" itemprop=\"description\">Un cuir d\u2019aff\u00fbtage est indispensable pour aff\u00fbter vos rasoirs droits. Un cuir d\u2019aff\u00fbtage offre l\u2019avantage d\u2019offrir une surface rigide pour l\u2019aff\u00fbtage qui peut se faire sur les deux faces. A utiliser avec de la p\u00e2te \u00e0 aiguiser, ce qui n\u00e9cessite de bonnes comp\u00e9tences pour obtenir les meilleurs r\u00e9sultats.<\/p>\n<p>Le cuir d\u2019aff\u00fbtage \u00e0 l\u2019Aloe Vera comporte une bande de toile contenant de l\u2019aloe vera qui se d\u00e9pose automatiquement sur les lames de votre rasoir lors de l\u2019aff\u00fbtage.<\/p><\/div>\n<\/div>\n<div class=\"tab js-tab\">\n<h3 class=\"tab-title pdp-tabs_title js-tab-mobile-title\"><span>Livraison et stock<\/span><\/h3>\n<div class=\"tab-description pdp-tabs_description js-tab-description\">\n<div class=\"pdp-delivery_info\">\n<div class=\"content-asset\">Livraison et d\u00e9laisRetours et remboursements<\/div>\n<\/div>\n<\/div>\n<\/div>\n<\/div>\n<\/div>\n<\/div>\n","protected":false},"excerpt":{"rendered":"<p>Points cl\u00e9s Indispensable pour aff\u00fbter vos rasoirs droits Offre l\u2019avantage d\u2019offrir une surface rigide pour&hellip;<\/p>\n","protected":false},"featured_media":16571,"comment_status":"open","ping_status":"closed","template":"","meta":[],"pwb-brand":[632],"product_cat":[415,416],"product_tag":[429,417,177,418],"class_list":{"0":"post-27570","1":"product","2":"type-product","3":"status-publish","4":"has-post-thumbnail","6":"pwb-brand-barburys","7":"product_cat-ciseaux","8":"product_cat-lames-et-rasoirs","9":"product_tag-barburys","10":"product_tag-ciseaux","11":"product_tag-electro-et-materiel","12":"product_tag-lames-et-rasoirs","14":"first","15":"instock","16":"taxable","17":"shipping-taxable","18":"purchasable","19":"product-type-simple","20":"layout-style-3","21":"col-md-4 col-sm-4 col-xs-6","22":"col-lg-3","23":"product-style-default"},"aioseo_notices":[],"brands":[{"id":632,"name":"Barburys","slug":"barburys"}],"_links":{"self":[{"href":"https:\/\/cheveuxluxe.com\/index.php\/wp-json\/wp\/v2\/product\/27570","targetHints":{"allow":["GET"]}}],"collection":[{"href":"https:\/\/cheveuxluxe.com\/index.php\/wp-json\/wp\/v2\/product"}],"about":[{"href":"https:\/\/cheveuxluxe.com\/index.php\/wp-json\/wp\/v2\/types\/product"}],"replies":[{"embeddable":true,"href":"https:\/\/cheveuxluxe.com\/index.php\/wp-json\/wp\/v2\/comments?post=27570"}],"version-history":[{"count":0,"href":"https:\/\/cheveuxluxe.com\/index.php\/wp-json\/wp\/v2\/product\/27570\/revisions"}],"wp:featuredmedia":[{"embeddable":true,"href":"https:\/\/cheveuxluxe.com\/index.php\/wp-json\/wp\/v2\/media\/16571"}],"wp:attachment":[{"href":"https:\/\/cheveuxluxe.com\/index.php\/wp-json\/wp\/v2\/media?parent=27570"}],"wp:term":[{"taxonomy":"pwb-brand","embeddable":true,"href":"https:\/\/cheveuxluxe.com\/index.php\/wp-json\/wp\/v2\/pwb-brand?post=27570"},{"taxonomy":"product_cat","embeddable":true,"href":"https:\/\/cheveuxluxe.com\/index.php\/wp-json\/wp\/v2\/product_cat?post=27570"},{"taxonomy":"product_tag","embeddable":true,"href":"https:\/\/cheveuxluxe.com\/index.php\/wp-json\/wp\/v2\/product_tag?post=27570"}],"curies":[{"name":"wp","href":"https:\/\/api.w.org\/{rel}","templated":true}]}}