{"id":27583,"date":"2024-04-09T20:56:35","date_gmt":"2024-04-09T20:56:35","guid":{"rendered":"https:\/\/cheveuxluxe.com\/index.php\/product\/original-in-double-razoir\/"},"modified":"2024-04-13T14:23:23","modified_gmt":"2024-04-13T14:23:23","slug":"original-in-double-razoir","status":"publish","type":"product","link":"https:\/\/cheveuxluxe.com\/index.php\/product\/original-in-double-razoir\/","title":{"rendered":"Original In Double Razoir"},"content":{"rendered":"<div class=\"product-content_bottom\">\n<div class=\"pdp-info\">\n<div class=\"pdp-tabs tab-container\">\n<div class=\"tab js-tab\">\n<h3 class=\"tab-title pdp-tabs_title js-tab-mobile-title open\"><span>Points cl\u00e9s<\/span><\/h3>\n<div class=\"tab-description pdp-tabs_description js-tab-description open\" itemprop=\"description\">\n<ul>\n<li> Double utilisation<\/li>\n<li>Rasage classique<\/li>\n<li>Effilage<\/li>\n<li>Hygi\u00e9nique <\/li>\n<\/ul>\n<\/div>\n<\/div>\n<div class=\"tab js-tab\">\n<h3 class=\"tab-title pdp-tabs_title js-tab-mobile-title\"><span>Description<\/span><\/h3>\n<div class=\"tab-description pdp-tabs_description js-tab-description\" itemprop=\"description\">Pour un r\u00e9sultat ultra net et pr\u00e9cis, d\u00e9couvrez le rasoir In Double qui finalise la coupe des cheveux courts ou mi-longs, voire longs. D\u2019une action, ce rasoir \u00e0 double utilisation dessine minutieusement les contours de la nuque, des oreilles ou de la t\u00eate avec sa lame inoxydable parfaitement aff\u00fbt\u00e9e. En interchangeant la lame de rasoir avec celle d\u2019effilement, vous r\u00e9duisez l\u2019\u00e9paisseur des cheveux mi-longs \u00e0 longs avec brio !\u00c9galement adapt\u00e9 aux finitions de la barbe, le rasoir In Double trace parfaitement le pourtour du cou, pour un r\u00e9sultat professionnel.Faciles \u00e0 nettoyer, les lames inoxydables tranchantes du rasoir In Double garantissent une hygi\u00e8ne irr\u00e9prochable, pour un service de qualit\u00e9. La prise en main est id\u00e9ale pour rendre les gestes r\u00e9p\u00e9titifs plus confortables.Le rasoir In Double de Sibel\u00ae est livr\u00e9 avec deux porte-lames.<\/div>\n<\/div>\n<div class=\"tab js-tab\">\n<h3 class=\"tab-title pdp-tabs_title js-tab-mobile-title\"><span>Mode d&#8217;emploi<\/span><\/h3>\n<div class=\"tab-description pdp-tabs_description js-tab-description\">Changez le porte-lame en fonction du service \u00e0 r\u00e9aliser: finition de rasage ou effilage. Puis, nettoyez et d\u00e9sinfectez les lames apr\u00e8s chaque client pour garantir une hygi\u00e8ne irr\u00e9prochable.<\/div>\n<\/div>\n<div class=\"tab js-tab\">\n<h3 class=\"tab-title pdp-tabs_title js-tab-mobile-title\"><span>Livraison et stock<\/span><\/h3>\n<div class=\"tab-description pdp-tabs_description js-tab-description\">\n<div class=\"pdp-delivery_info\">\n<div class=\"content-asset\">Livraison et d\u00e9laisRetours et remboursements<\/div>\n<\/div>\n<\/div>\n<\/div>\n<div class=\"tab js-tab\">\n<h3 class=\"tab-title pdp-tabs_title js-tab-mobile-title\"><span>Pr\u00e9cautions d&#8217;emploi<\/span><\/h3>\n<div class=\"tab-description pdp-tabs_description js-tab-description\">Tenir hors de la port\u00e9e des enfants.<\/div>\n<\/div>\n<\/div>\n<\/div>\n<\/div>\n","protected":false},"excerpt":{"rendered":"<p>Points cl\u00e9s Double utilisation Rasage classique Effilage Hygi\u00e9nique Description Pour un r\u00e9sultat ultra net et&hellip;<\/p>\n","protected":false},"featured_media":16661,"comment_status":"open","ping_status":"closed","template":"","meta":[],"pwb-brand":[652],"product_cat":[612],"product_tag":[613,127,342],"class_list":{"0":"post-27583","1":"product","2":"type-product","3":"status-publish","4":"has-post-thumbnail","6":"pwb-brand-sibel","7":"product_cat-essentiels-coiffure-pour-etudiants","8":"product_tag-essentiels-coiffure-pour-etudiants","9":"product_tag-shampooing-et-coiffure","10":"product_tag-sibel","12":"first","13":"instock","14":"taxable","15":"shipping-taxable","16":"purchasable","17":"product-type-simple","18":"layout-style-3","19":"col-md-4 col-sm-4 col-xs-6","20":"col-lg-3","21":"product-style-default"},"aioseo_notices":[],"brands":[{"id":652,"name":"Sibel","slug":"sibel"}],"_links":{"self":[{"href":"https:\/\/cheveuxluxe.com\/index.php\/wp-json\/wp\/v2\/product\/27583","targetHints":{"allow":["GET"]}}],"collection":[{"href":"https:\/\/cheveuxluxe.com\/index.php\/wp-json\/wp\/v2\/product"}],"about":[{"href":"https:\/\/cheveuxluxe.com\/index.php\/wp-json\/wp\/v2\/types\/product"}],"replies":[{"embeddable":true,"href":"https:\/\/cheveuxluxe.com\/index.php\/wp-json\/wp\/v2\/comments?post=27583"}],"version-history":[{"count":0,"href":"https:\/\/cheveuxluxe.com\/index.php\/wp-json\/wp\/v2\/product\/27583\/revisions"}],"wp:featuredmedia":[{"embeddable":true,"href":"https:\/\/cheveuxluxe.com\/index.php\/wp-json\/wp\/v2\/media\/16661"}],"wp:attachment":[{"href":"https:\/\/cheveuxluxe.com\/index.php\/wp-json\/wp\/v2\/media?parent=27583"}],"wp:term":[{"taxonomy":"pwb-brand","embeddable":true,"href":"https:\/\/cheveuxluxe.com\/index.php\/wp-json\/wp\/v2\/pwb-brand?post=27583"},{"taxonomy":"product_cat","embeddable":true,"href":"https:\/\/cheveuxluxe.com\/index.php\/wp-json\/wp\/v2\/product_cat?post=27583"},{"taxonomy":"product_tag","embeddable":true,"href":"https:\/\/cheveuxluxe.com\/index.php\/wp-json\/wp\/v2\/product_tag?post=27583"}],"curies":[{"name":"wp","href":"https:\/\/api.w.org\/{rel}","templated":true}]}}