{"id":27594,"date":"2024-04-09T20:57:08","date_gmt":"2024-04-09T20:57:08","guid":{"rendered":"https:\/\/cheveuxluxe.com\/index.php\/product\/jaguar-ciseaux-sculpteur-6-5-cl-wl-satin-plus-es46-effi\/"},"modified":"2024-04-13T13:50:22","modified_gmt":"2024-04-13T13:50:22","slug":"jaguar-ciseaux-sculpteur-6-5-cl-wl-satin-plus-es46-effi","status":"publish","type":"product","link":"https:\/\/cheveuxluxe.com\/index.php\/product\/jaguar-ciseaux-sculpteur-6-5-cl-wl-satin-plus-es46-effi\/","title":{"rendered":"Jaguar Ciseaux Sculpteur 6.5&Prime; Cl WL Satin Plus ES46 Effi"},"content":{"rendered":"<div class=\"product-content_bottom\">\n<div class=\"pdp-info\">\n<div class=\"pdp-tabs tab-container\">\n<div class=\"tab js-tab\">\n<h3 class=\"tab-title pdp-tabs_title js-tab-mobile-title open\"><span>Points cl\u00e9s<\/span><\/h3>\n<div class=\"tab-description pdp-tabs_description js-tab-description open\" itemprop=\"description\">\n<ul>\n<li>6.5&Prime; = 17.0 cm<\/li>\n<li>Droitier<\/li>\n<li>46 dents \u00e0 effiler avec denture fine pour une sensation douce agr\u00e9able et une coupe pr\u00e9cise<\/li>\n<li>Design classique pour une sensation traditionnelle lors de la coupe<\/li>\n<\/ul>\n<\/div>\n<\/div>\n<div class=\"tab js-tab\">\n<h3 class=\"tab-title pdp-tabs_title js-tab-mobile-title\"><span>Description<\/span><\/h3>\n<div class=\"tab-description pdp-tabs_description js-tab-description\" itemprop=\"description\">DUR\u00c9E DE VIE : Tranchant de longue dur\u00e9e gr\u00e2ce \u00e0 l\u2018utilisation d\u2018un acier de qualit\u00e9 forg\u00e9 et du proc\u00e9d\u00e9 de trempage \u00e0 froid \u00e0 -80 \u00b0C pour une duret\u00e9 renforc\u00e9e.<\/p>\n<p>FONCTIONNEMENT : Forme de lame pr\u00e9cise gr\u00e2ce au proc\u00e9d\u00e9 de dressage et vis VARIO pour un tr\u00e8s bon fonctionnement ais\u00e9. La vis VARIO peut tout simplement \u00eatre rajust\u00e9 avec une pi\u00e8ce de monnaie.<\/p>\n<p>PR\u00c9CISION D\u2019AIGUISAGE : Lames classiques avec un angle de fil de lame plat pour un tr\u00e8s bon tranchant. Convient particuli\u00e8rement bien \u00e0 l\u2018effilage gr\u00e2ce \u00e0 la rectification concave et au pon\u00e7age honing.<\/p><\/div>\n<\/div>\n<div class=\"tab js-tab\">\n<h3 class=\"tab-title pdp-tabs_title js-tab-mobile-title\"><span>Mode d&#8217;emploi<\/span><\/h3>\n<div class=\"tab-description pdp-tabs_description js-tab-description\">Pour une coupe r\u00e9ussie, travaillez sur des cheveux shampooin\u00e9s, et toujours humides.<br \/>Ainsi, vous homog\u00e9n\u00e9isez les mouvements, visualisez mieux les diff\u00e9rentes longueurs, et les cheveux restent en place.<\/div>\n<\/div>\n<div class=\"tab js-tab\">\n<h3 class=\"tab-title pdp-tabs_title js-tab-mobile-title\"><span>Livraison et stock<\/span><\/h3>\n<div class=\"tab-description pdp-tabs_description js-tab-description\">\n<div class=\"pdp-delivery_info\">\n<div class=\"content-asset\">Livraison et d\u00e9laisRetours et remboursements<\/div>\n<\/div>\n<\/div>\n<\/div>\n<div class=\"tab js-tab\">\n<h3 class=\"tab-title pdp-tabs_title js-tab-mobile-title\"><span>Pr\u00e9cautions d&#8217;emploi<\/span><\/h3>\n<div class=\"tab-description pdp-tabs_description js-tab-description\">Conserver hors de port\u00e9e des enfants.<\/div>\n<\/div>\n<\/div>\n<\/div>\n<\/div>\n","protected":false},"excerpt":{"rendered":"<p>Points cl\u00e9s 6.5&Prime; = 17.0 cm Droitier 46 dents \u00e0 effiler avec denture fine pour&hellip;<\/p>\n","protected":false},"featured_media":16681,"comment_status":"open","ping_status":"closed","template":"","meta":[],"pwb-brand":[670],"product_cat":[503],"product_tag":[168,414,169],"class_list":{"0":"post-27594","1":"product","2":"type-product","3":"status-publish","4":"has-post-thumbnail","6":"pwb-brand-jaguar","7":"product_cat-materiel-de-coiffure-equipement-de-salon-22","8":"product_tag-equipement-de-salon","9":"product_tag-jaguar","10":"product_tag-materiel-de-coiffure","12":"first","13":"instock","14":"taxable","15":"shipping-taxable","16":"purchasable","17":"product-type-simple","18":"layout-style-3","19":"col-md-4 col-sm-4 col-xs-6","20":"col-lg-3","21":"product-style-default"},"aioseo_notices":[],"brands":[{"id":670,"name":"Jaguar","slug":"jaguar"}],"_links":{"self":[{"href":"https:\/\/cheveuxluxe.com\/index.php\/wp-json\/wp\/v2\/product\/27594","targetHints":{"allow":["GET"]}}],"collection":[{"href":"https:\/\/cheveuxluxe.com\/index.php\/wp-json\/wp\/v2\/product"}],"about":[{"href":"https:\/\/cheveuxluxe.com\/index.php\/wp-json\/wp\/v2\/types\/product"}],"replies":[{"embeddable":true,"href":"https:\/\/cheveuxluxe.com\/index.php\/wp-json\/wp\/v2\/comments?post=27594"}],"version-history":[{"count":0,"href":"https:\/\/cheveuxluxe.com\/index.php\/wp-json\/wp\/v2\/product\/27594\/revisions"}],"wp:featuredmedia":[{"embeddable":true,"href":"https:\/\/cheveuxluxe.com\/index.php\/wp-json\/wp\/v2\/media\/16681"}],"wp:attachment":[{"href":"https:\/\/cheveuxluxe.com\/index.php\/wp-json\/wp\/v2\/media?parent=27594"}],"wp:term":[{"taxonomy":"pwb-brand","embeddable":true,"href":"https:\/\/cheveuxluxe.com\/index.php\/wp-json\/wp\/v2\/pwb-brand?post=27594"},{"taxonomy":"product_cat","embeddable":true,"href":"https:\/\/cheveuxluxe.com\/index.php\/wp-json\/wp\/v2\/product_cat?post=27594"},{"taxonomy":"product_tag","embeddable":true,"href":"https:\/\/cheveuxluxe.com\/index.php\/wp-json\/wp\/v2\/product_tag?post=27594"}],"curies":[{"name":"wp","href":"https:\/\/api.w.org\/{rel}","templated":true}]}}