{"id":27595,"date":"2024-04-09T20:57:08","date_gmt":"2024-04-09T20:57:08","guid":{"rendered":"https:\/\/cheveuxluxe.com\/index.php\/product\/jaguar-ciseaux-de-coupe-gaucher-5-25-relax\/"},"modified":"2024-04-13T14:24:09","modified_gmt":"2024-04-13T14:24:09","slug":"jaguar-ciseaux-de-coupe-gaucher-5-25-relax","status":"publish","type":"product","link":"https:\/\/cheveuxluxe.com\/index.php\/product\/jaguar-ciseaux-de-coupe-gaucher-5-25-relax\/","title":{"rendered":"Jaguar Ciseaux de Coupe Gaucher 5.25&Prime; Relax"},"content":{"rendered":"<div class=\"product-content_bottom\">\n<div class=\"pdp-info\">\n<div class=\"pdp-tabs tab-container\">\n<div class=\"tab js-tab\">\n<h3 class=\"tab-title pdp-tabs_title js-tab-mobile-title open\"><span>Points cl\u00e9s<\/span><\/h3>\n<div class=\"tab-description pdp-tabs_description js-tab-description open\" itemprop=\"description\">\n<ul>\n<li>5.25&Prime; = 13.5 cm<\/li>\n<li>Gaucher<\/li>\n<li>Design Offset pour une position de manche ergonomique et un travail d\u00e9tendu<\/li>\n<li>Finition satin\u00e9e<\/li>\n<li>40 dents \u00e0 effiler<\/li>\n<\/ul>\n<\/div>\n<\/div>\n<div class=\"tab js-tab\">\n<h3 class=\"tab-title pdp-tabs_title js-tab-mobile-title\"><span>Description<\/span><\/h3>\n<div class=\"tab-description pdp-tabs_description js-tab-description\" itemprop=\"description\">Ciseaux gauchers en Design Offset pour une position de manche ergonomique et un travail d\u00e9tendu.<\/p>\n<p>Une lame micro dent\u00e9e.<br \/>Finition satin\u00e9e.<br \/>Ciseaux sculpteur avec 40 dents \u00e0 effiler.<\/div>\n<\/div>\n<div class=\"tab js-tab\">\n<h3 class=\"tab-title pdp-tabs_title js-tab-mobile-title\"><span>Mode d&#8217;emploi<\/span><\/h3>\n<div class=\"tab-description pdp-tabs_description js-tab-description\">Pour une coupe r\u00e9ussie, travaillez sur des cheveux shampooin\u00e9s, et toujours humides.<br \/>Ainsi, vous homog\u00e9n\u00e9isez les mouvements, visualisez mieux les diff\u00e9rentes longueurs, et les cheveux restent en place.<\/div>\n<\/div>\n<div class=\"tab js-tab\">\n<h3 class=\"tab-title pdp-tabs_title js-tab-mobile-title\"><span>Livraison et stock<\/span><\/h3>\n<div class=\"tab-description pdp-tabs_description js-tab-description\">\n<div class=\"pdp-delivery_info\">\n<div class=\"content-asset\">Livraison et d\u00e9laisRetours et remboursements<\/div>\n<\/div>\n<\/div>\n<\/div>\n<\/div>\n<\/div>\n<\/div>\n","protected":false},"excerpt":{"rendered":"<p>Points cl\u00e9s 5.25&Prime; = 13.5 cm Gaucher Design Offset pour une position de manche ergonomique&hellip;<\/p>\n","protected":false},"featured_media":16600,"comment_status":"open","ping_status":"closed","template":"","meta":[],"pwb-brand":[670],"product_cat":[612],"product_tag":[613,414,127],"class_list":{"0":"post-27595","1":"product","2":"type-product","3":"status-publish","4":"has-post-thumbnail","6":"pwb-brand-jaguar","7":"product_cat-essentiels-coiffure-pour-etudiants","8":"product_tag-essentiels-coiffure-pour-etudiants","9":"product_tag-jaguar","10":"product_tag-shampooing-et-coiffure","12":"first","13":"instock","14":"taxable","15":"shipping-taxable","16":"purchasable","17":"product-type-simple","18":"layout-style-3","19":"col-md-4 col-sm-4 col-xs-6","20":"col-lg-3","21":"product-style-default"},"aioseo_notices":[],"brands":[{"id":670,"name":"Jaguar","slug":"jaguar"}],"_links":{"self":[{"href":"https:\/\/cheveuxluxe.com\/index.php\/wp-json\/wp\/v2\/product\/27595","targetHints":{"allow":["GET"]}}],"collection":[{"href":"https:\/\/cheveuxluxe.com\/index.php\/wp-json\/wp\/v2\/product"}],"about":[{"href":"https:\/\/cheveuxluxe.com\/index.php\/wp-json\/wp\/v2\/types\/product"}],"replies":[{"embeddable":true,"href":"https:\/\/cheveuxluxe.com\/index.php\/wp-json\/wp\/v2\/comments?post=27595"}],"version-history":[{"count":0,"href":"https:\/\/cheveuxluxe.com\/index.php\/wp-json\/wp\/v2\/product\/27595\/revisions"}],"wp:featuredmedia":[{"embeddable":true,"href":"https:\/\/cheveuxluxe.com\/index.php\/wp-json\/wp\/v2\/media\/16600"}],"wp:attachment":[{"href":"https:\/\/cheveuxluxe.com\/index.php\/wp-json\/wp\/v2\/media?parent=27595"}],"wp:term":[{"taxonomy":"pwb-brand","embeddable":true,"href":"https:\/\/cheveuxluxe.com\/index.php\/wp-json\/wp\/v2\/pwb-brand?post=27595"},{"taxonomy":"product_cat","embeddable":true,"href":"https:\/\/cheveuxluxe.com\/index.php\/wp-json\/wp\/v2\/product_cat?post=27595"},{"taxonomy":"product_tag","embeddable":true,"href":"https:\/\/cheveuxluxe.com\/index.php\/wp-json\/wp\/v2\/product_tag?post=27595"}],"curies":[{"name":"wp","href":"https:\/\/api.w.org\/{rel}","templated":true}]}}