{"id":27604,"date":"2024-04-09T20:57:12","date_gmt":"2024-04-09T20:57:12","guid":{"rendered":"https:\/\/cheveuxluxe.com\/index.php\/product\/tondeo-ciseaux-de-coupe-off-premium-mythos-5-5\/"},"modified":"2024-04-13T13:50:28","modified_gmt":"2024-04-13T13:50:28","slug":"tondeo-ciseaux-de-coupe-off-premium-mythos-5-5","status":"publish","type":"product","link":"https:\/\/cheveuxluxe.com\/index.php\/product\/tondeo-ciseaux-de-coupe-off-premium-mythos-5-5\/","title":{"rendered":"Tondeo Ciseaux de Coupe Off Premium Mythos 5.5&Prime;"},"content":{"rendered":"<div class=\"product-content_bottom\">\n<div class=\"pdp-info\">\n<div class=\"pdp-tabs tab-container\">\n<div class=\"tab js-tab\">\n<h3 class=\"tab-title pdp-tabs_title js-tab-mobile-title open\"><span>Points cl\u00e9s<\/span><\/h3>\n<div class=\"tab-description pdp-tabs_description js-tab-description open\" itemprop=\"description\">\n<ul>\n<li>5.5&Prime;<\/li>\n<li>Droitier<\/li>\n<li>Une qualit\u00e9 \u00e9prouv\u00e9e des repose-doigt jusqu\u2019\u00e0 la pointe de la lame en alliage de vanadium exclusif<\/li>\n<li>Super aff\u00fbt\u00e9 gr\u00e2ce \u00e0 une lame convexe, un tranchant int\u00e9gr\u00e9 et des angles de coupe minimum<\/li>\n<li>R\u00e9glable individuel et quasiment autonettoyant gr\u00e2ce \u00e0 la fonction efficace Autocleaner<\/li>\n<li>Design Offset pour une position de manche ergonomique et un travail d\u00e9tendu<\/li>\n<\/ul>\n<\/div>\n<\/div>\n<div class=\"tab js-tab\">\n<h3 class=\"tab-title pdp-tabs_title js-tab-mobile-title\"><span>Description<\/span><\/h3>\n<div class=\"tab-description pdp-tabs_description js-tab-description\" itemprop=\"description\">Il faut absolument d\u00e9couvrir un MYTHOS ! Sentir, couper, plonger dans le monde de la plus haute pr\u00e9cision et de la sensation de coupe souple. On reconna\u00eet alors ce qu\u2019est la perfection. Et tout devient possible. Une qualit\u00e9 \u00e9prouv\u00e9e des repose-doigt jusqu\u2019\u00e0 la pointe de la lame en alliage de vanadium exclusif ! Super aff\u00fbt\u00e9 gr\u00e2ce \u00e0 une lame convexe, un tranchant int\u00e9gr\u00e9 et des angles de coupe minimum. R\u00e9glable individuel et quasiment autonettoyant gr\u00e2ce \u00e0 la fonction efficace Autocleaner. Tel est le MYTHOS !<\/p>\n<p>MYTHOS 5.5 avec le nouveau tranchant int\u00e9gr\u00e9 conblade qui est visiblement aiguis\u00e9 diff\u00e9remment, fa\u00e7onn\u00e9 \u00e0 l\u2019extr\u00eame comme on peut le sentir et donc sensiblement plus vif con\u00e7u et fabriqu\u00e9 \u00e0 la main pour une sensation de coupe sensationnelle et souple.<\/p>\n<p>Wave : Denture Tulip concentrique, \u00e9rod\u00e9e.<br \/>Black : avec rev\u00eatement titane noir raffin\u00e9, tr\u00e8s brillant et hypoallerg\u00e9nique.<\/div>\n<\/div>\n<div class=\"tab js-tab\">\n<h3 class=\"tab-title pdp-tabs_title js-tab-mobile-title\"><span>Livraison et stock<\/span><\/h3>\n<div class=\"tab-description pdp-tabs_description js-tab-description\">\n<div class=\"pdp-delivery_info\">\n<div class=\"content-asset\">Livraison et d\u00e9laisRetours et remboursements<\/div>\n<\/div>\n<\/div>\n<\/div>\n<div class=\"tab js-tab\">\n<h3 class=\"tab-title pdp-tabs_title js-tab-mobile-title\"><span>Pr\u00e9cautions d&#8217;emploi<\/span><\/h3>\n<div class=\"tab-description pdp-tabs_description js-tab-description\">Conserver hors de port\u00e9e des enfants.<\/div>\n<\/div>\n<\/div>\n<\/div>\n<\/div>\n","protected":false},"excerpt":{"rendered":"<p>Points cl\u00e9s 5.5&Prime; Droitier Une qualit\u00e9 \u00e9prouv\u00e9e des repose-doigt jusqu\u2019\u00e0 la pointe de la lame&hellip;<\/p>\n","protected":false},"featured_media":16683,"comment_status":"open","ping_status":"closed","template":"","meta":[],"pwb-brand":[669],"product_cat":[503],"product_tag":[168,169,411],"class_list":{"0":"post-27604","1":"product","2":"type-product","3":"status-publish","4":"has-post-thumbnail","6":"pwb-brand-tondeo","7":"product_cat-materiel-de-coiffure-equipement-de-salon-22","8":"product_tag-equipement-de-salon","9":"product_tag-materiel-de-coiffure","10":"product_tag-tondeo","12":"first","13":"instock","14":"taxable","15":"shipping-taxable","16":"purchasable","17":"product-type-simple","18":"layout-style-3","19":"col-md-4 col-sm-4 col-xs-6","20":"col-lg-3","21":"product-style-default"},"aioseo_notices":[],"brands":[{"id":669,"name":"Tondeo","slug":"tondeo"}],"_links":{"self":[{"href":"https:\/\/cheveuxluxe.com\/index.php\/wp-json\/wp\/v2\/product\/27604","targetHints":{"allow":["GET"]}}],"collection":[{"href":"https:\/\/cheveuxluxe.com\/index.php\/wp-json\/wp\/v2\/product"}],"about":[{"href":"https:\/\/cheveuxluxe.com\/index.php\/wp-json\/wp\/v2\/types\/product"}],"replies":[{"embeddable":true,"href":"https:\/\/cheveuxluxe.com\/index.php\/wp-json\/wp\/v2\/comments?post=27604"}],"version-history":[{"count":0,"href":"https:\/\/cheveuxluxe.com\/index.php\/wp-json\/wp\/v2\/product\/27604\/revisions"}],"wp:featuredmedia":[{"embeddable":true,"href":"https:\/\/cheveuxluxe.com\/index.php\/wp-json\/wp\/v2\/media\/16683"}],"wp:attachment":[{"href":"https:\/\/cheveuxluxe.com\/index.php\/wp-json\/wp\/v2\/media?parent=27604"}],"wp:term":[{"taxonomy":"pwb-brand","embeddable":true,"href":"https:\/\/cheveuxluxe.com\/index.php\/wp-json\/wp\/v2\/pwb-brand?post=27604"},{"taxonomy":"product_cat","embeddable":true,"href":"https:\/\/cheveuxluxe.com\/index.php\/wp-json\/wp\/v2\/product_cat?post=27604"},{"taxonomy":"product_tag","embeddable":true,"href":"https:\/\/cheveuxluxe.com\/index.php\/wp-json\/wp\/v2\/product_tag?post=27604"}],"curies":[{"name":"wp","href":"https:\/\/api.w.org\/{rel}","templated":true}]}}