{"id":27606,"date":"2024-04-09T20:57:29","date_gmt":"2024-04-09T20:57:29","guid":{"rendered":"https:\/\/cheveuxluxe.com\/index.php\/product\/tondeo-tcr-blades\/"},"modified":"2024-04-13T13:42:59","modified_gmt":"2024-04-13T13:42:59","slug":"tondeo-tcr-blades","status":"publish","type":"product","link":"https:\/\/cheveuxluxe.com\/index.php\/product\/tondeo-tcr-blades\/","title":{"rendered":"Tondeo TCR blades"},"content":{"rendered":"<div class=\"product-content_bottom\">\n<div class=\"pdp-info\">\n<div class=\"pdp-tabs tab-container\">\n<div class=\"tab js-tab\">\n<h3 class=\"tab-title pdp-tabs_title js-tab-mobile-title open\"><span>Points cl\u00e9s<\/span><\/h3>\n<div class=\"tab-description pdp-tabs_description js-tab-description open\" itemprop=\"description\">\n<ul>\n<li> 40 mm <\/li>\n<li>Tranchant hors pair <\/li>\n<li>Robuste <\/li>\n<li>Aff\u00fbtage soign\u00e9 <\/li>\n<\/ul>\n<\/div>\n<\/div>\n<div class=\"tab js-tab\">\n<h3 class=\"tab-title pdp-tabs_title js-tab-mobile-title\"><span>Description<\/span><\/h3>\n<div class=\"tab-description pdp-tabs_description js-tab-description\" itemprop=\"description\">Fabriqu\u00e9es en Allemagne, ces lames allient tranchant hors pair et usage s\u00e9curis\u00e9 ! B\u00e9n\u00e9ficiant du savoir-faire de Tondeo\u00ae depuis pr\u00e8s d\u2019un si\u00e8cle, ces lames de 40 mm r\u00e9pondent \u00e0 toutes les exigences des professionnels : robustes tout en \u00e9tant soigneusement aff\u00fbt\u00e9es, elles peuvent \u00eatre utilis\u00e9es pour la coupe comme pour le rasage. Pour un usage simplifi\u00e9 au quotidien, ces lames sont facilement s\u00e9parables, gr\u00e2ce \u00e0 leur scellement au chrome-platine avec une couche de T\u00e9flon. Le secret de conception de Tondeo\u00ae pour un produit de qualit\u00e9 ? Des lames qui sont fabriqu\u00e9es en acier inoxydable, tremp\u00e9 et affin\u00e9 trois fois.Invitez dans votre salon les rasoirs de la gamme M-Line, une ligne d\u2019\u00e9quipements con\u00e7ue pour les professionnels, qui vous promettent un travail pr\u00e9cis et s\u00e9curis\u00e9. Chaque lame vous offre deux utilisations.<\/div>\n<\/div>\n<div class=\"tab js-tab\">\n<h3 class=\"tab-title pdp-tabs_title js-tab-mobile-title\"><span>Mode d&#8217;emploi<\/span><\/h3>\n<div class=\"tab-description pdp-tabs_description js-tab-description\">Laissez les lames dans leur papier protecteur avant de les s\u00e9parer. Cassez en suivant le long de l\u2019axe central, avant d\u2019ouvrir le compartiment du rasoir pour y glisser la moiti\u00e9 de lame.La partie non utilis\u00e9e doit \u00eatre conserv\u00e9e dans son papier protecteur.<\/div>\n<\/div>\n<div class=\"tab js-tab\">\n<h3 class=\"tab-title pdp-tabs_title js-tab-mobile-title\"><span>Livraison et stock<\/span><\/h3>\n<div class=\"tab-description pdp-tabs_description js-tab-description\">\n<div class=\"pdp-delivery_info\">\n<div class=\"content-asset\">Livraison et d\u00e9laisRetours et remboursements<\/div>\n<\/div>\n<\/div>\n<\/div>\n<\/div>\n<\/div>\n<\/div>\n","protected":false},"excerpt":{"rendered":"<p>Points cl\u00e9s 40 mm Tranchant hors pair Robuste Aff\u00fbtage soign\u00e9 Description Fabriqu\u00e9es en Allemagne, ces&hellip;<\/p>\n","protected":false},"featured_media":27605,"comment_status":"open","ping_status":"closed","template":"","meta":[],"pwb-brand":[669],"product_cat":[415,416],"product_tag":[417,177,418,411],"class_list":{"0":"post-27606","1":"product","2":"type-product","3":"status-publish","4":"has-post-thumbnail","6":"pwb-brand-tondeo","7":"product_cat-ciseaux","8":"product_cat-lames-et-rasoirs","9":"product_tag-ciseaux","10":"product_tag-electro-et-materiel","11":"product_tag-lames-et-rasoirs","12":"product_tag-tondeo","14":"first","15":"instock","16":"taxable","17":"shipping-taxable","18":"purchasable","19":"product-type-simple","20":"layout-style-3","21":"col-md-4 col-sm-4 col-xs-6","22":"col-lg-3","23":"product-style-default"},"aioseo_notices":[],"brands":[{"id":669,"name":"Tondeo","slug":"tondeo"}],"_links":{"self":[{"href":"https:\/\/cheveuxluxe.com\/index.php\/wp-json\/wp\/v2\/product\/27606","targetHints":{"allow":["GET"]}}],"collection":[{"href":"https:\/\/cheveuxluxe.com\/index.php\/wp-json\/wp\/v2\/product"}],"about":[{"href":"https:\/\/cheveuxluxe.com\/index.php\/wp-json\/wp\/v2\/types\/product"}],"replies":[{"embeddable":true,"href":"https:\/\/cheveuxluxe.com\/index.php\/wp-json\/wp\/v2\/comments?post=27606"}],"version-history":[{"count":0,"href":"https:\/\/cheveuxluxe.com\/index.php\/wp-json\/wp\/v2\/product\/27606\/revisions"}],"wp:featuredmedia":[{"embeddable":true,"href":"https:\/\/cheveuxluxe.com\/index.php\/wp-json\/wp\/v2\/media\/27605"}],"wp:attachment":[{"href":"https:\/\/cheveuxluxe.com\/index.php\/wp-json\/wp\/v2\/media?parent=27606"}],"wp:term":[{"taxonomy":"pwb-brand","embeddable":true,"href":"https:\/\/cheveuxluxe.com\/index.php\/wp-json\/wp\/v2\/pwb-brand?post=27606"},{"taxonomy":"product_cat","embeddable":true,"href":"https:\/\/cheveuxluxe.com\/index.php\/wp-json\/wp\/v2\/product_cat?post=27606"},{"taxonomy":"product_tag","embeddable":true,"href":"https:\/\/cheveuxluxe.com\/index.php\/wp-json\/wp\/v2\/product_tag?post=27606"}],"curies":[{"name":"wp","href":"https:\/\/api.w.org\/{rel}","templated":true}]}}