{"id":27620,"date":"2024-04-09T20:57:37","date_gmt":"2024-04-09T20:57:37","guid":{"rendered":"https:\/\/cheveuxluxe.com\/index.php\/product\/babyliss-pro-rasoir-metal-double-foil-gunsteel\/"},"modified":"2024-04-13T16:17:30","modified_gmt":"2024-04-13T16:17:30","slug":"babyliss-pro-rasoir-metal-double-foil-gunsteel","status":"publish","type":"product","link":"https:\/\/cheveuxluxe.com\/index.php\/product\/babyliss-pro-rasoir-metal-double-foil-gunsteel\/","title":{"rendered":"BaByliss Pro Rasoir Metal Double Foil Gunsteel"},"content":{"rendered":"<div class=\"product-content_bottom\">\n<div class=\"pdp-info\">\n<div class=\"pdp-tabs tab-container\">\n<div class=\"tab js-tab\">\n<h3 class=\"tab-title pdp-tabs_title js-tab-mobile-title open\"><span>Points cl\u00e9s<\/span><\/h3>\n<div class=\"tab-description pdp-tabs_description js-tab-description open\" itemprop=\"description\">\n<ul>\n<li>Puissant moteur DC rotatif<\/li>\n<li>Batterie NiMH<\/li>\n<li>3 heures d\u2019autonomie atteintes en un temps de charge record de 3 heures<\/li>\n<li>Large zone de rasage de 44 mm<\/li>\n<li>Arr\u00eat automatique \u00e0 la fermeture du capuchon<\/li>\n<\/ul>\n<\/div>\n<\/div>\n<div class=\"tab js-tab\">\n<h3 class=\"tab-title pdp-tabs_title js-tab-mobile-title\"><span>Description<\/span><\/h3>\n<div class=\"tab-description pdp-tabs_description js-tab-description\" itemprop=\"description\">Le rasoir professionnel BaBylissPRO\u00ae4Artists FOILFX02 est une parfaite fusion de luxe, de design et de haute technologie.<\/p>\n<p>Con\u00e7u pour r\u00e9aliser toutes les finitions et les fondus \u00e0 blanc, il permet d\u2019effacer parfaitement les lignes, d\u2019\u00e9galiser et garantit un r\u00e9sultat propre et net.<br \/>Ses grilles flottantes, ultra fines permettent un rasage au plus pr\u00e8s de la peau, sans irritation, en toute s\u00e9r\u00e9nit\u00e9.<\/p>\n<p>Son design tr\u00e8s \u00e9quilibr\u00e9 le rend tr\u00e8s confortable \u00e0 utiliser.<br \/>Son boitier m\u00e9tallique est non seulement \u00e9l\u00e9gant mais \u00e9galement r\u00e9sistant.<br \/>Sa t\u00eate de rasage se d\u00e9tache de mani\u00e8re tr\u00e8s ais\u00e9e afin de permettre un entretien r\u00e9gulier en toute facilit\u00e9. Et apr\u00e8s utilisation, le rasoir s\u2019\u00e9teint seul \u00e0 la seule fermeture du<br \/>capuchon de protection.<\/p>\n<p>Avec le rasoir FOILFX02, vous pouvez r\u00e9aliser des fondus \u00e0 blanc, effacer toute ligne pour un r\u00e9sultat optimal, raser toute une t\u00eate sur un cheveu tr\u00e8s court. Il vous permet d\u2019\u00e9galiser et<br \/>parfaitement nettoyer la nuque, d\u2019\u00e9liminer les poils restants du visage pour un rasage net et une finition parfaite, sans irritation.<br \/>Pourvu d\u2019une batterie NiMH, il fonctionne avec ou sans fil et vous offre jusqu\u2019\u00e0 3 heures d\u2019utilisation en continu apr\u00e8s une charge compl\u00e8te ultra rapide de 3 heures seulement.<br \/>Sa particularit\u00e9 de fonctionner avec ou sans fil vous permettra d\u2019enchainer les clients en salon sans forc\u00e9ment devoir immobiliser l\u2019appareil pour le remettre en charge.<br \/>Son moteur DC ultra rapide et puissant g\u00e9n\u00e8re un vitesse de lames de 11 000 mouvements par minute !<br \/>Sa double t\u00eate de rasage est pourvue de grilles flottantes, ultra fines dont le positionnement d\u00e9cal\u00e9 permet un rasage ultra pr\u00e9cis et d\u2019\u00e9pouser de tr\u00e8s, tr\u00e8s pr\u00e8s les contours de la t\u00eate et du visage.<br \/>Une large zone de rasage de 44 mm vous permettra d\u2019allier rapidit\u00e9 d\u2019ex\u00e9cution et perfection.<\/p>\n<p>Caract\u00e9ristiques<br \/>&#8211; Boitier enti\u00e8rement m\u00e9tallique<br \/>&#8211; Puissant moteur DC rotatif \u2013 11 000 mouvements de lame par minute<br \/>&#8211; Double t\u00eate de rasage flottante \u00e0 grilles ultra fines<br \/>&#8211; Batterie NiMH<br \/>&#8211; 3 heures d\u2019autonomie atteintes en un temps de charge record de 3 heures<br \/>&#8211; Large zone de rasage de 44 mm<br \/>&#8211; Arr\u00eat automatique \u00e0 la fermeture du capuchon<br \/>&#8211; Trousse de protection \u2013 brosse de nettoyage<br \/>&#8211; C\u00e2ble professionnel de 3m<br \/>&#8211; Voltage universel<\/div>\n<\/div>\n<div class=\"tab js-tab\">\n<h3 class=\"tab-title pdp-tabs_title js-tab-mobile-title\"><span>Livraison et stock<\/span><\/h3>\n<div class=\"tab-description pdp-tabs_description js-tab-description\">\n<div class=\"pdp-delivery_info\">\n<div class=\"content-asset\">Livraison et d\u00e9laisRetours et remboursements<\/div>\n<\/div>\n<\/div>\n<\/div>\n<\/div>\n<\/div>\n<\/div>\n","protected":false},"excerpt":{"rendered":"<p>Points cl\u00e9s Puissant moteur DC rotatif Batterie NiMH 3 heures d\u2019autonomie atteintes en un temps&hellip;<\/p>\n","protected":false},"featured_media":16613,"comment_status":"open","ping_status":"closed","template":"","meta":[],"pwb-brand":[629],"product_cat":[471],"product_tag":[405,177,472],"class_list":{"0":"post-27620","1":"product","2":"type-product","3":"status-publish","4":"has-post-thumbnail","6":"pwb-brand-babyliss-pro","7":"product_cat-rasoirs-electriques","8":"product_tag-babyliss-pro","9":"product_tag-electro-et-materiel","10":"product_tag-rasoirs-electriques","12":"first","13":"instock","14":"taxable","15":"shipping-taxable","16":"purchasable","17":"product-type-simple","18":"layout-style-3","19":"col-md-4 col-sm-4 col-xs-6","20":"col-lg-3","21":"product-has-gallery","22":"product-style-default"},"aioseo_notices":[],"brands":[{"id":629,"name":"BaByliss PRO","slug":"babyliss-pro"}],"_links":{"self":[{"href":"https:\/\/cheveuxluxe.com\/index.php\/wp-json\/wp\/v2\/product\/27620","targetHints":{"allow":["GET"]}}],"collection":[{"href":"https:\/\/cheveuxluxe.com\/index.php\/wp-json\/wp\/v2\/product"}],"about":[{"href":"https:\/\/cheveuxluxe.com\/index.php\/wp-json\/wp\/v2\/types\/product"}],"replies":[{"embeddable":true,"href":"https:\/\/cheveuxluxe.com\/index.php\/wp-json\/wp\/v2\/comments?post=27620"}],"version-history":[{"count":0,"href":"https:\/\/cheveuxluxe.com\/index.php\/wp-json\/wp\/v2\/product\/27620\/revisions"}],"wp:featuredmedia":[{"embeddable":true,"href":"https:\/\/cheveuxluxe.com\/index.php\/wp-json\/wp\/v2\/media\/16613"}],"wp:attachment":[{"href":"https:\/\/cheveuxluxe.com\/index.php\/wp-json\/wp\/v2\/media?parent=27620"}],"wp:term":[{"taxonomy":"pwb-brand","embeddable":true,"href":"https:\/\/cheveuxluxe.com\/index.php\/wp-json\/wp\/v2\/pwb-brand?post=27620"},{"taxonomy":"product_cat","embeddable":true,"href":"https:\/\/cheveuxluxe.com\/index.php\/wp-json\/wp\/v2\/product_cat?post=27620"},{"taxonomy":"product_tag","embeddable":true,"href":"https:\/\/cheveuxluxe.com\/index.php\/wp-json\/wp\/v2\/product_tag?post=27620"}],"curies":[{"name":"wp","href":"https:\/\/api.w.org\/{rel}","templated":true}]}}