{"id":27623,"date":"2024-04-09T20:57:38","date_gmt":"2024-04-09T20:57:38","guid":{"rendered":"https:\/\/cheveuxluxe.com\/index.php\/product\/kasho-ciseaux-de-coupe-off-design-master-5-5\/"},"modified":"2024-04-13T13:51:09","modified_gmt":"2024-04-13T13:51:09","slug":"kasho-ciseaux-de-coupe-off-design-master-5-5","status":"publish","type":"product","link":"https:\/\/cheveuxluxe.com\/index.php\/product\/kasho-ciseaux-de-coupe-off-design-master-5-5\/","title":{"rendered":"Kasho Ciseaux de Coupe Off Design Master 5.5&Prime;"},"content":{"rendered":"<div class=\"product-content_bottom\">\n<div class=\"pdp-info\">\n<div class=\"pdp-tabs tab-container\">\n<div class=\"tab js-tab\">\n<h3 class=\"tab-title pdp-tabs_title js-tab-mobile-title open\"><span>Points cl\u00e9s<\/span><\/h3>\n<div class=\"tab-description pdp-tabs_description js-tab-description open\" itemprop=\"description\">\n<ul>\n<li>5.5&Prime;<\/li>\n<li>Mod\u00e8les d\u00e9sax\u00e9s de forme ergonomique<\/li>\n<li>Vis \u00e0 cliquet<\/li>\n<\/ul>\n<\/div>\n<\/div>\n<div class=\"tab js-tab\">\n<h3 class=\"tab-title pdp-tabs_title js-tab-mobile-title\"><span>Description<\/span><\/h3>\n<div class=\"tab-description pdp-tabs_description js-tab-description\" itemprop=\"description\">La s\u00e9rie Design Master de Kasho est consid\u00e9r\u00e9e comme le mod\u00e8le d\u2019introduction de la marque Kasho. La vis \u00e0 cliquet permet un r\u00e9glage de tension variable. La s\u00e9rie Design Master est disponible dans les mod\u00e8les droits, ou d\u00e9sax\u00e9s de forme ergonomique. Les lames semi convexes poss\u00e8dent une finition satin.<\/div>\n<\/div>\n<div class=\"tab js-tab\">\n<h3 class=\"tab-title pdp-tabs_title js-tab-mobile-title\"><span>Livraison et stock<\/span><\/h3>\n<div class=\"tab-description pdp-tabs_description js-tab-description\">\n<div class=\"pdp-delivery_info\">\n<div class=\"content-asset\">Livraison et d\u00e9laisRetours et remboursements<\/div>\n<\/div>\n<\/div>\n<\/div>\n<div class=\"tab js-tab\">\n<h3 class=\"tab-title pdp-tabs_title js-tab-mobile-title\"><span>Pr\u00e9cautions d&#8217;emploi<\/span><\/h3>\n<div class=\"tab-description pdp-tabs_description js-tab-description\">Conserver hors de port\u00e9e des enfants.<\/div>\n<\/div>\n<\/div>\n<\/div>\n<\/div>\n","protected":false},"excerpt":{"rendered":"<p>Points cl\u00e9s 5.5&Prime; Mod\u00e8les d\u00e9sax\u00e9s de forme ergonomique Vis \u00e0 cliquet Description La s\u00e9rie Design&hellip;<\/p>\n","protected":false},"featured_media":16763,"comment_status":"open","ping_status":"closed","template":"","meta":[],"pwb-brand":[676],"product_cat":[503],"product_tag":[168,431,169],"class_list":{"0":"post-27623","1":"product","2":"type-product","3":"status-publish","4":"has-post-thumbnail","6":"pwb-brand-kasho","7":"product_cat-materiel-de-coiffure-equipement-de-salon-22","8":"product_tag-equipement-de-salon","9":"product_tag-kasho","10":"product_tag-materiel-de-coiffure","12":"first","13":"instock","14":"taxable","15":"shipping-taxable","16":"purchasable","17":"product-type-simple","18":"layout-style-3","19":"col-md-4 col-sm-4 col-xs-6","20":"col-lg-3","21":"product-style-default"},"aioseo_notices":[],"brands":[{"id":676,"name":"Kasho","slug":"kasho"}],"_links":{"self":[{"href":"https:\/\/cheveuxluxe.com\/index.php\/wp-json\/wp\/v2\/product\/27623","targetHints":{"allow":["GET"]}}],"collection":[{"href":"https:\/\/cheveuxluxe.com\/index.php\/wp-json\/wp\/v2\/product"}],"about":[{"href":"https:\/\/cheveuxluxe.com\/index.php\/wp-json\/wp\/v2\/types\/product"}],"replies":[{"embeddable":true,"href":"https:\/\/cheveuxluxe.com\/index.php\/wp-json\/wp\/v2\/comments?post=27623"}],"version-history":[{"count":0,"href":"https:\/\/cheveuxluxe.com\/index.php\/wp-json\/wp\/v2\/product\/27623\/revisions"}],"wp:featuredmedia":[{"embeddable":true,"href":"https:\/\/cheveuxluxe.com\/index.php\/wp-json\/wp\/v2\/media\/16763"}],"wp:attachment":[{"href":"https:\/\/cheveuxluxe.com\/index.php\/wp-json\/wp\/v2\/media?parent=27623"}],"wp:term":[{"taxonomy":"pwb-brand","embeddable":true,"href":"https:\/\/cheveuxluxe.com\/index.php\/wp-json\/wp\/v2\/pwb-brand?post=27623"},{"taxonomy":"product_cat","embeddable":true,"href":"https:\/\/cheveuxluxe.com\/index.php\/wp-json\/wp\/v2\/product_cat?post=27623"},{"taxonomy":"product_tag","embeddable":true,"href":"https:\/\/cheveuxluxe.com\/index.php\/wp-json\/wp\/v2\/product_tag?post=27623"}],"curies":[{"name":"wp","href":"https:\/\/api.w.org\/{rel}","templated":true}]}}