{"id":27625,"date":"2024-04-09T20:57:38","date_gmt":"2024-04-09T20:57:38","guid":{"rendered":"https:\/\/cheveuxluxe.com\/index.php\/product\/jaguar-ciseaux-sculpteur-off-silver-line-cj40-plus-effi-5-5\/"},"modified":"2024-04-13T13:51:42","modified_gmt":"2024-04-13T13:51:42","slug":"jaguar-ciseaux-sculpteur-off-silver-line-cj40-plus-effi-5-5","status":"publish","type":"product","link":"https:\/\/cheveuxluxe.com\/index.php\/product\/jaguar-ciseaux-sculpteur-off-silver-line-cj40-plus-effi-5-5\/","title":{"rendered":"Jaguar Ciseaux Sculpteur Off Silver Line CJ40 Plus Effi 5.5"},"content":{"rendered":"<div class=\"product-content_bottom\">\n<div class=\"pdp-info\">\n<div class=\"pdp-tabs tab-container\">\n<div class=\"tab js-tab\">\n<h3 class=\"tab-title pdp-tabs_title js-tab-mobile-title open\"><span>Points cl\u00e9s<\/span><\/h3>\n<div class=\"tab-description pdp-tabs_description js-tab-description open\" itemprop=\"description\">\n<ul>\n<li> Taille : 5,5\u00a0\u00bb<\/li>\n<li>Durable<\/li>\n<li>Denture en prisme<\/li>\n<li>Design offset <\/li>\n<\/ul>\n<\/div>\n<\/div>\n<div class=\"tab js-tab\">\n<h3 class=\"tab-title pdp-tabs_title js-tab-mobile-title\"><span>Description<\/span><\/h3>\n<div class=\"tab-description pdp-tabs_description js-tab-description\" itemprop=\"description\">Au service des coiffeurs depuis 1932, Jaguar\u00ae con\u00e7oit des outils professionnels \u00e0 la dur\u00e9e de vie exceptionnelle. R\u00e9sistance et durabilit\u00e9, deux termes qui d\u00e9finissent la qualit\u00e9 des lames Friodur de cette paire de ciseaux d\u2019effilage : avec le trempage \u00e0 froid, l\u2019acier conserve son tranchant plus longtemps. Forg\u00e9e dans un alliage d\u2019acier ultra robuste, sa denture en prisme est dot\u00e9e de 40 fines dents \u00e0 effiler pour une sensation de souplesse \u00e0 chaque fermeture.Les ciseaux Sculpteurs effilent dans la masse et enl\u00e8vent de la mati\u00e8re. Vous pouvez ainsi obtenir une coupe enti\u00e8re tr\u00e8s effil\u00e9e avec un style fondu.Les deux anneaux au design offset de ces ciseaux soulagent vos muscles des mouvements r\u00e9p\u00e9titifs. De m\u00eame que son anneau de pouce coud\u00e9, qui r\u00e9duit les frottements et apporte un contr\u00f4le absolu de votre ouvrage. Avec la paire de ciseaux d\u2019effilage Silver Line CJ40 Plus, alliez confort et performance !<\/div>\n<\/div>\n<div class=\"tab js-tab\">\n<h3 class=\"tab-title pdp-tabs_title js-tab-mobile-title\"><span>Mode d&#8217;emploi<\/span><\/h3>\n<div class=\"tab-description pdp-tabs_description js-tab-description\">Sur cheveux propres et secs, proc\u00e9dez \u00e0 l\u2019effilage, m\u00e8che par m\u00e8che en enlevant la m\u00eame quantit\u00e9 de cheveux tout autour de la t\u00eate.Apr\u00e8s chaque client, d\u00e9sinfectez soigneusement votre paire de ciseaux Silver Line CJ40 et lubrifiez la jointure des lames.Le conseil de pro : pour un confort d\u2019utilisation maximal, v\u00e9rifiez quotidiennement la tension d\u2019ouverture de votre paire de ciseaux.<\/div>\n<\/div>\n<div class=\"tab js-tab\">\n<h3 class=\"tab-title pdp-tabs_title js-tab-mobile-title\"><span>Livraison et stock<\/span><\/h3>\n<div class=\"tab-description pdp-tabs_description js-tab-description\">\n<div class=\"pdp-delivery_info\">\n<div class=\"content-asset\">Livraison et d\u00e9laisRetours et remboursements<\/div>\n<\/div>\n<\/div>\n<\/div>\n<\/div>\n<\/div>\n<\/div>\n","protected":false},"excerpt":{"rendered":"<p>Points cl\u00e9s Taille : 5,5\u00a0\u00bb Durable Denture en prisme Design offset Description Au service des&hellip;<\/p>\n","protected":false},"featured_media":16880,"comment_status":"open","ping_status":"closed","template":"","meta":[],"pwb-brand":[670],"product_cat":[503],"product_tag":[168,414,169],"class_list":{"0":"post-27625","1":"product","2":"type-product","3":"status-publish","4":"has-post-thumbnail","6":"pwb-brand-jaguar","7":"product_cat-materiel-de-coiffure-equipement-de-salon-22","8":"product_tag-equipement-de-salon","9":"product_tag-jaguar","10":"product_tag-materiel-de-coiffure","12":"first","13":"instock","14":"taxable","15":"shipping-taxable","16":"purchasable","17":"product-type-simple","18":"layout-style-3","19":"col-md-4 col-sm-4 col-xs-6","20":"col-lg-3","21":"product-has-gallery","22":"product-style-default"},"aioseo_notices":[],"brands":[{"id":670,"name":"Jaguar","slug":"jaguar"}],"_links":{"self":[{"href":"https:\/\/cheveuxluxe.com\/index.php\/wp-json\/wp\/v2\/product\/27625","targetHints":{"allow":["GET"]}}],"collection":[{"href":"https:\/\/cheveuxluxe.com\/index.php\/wp-json\/wp\/v2\/product"}],"about":[{"href":"https:\/\/cheveuxluxe.com\/index.php\/wp-json\/wp\/v2\/types\/product"}],"replies":[{"embeddable":true,"href":"https:\/\/cheveuxluxe.com\/index.php\/wp-json\/wp\/v2\/comments?post=27625"}],"version-history":[{"count":0,"href":"https:\/\/cheveuxluxe.com\/index.php\/wp-json\/wp\/v2\/product\/27625\/revisions"}],"wp:featuredmedia":[{"embeddable":true,"href":"https:\/\/cheveuxluxe.com\/index.php\/wp-json\/wp\/v2\/media\/16880"}],"wp:attachment":[{"href":"https:\/\/cheveuxluxe.com\/index.php\/wp-json\/wp\/v2\/media?parent=27625"}],"wp:term":[{"taxonomy":"pwb-brand","embeddable":true,"href":"https:\/\/cheveuxluxe.com\/index.php\/wp-json\/wp\/v2\/pwb-brand?post=27625"},{"taxonomy":"product_cat","embeddable":true,"href":"https:\/\/cheveuxluxe.com\/index.php\/wp-json\/wp\/v2\/product_cat?post=27625"},{"taxonomy":"product_tag","embeddable":true,"href":"https:\/\/cheveuxluxe.com\/index.php\/wp-json\/wp\/v2\/product_tag?post=27625"}],"curies":[{"name":"wp","href":"https:\/\/api.w.org\/{rel}","templated":true}]}}