{"id":27627,"date":"2024-04-09T20:57:39","date_gmt":"2024-04-09T20:57:39","guid":{"rendered":"https:\/\/cheveuxluxe.com\/index.php\/product\/saiza-ciseaux-de-coupe-offset-cobra-5-5\/"},"modified":"2024-04-13T13:51:09","modified_gmt":"2024-04-13T13:51:09","slug":"saiza-ciseaux-de-coupe-offset-cobra-5-5","status":"publish","type":"product","link":"https:\/\/cheveuxluxe.com\/index.php\/product\/saiza-ciseaux-de-coupe-offset-cobra-5-5\/","title":{"rendered":"Sa\u00efza Ciseaux de Coupe Offset Cobra 5.5&Prime;"},"content":{"rendered":"<div class=\"product-content_bottom\">\n<div class=\"pdp-info\">\n<div class=\"pdp-tabs tab-container\">\n<div class=\"tab js-tab\">\n<h3 class=\"tab-title pdp-tabs_title js-tab-mobile-title open\"><span>Points cl\u00e9s<\/span><\/h3>\n<div class=\"tab-description pdp-tabs_description js-tab-description open\" itemprop=\"description\">\n<ul>\n<li>5.5\u201d<\/li>\n<li>Droitier<\/li>\n<li>Acier inoxydable<\/li>\n<li>Repose-doigt amovible<\/li>\n<li>Design Offset pour une position de manche ergonomique et un travail d\u00e9tendu<\/li>\n<li>Vis de tension plate pour un r\u00e9glage facile<\/li>\n<\/ul>\n<\/div>\n<\/div>\n<div class=\"tab js-tab\">\n<h3 class=\"tab-title pdp-tabs_title js-tab-mobile-title\"><span>Description<\/span><\/h3>\n<div class=\"tab-description pdp-tabs_description js-tab-description\" itemprop=\"description\">Les ciseaux Sa\u00efza sont fabriqu\u00e9s avec le meilleur acier inoxydable japonais et sont dot\u00e9s de caract\u00e9ristiques professionnelles telles que des poign\u00e9es ergonomiques d\u00e9cal\u00e9es, des bords convexes pour une coupe en douceur et des lames creuses. Peuvent \u00eatre utilis\u00e9s sur cheveux secs ou humides pour r\u00e9aliser toutes les techniques de coupe classiques.<\/p>\n<p>Ciseaux de coupe de cheveux professionnels pour les stylistes de salon, les esth\u00e9ticiennes et les barbiers.<\/p><\/div>\n<\/div>\n<div class=\"tab js-tab\">\n<h3 class=\"tab-title pdp-tabs_title js-tab-mobile-title\"><span>Livraison et stock<\/span><\/h3>\n<div class=\"tab-description pdp-tabs_description js-tab-description\">\n<div class=\"pdp-delivery_info\">\n<div class=\"content-asset\">Livraison et d\u00e9laisRetours et remboursements<\/div>\n<\/div>\n<\/div>\n<\/div>\n<div class=\"tab js-tab\">\n<h3 class=\"tab-title pdp-tabs_title js-tab-mobile-title\"><span>Pr\u00e9cautions d&#8217;emploi<\/span><\/h3>\n<div class=\"tab-description pdp-tabs_description js-tab-description\">Tenir hors de la port\u00e9e des enfants.<\/div>\n<\/div>\n<\/div>\n<\/div>\n<\/div>\n","protected":false},"excerpt":{"rendered":"<p>Points cl\u00e9s 5.5\u201d Droitier Acier inoxydable Repose-doigt amovible Design Offset pour une position de manche&hellip;<\/p>\n","protected":false},"featured_media":16617,"comment_status":"open","ping_status":"closed","template":"","meta":[],"pwb-brand":[672],"product_cat":[503],"product_tag":[168,169,423],"class_list":{"0":"post-27627","1":"product","2":"type-product","3":"status-publish","4":"has-post-thumbnail","6":"pwb-brand-saiza","7":"product_cat-materiel-de-coiffure-equipement-de-salon-22","8":"product_tag-equipement-de-salon","9":"product_tag-materiel-de-coiffure","10":"product_tag-saiza","12":"first","13":"instock","14":"taxable","15":"shipping-taxable","16":"purchasable","17":"product-type-simple","18":"layout-style-3","19":"col-md-4 col-sm-4 col-xs-6","20":"col-lg-3","21":"product-has-gallery","22":"product-style-default"},"aioseo_notices":[],"brands":[{"id":672,"name":"Saiza","slug":"saiza"}],"_links":{"self":[{"href":"https:\/\/cheveuxluxe.com\/index.php\/wp-json\/wp\/v2\/product\/27627","targetHints":{"allow":["GET"]}}],"collection":[{"href":"https:\/\/cheveuxluxe.com\/index.php\/wp-json\/wp\/v2\/product"}],"about":[{"href":"https:\/\/cheveuxluxe.com\/index.php\/wp-json\/wp\/v2\/types\/product"}],"replies":[{"embeddable":true,"href":"https:\/\/cheveuxluxe.com\/index.php\/wp-json\/wp\/v2\/comments?post=27627"}],"version-history":[{"count":0,"href":"https:\/\/cheveuxluxe.com\/index.php\/wp-json\/wp\/v2\/product\/27627\/revisions"}],"wp:featuredmedia":[{"embeddable":true,"href":"https:\/\/cheveuxluxe.com\/index.php\/wp-json\/wp\/v2\/media\/16617"}],"wp:attachment":[{"href":"https:\/\/cheveuxluxe.com\/index.php\/wp-json\/wp\/v2\/media?parent=27627"}],"wp:term":[{"taxonomy":"pwb-brand","embeddable":true,"href":"https:\/\/cheveuxluxe.com\/index.php\/wp-json\/wp\/v2\/pwb-brand?post=27627"},{"taxonomy":"product_cat","embeddable":true,"href":"https:\/\/cheveuxluxe.com\/index.php\/wp-json\/wp\/v2\/product_cat?post=27627"},{"taxonomy":"product_tag","embeddable":true,"href":"https:\/\/cheveuxluxe.com\/index.php\/wp-json\/wp\/v2\/product_tag?post=27627"}],"curies":[{"name":"wp","href":"https:\/\/api.w.org\/{rel}","templated":true}]}}