{"id":27650,"date":"2024-04-09T20:58:09","date_gmt":"2024-04-09T20:58:09","guid":{"rendered":"https:\/\/cheveuxluxe.com\/index.php\/product\/jaguar-ciseaux-a-effiler-off-whiteline-smart-39-5-5\/"},"modified":"2024-04-13T13:48:05","modified_gmt":"2024-04-13T13:48:05","slug":"jaguar-ciseaux-a-effiler-off-whiteline-smart-39-5-5","status":"publish","type":"product","link":"https:\/\/cheveuxluxe.com\/index.php\/product\/jaguar-ciseaux-a-effiler-off-whiteline-smart-39-5-5\/","title":{"rendered":"Jaguar Ciseaux \u00e0 Effiler Off Whiteline Smart 39 5.5&Prime;"},"content":{"rendered":"<div class=\"product-content_bottom\">\n<div class=\"pdp-info\">\n<div class=\"pdp-tabs tab-container\">\n<div class=\"tab js-tab\">\n<h3 class=\"tab-title pdp-tabs_title js-tab-mobile-title open\"><span>Points cl\u00e9s<\/span><\/h3>\n<div class=\"tab-description pdp-tabs_description js-tab-description open\" itemprop=\"description\">\n<ul>\n<li> Dents effil\u00e9es<\/li>\n<li>Acier tremp\u00e9<\/li>\n<li>Ergonomie<\/li>\n<li>Inoxydables<\/li>\n<li>Grande pr\u00e9cision <\/li>\n<\/ul>\n<\/div>\n<\/div>\n<div class=\"tab js-tab\">\n<h3 class=\"tab-title pdp-tabs_title js-tab-mobile-title\"><span>Description<\/span><\/h3>\n<div class=\"tab-description pdp-tabs_description js-tab-description\" itemprop=\"description\">Avec les ciseaux White Line Smart 39 de Jaguar, vous disposerez d\u2019un instrument professionnel pour r\u00e9aliser facilement des effilages pr\u00e9cis. Ses lames sont dot\u00e9es de 39 dents ultra-fines, qui d\u00e9cuplent les performances de coupe. Fabriqu\u00e9s en acier tremp\u00e9, les ciseaux ont \u00e9t\u00e9 soumis \u00e0 un traitement thermique Friodur\u00ae afin d\u2019\u00e9viter l\u2019oxydation du m\u00e9tal et obtenir une v\u00e9ritable robustesse dans le temps.Le syst\u00e8me de vis Vario maintenant les deux lames peut \u00eatre ais\u00e9ment r\u00e9gl\u00e9 avec un tournevis ou une pi\u00e8ce de monnaie. Vous pouvez ainsi choisir la r\u00e9sistance d\u2019ouverture qui vous convient et adapter votre outil \u00e0 votre mani\u00e8re de travailler.Le design Crane des ciseaux \u00e0 effiler White Line Smart 39 de Jaguar s\u2019adapte parfaitement \u00e0 la forme des doigts et favorise une utilisation confortable au quotidien.<\/div>\n<\/div>\n<div class=\"tab js-tab\">\n<h3 class=\"tab-title pdp-tabs_title js-tab-mobile-title\"><span>Mode d&#8217;emploi<\/span><\/h3>\n<div class=\"tab-description pdp-tabs_description js-tab-description\">Pour prendre soin de vos ciseaux et conserver leur qualit\u00e9 de coupe pendant tr\u00e8s longtemps, pensez \u00e0 les essuyer apr\u00e8s chaque utilisation et \u00e0 les nettoyer en fin de journ\u00e9e.Appliquez r\u00e9guli\u00e8rement une goutte d\u2019huile sur le m\u00e9canisme d\u2019ouverture afin de faciliter la manipulation des ciseaux.Si la lame est ab\u00eem\u00e9e, Jaguar vous propose de la r\u00e9aff\u00fbter afin qu\u2019elle retrouve son tranchant initial.<\/div>\n<\/div>\n<div class=\"tab js-tab\">\n<h3 class=\"tab-title pdp-tabs_title js-tab-mobile-title\"><span>Livraison et stock<\/span><\/h3>\n<div class=\"tab-description pdp-tabs_description js-tab-description\">\n<div class=\"pdp-delivery_info\">\n<div class=\"content-asset\">Livraison et d\u00e9laisRetours et remboursements<\/div>\n<\/div>\n<\/div>\n<\/div>\n<\/div>\n<\/div>\n<\/div>\n","protected":false},"excerpt":{"rendered":"<p>Points cl\u00e9s Dents effil\u00e9es Acier tremp\u00e9 Ergonomie Inoxydables Grande pr\u00e9cision Description Avec les ciseaux White&hellip;<\/p>\n","protected":false},"featured_media":16876,"comment_status":"open","ping_status":"closed","template":"","meta":[],"pwb-brand":[670],"product_cat":[503],"product_tag":[168,414,169],"class_list":{"0":"post-27650","1":"product","2":"type-product","3":"status-publish","4":"has-post-thumbnail","6":"pwb-brand-jaguar","7":"product_cat-materiel-de-coiffure-equipement-de-salon-22","8":"product_tag-equipement-de-salon","9":"product_tag-jaguar","10":"product_tag-materiel-de-coiffure","12":"first","13":"instock","14":"taxable","15":"shipping-taxable","16":"purchasable","17":"product-type-simple","18":"layout-style-3","19":"col-md-4 col-sm-4 col-xs-6","20":"col-lg-3","21":"product-has-gallery","22":"product-style-default"},"aioseo_notices":[],"brands":[{"id":670,"name":"Jaguar","slug":"jaguar"}],"_links":{"self":[{"href":"https:\/\/cheveuxluxe.com\/index.php\/wp-json\/wp\/v2\/product\/27650","targetHints":{"allow":["GET"]}}],"collection":[{"href":"https:\/\/cheveuxluxe.com\/index.php\/wp-json\/wp\/v2\/product"}],"about":[{"href":"https:\/\/cheveuxluxe.com\/index.php\/wp-json\/wp\/v2\/types\/product"}],"replies":[{"embeddable":true,"href":"https:\/\/cheveuxluxe.com\/index.php\/wp-json\/wp\/v2\/comments?post=27650"}],"version-history":[{"count":0,"href":"https:\/\/cheveuxluxe.com\/index.php\/wp-json\/wp\/v2\/product\/27650\/revisions"}],"wp:featuredmedia":[{"embeddable":true,"href":"https:\/\/cheveuxluxe.com\/index.php\/wp-json\/wp\/v2\/media\/16876"}],"wp:attachment":[{"href":"https:\/\/cheveuxluxe.com\/index.php\/wp-json\/wp\/v2\/media?parent=27650"}],"wp:term":[{"taxonomy":"pwb-brand","embeddable":true,"href":"https:\/\/cheveuxluxe.com\/index.php\/wp-json\/wp\/v2\/pwb-brand?post=27650"},{"taxonomy":"product_cat","embeddable":true,"href":"https:\/\/cheveuxluxe.com\/index.php\/wp-json\/wp\/v2\/product_cat?post=27650"},{"taxonomy":"product_tag","embeddable":true,"href":"https:\/\/cheveuxluxe.com\/index.php\/wp-json\/wp\/v2\/product_tag?post=27650"}],"curies":[{"name":"wp","href":"https:\/\/api.w.org\/{rel}","templated":true}]}}